{"id":1,"date":"2024-07-03T22:03:47","date_gmt":"2024-07-03T20:03:47","guid":{"rendered":"http:\/\/127.0.0.1\/?p=1"},"modified":"2024-07-08T08:40:23","modified_gmt":"2024-07-08T06:40:23","slug":"its-me","status":"publish","type":"page","link":"https:\/\/www.podologueelisee.be\/fr\/","title":{"rendered":"Je me pr\u00e9sente"},"content":{"rendered":"<div data-elementor-type=\"wp-post\" data-elementor-id=\"1\" class=\"elementor elementor-1\">\n\t\t\t\t\t\t<section class=\"elementor-section elementor-top-section elementor-element elementor-element-32861607 elementor-section-boxed elementor-section-height-default elementor-section-height-default\" data-id=\"32861607\" data-element_type=\"section\">\n\t\t\t\t\t\t<div class=\"elementor-container elementor-column-gap-default\">\n\t\t\t\t\t<div class=\"elementor-column elementor-col-100 elementor-top-column elementor-element elementor-element-11b1b442\" data-id=\"11b1b442\" data-element_type=\"column\">\n\t\t\t<div class=\"elementor-widget-wrap elementor-element-populated\">\n\t\t\t\t\t\t<div class=\"elementor-element elementor-element-51468eec elementor-widget__width-initial elementor-widget elementor-widget-text-editor\" data-id=\"51468eec\" data-element_type=\"widget\" data-widget_type=\"text-editor.default\">\n\t\t\t\t<div class=\"elementor-widget-container\">\n\t\t\t\t\t\t\t\t\t\n<p><img fetchpriority=\"high\" decoding=\"async\" class=\"alignleft wp-image-512\" src=\"https:\/\/www.podologueelisee.be\/wp-content\/uploads\/2022\/12\/IMG-20230519-WA0027-683x1024.jpg\" alt=\"\" width=\"400\" height=\"600\" srcset=\"https:\/\/www.podologueelisee.be\/wp-content\/uploads\/2022\/12\/IMG-20230519-WA0027-683x1024.jpg 683w, https:\/\/www.podologueelisee.be\/wp-content\/uploads\/2022\/12\/IMG-20230519-WA0027-200x300.jpg 200w, https:\/\/www.podologueelisee.be\/wp-content\/uploads\/2022\/12\/IMG-20230519-WA0027-768x1152.jpg 768w, https:\/\/www.podologueelisee.be\/wp-content\/uploads\/2022\/12\/IMG-20230519-WA0027-1024x1536.jpg 1024w, https:\/\/www.podologueelisee.be\/wp-content\/uploads\/2022\/12\/IMG-20230519-WA0027-8x12.jpg 8w, https:\/\/www.podologueelisee.be\/wp-content\/uploads\/2022\/12\/IMG-20230519-WA0027-40x60.jpg 40w, https:\/\/www.podologueelisee.be\/wp-content\/uploads\/2022\/12\/IMG-20230519-WA0027-1320x1980.jpg 1320w, https:\/\/www.podologueelisee.be\/wp-content\/uploads\/2022\/12\/IMG-20230519-WA0027-600x900.jpg 600w, https:\/\/www.podologueelisee.be\/wp-content\/uploads\/2022\/12\/IMG-20230519-WA0027.jpg 1365w\" sizes=\"(max-width: 400px) 100vw, 400px\" \/>Je suis \u00c9lis\u00e9e Zola, <strong>Podologue- P\u00e9dicure m\u00e9dicale et assistante en pharmacie <\/strong>vivant et exer\u00e7ant en Belgique. Mon parcours est assez atypique, j&#8217;ai entam\u00e9 des \u00e9tudes de <strong>m\u00e9decine<\/strong> en 1998 et en cours de chemin j&#8217;ai pris un virage nomm\u00e9 <strong>Podologie<\/strong>. Apr\u00e8s avoir obtenu le dipl\u00f4me de Podologue- P\u00e9dicure m\u00e9dicale en 2003 et travaill\u00e9 quelque temps j&#8217;ai voulu m&#8217;ouvrir un nouvel horizon qui \u00e9tait la pharmacie<strong>.<\/strong> En 2006 je termine mon cursus et suis dipl\u00f4m\u00e9e <strong>assistante (pr\u00e9paratrice) en pharmacie<\/strong>. J&#8217;exerce alors mes deux professions et apporte \u00e0 mes patients des soins et conseils de qualit\u00e9. J&#8217;ai le bonheur d&#8217;\u00eatre maman en 2014,la peau atopique de ma fille me pousse alors \u00e0 lui pr\u00e9parer une cr\u00e8me corporelle qui non seulement soulage sa dermatite mais aussi l&#8217;hydrate au moins 12h.Ce fut le d\u00e9but d&#8217;une nouvelle aventure .Je suis une <strong>femme engag\u00e9e:<\/strong> je promeus toute initiative portant sur la scolarisation, l&#8217;essor de la femme et le bien-\u00eatre des enfants, la protection de l&#8217;environnement et toute action sociale visant le d\u00e9veloppement.<\/p>\n<p><img decoding=\"async\" class=\"alignnone size-medium wp-image-841\" src=\"https:\/\/www.podologueelisee.be\/wp-content\/uploads\/2024\/06\/WhatsApp-Image-2024-06-26-at-18.08.39-300x297.jpeg\" alt=\"\" width=\"300\" height=\"297\" srcset=\"https:\/\/www.podologueelisee.be\/wp-content\/uploads\/2024\/06\/WhatsApp-Image-2024-06-26-at-18.08.39-300x297.jpeg 300w, https:\/\/www.podologueelisee.be\/wp-content\/uploads\/2024\/06\/WhatsApp-Image-2024-06-26-at-18.08.39-150x150.jpeg 150w, https:\/\/www.podologueelisee.be\/wp-content\/uploads\/2024\/06\/WhatsApp-Image-2024-06-26-at-18.08.39-12x12.jpeg 12w, https:\/\/www.podologueelisee.be\/wp-content\/uploads\/2024\/06\/WhatsApp-Image-2024-06-26-at-18.08.39.jpeg 530w\" sizes=\"(max-width: 300px) 100vw, 300px\" \/><\/p>\n<p><strong> Soucieuse de la plan\u00e8te et entreprenante<\/strong>, j&#8217;ai donc cr\u00e9\u00e9 une gamme de produits soin <strong>NATURELS,VEGAN,SANS PARFUMS,SANS COLORANTS NI CONSERVATEURS<\/strong> enrichies des bien faits des huiles essentielles nomm\u00e9e<strong> ILEIRA <\/strong>dot\u00e9e d&#8217;un <strong>packaging \u00e9co-responsable<\/strong>. Apr\u00e8s toutes les \u00e9tapes n\u00e9cessaires mes produits ont \u00e9t\u00e9 mis sur le march\u00e9 en d\u00e9cembre 2021.Aujourd&#8217;hui j&#8217;ai un site internet qui y est d\u00e9di\u00e9, vous pouvez aussi y prendre Rdv pour vos consultations sur mes diff\u00e9rents sites:<\/p>\n\n<p>1) <strong>Polyclinique Charles Quint \u00e0 Bruxelles: 372 avenue Charles Quint 1083 Ganshoren<\/strong><\/p>\n\n<p>2)<strong> Colfontaine dans la r\u00e9gion de Mons: 62 rue du mar\u00e9chal Joffre 7340 Colfontaine <\/strong><\/p>\n\n<p>Un e-shop vous y est aussi propos\u00e9 et un service de<strong> livraison est assur\u00e9 sur l&#8217;Europe<\/strong>, les autres pays vont bient\u00f4t pouvoir en profiter aussi . Un blog est mis en place , je vous apporte des conseils, infos et nous pouvons donc interagir.<\/p>\n<p>J&#8217;offre \u00e9galement un programme de coaching complet pour vous aider \u00e0 atteindre une sant\u00e9 optimale et un bien-\u00eatre durable. Mon approche int\u00e9grative combine r\u00e9\u00e9quilibrage alimentaire, cure d\u00e9tox, naturopathie, soutien pour la sant\u00e9 mentale par la r\u00e9flexologie et respiration m\u00e9ditative. D\u00e9couvrez avec moi, une sant\u00e9 naturelle et un organisme au meilleur de ses capacit\u00e9s.<\/p>\n<h3>Un programme personnalis\u00e9 pour des r\u00e9sultats excellents<\/h3>\n<p>Pour garantir des r\u00e9sultats exceptionnels, chaque programme de coaching est personnalis\u00e9 en fonction de vos besoins sp\u00e9cifiques. Compl\u00e9tez notre formulaire d\u00e9taill\u00e9 pour m&#8217;aider \u00e0 comprendre vos objectifs et \u00e0 concevoir un plan sur mesure.<\/p>\n<h3>Mes services de coaching<\/h3>\n<h4>R\u00e9\u00e9quilibrage alimentaire<\/h4>\n<p><img decoding=\"async\" class=\"alignnone size-medium wp-image-844\" src=\"https:\/\/www.podologueelisee.be\/wp-content\/uploads\/2024\/06\/WhatsApp-Image-2024-06-26-at-18.08.39-1-300x300.jpeg\" alt=\"\" width=\"300\" height=\"300\" srcset=\"https:\/\/www.podologueelisee.be\/wp-content\/uploads\/2024\/06\/WhatsApp-Image-2024-06-26-at-18.08.39-1-300x300.jpeg 300w, https:\/\/www.podologueelisee.be\/wp-content\/uploads\/2024\/06\/WhatsApp-Image-2024-06-26-at-18.08.39-1-1024x1024.jpeg 1024w, https:\/\/www.podologueelisee.be\/wp-content\/uploads\/2024\/06\/WhatsApp-Image-2024-06-26-at-18.08.39-1-150x150.jpeg 150w, https:\/\/www.podologueelisee.be\/wp-content\/uploads\/2024\/06\/WhatsApp-Image-2024-06-26-at-18.08.39-1-768x768.jpeg 768w, https:\/\/www.podologueelisee.be\/wp-content\/uploads\/2024\/06\/WhatsApp-Image-2024-06-26-at-18.08.39-1-12x12.jpeg 12w, https:\/\/www.podologueelisee.be\/wp-content\/uploads\/2024\/06\/WhatsApp-Image-2024-06-26-at-18.08.39-1-1320x1320.jpeg 1320w, https:\/\/www.podologueelisee.be\/wp-content\/uploads\/2024\/06\/WhatsApp-Image-2024-06-26-at-18.08.39-1-600x600.jpeg 600w, https:\/\/www.podologueelisee.be\/wp-content\/uploads\/2024\/06\/WhatsApp-Image-2024-06-26-at-18.08.39-1.jpeg 1440w\" sizes=\"(max-width: 300px) 100vw, 300px\" \/><\/p>\n<p>Profitez d&#8217;un suivi personnalis\u00e9 bas\u00e9 sur une alimentation riche en plantes, fruits, l\u00e9gumes, vitamines et min\u00e9raux. Ma m\u00e9thode s&#8217;adapte \u00e0 votre rythme de vie, sans r\u00e9gime contraignant ni sensation de faim. Atteignez une perte de poids durable avec une phase de stabilisation et d&#8217;entretien.<\/p>\n<h4>Cure D\u00e9tox<\/h4>\n<p><img loading=\"lazy\" decoding=\"async\" class=\"alignnone size-medium wp-image-889\" src=\"https:\/\/www.podologueelisee.be\/wp-content\/uploads\/2024\/06\/WhatsApp-Image-2024-06-28-at-20.02.29-300x200.jpeg\" alt=\"\" width=\"300\" height=\"200\" srcset=\"https:\/\/www.podologueelisee.be\/wp-content\/uploads\/2024\/06\/WhatsApp-Image-2024-06-28-at-20.02.29-300x200.jpeg 300w, https:\/\/www.podologueelisee.be\/wp-content\/uploads\/2024\/06\/WhatsApp-Image-2024-06-28-at-20.02.29-18x12.jpeg 18w, https:\/\/www.podologueelisee.be\/wp-content\/uploads\/2024\/06\/WhatsApp-Image-2024-06-28-at-20.02.29-370x247.jpeg 370w, https:\/\/www.podologueelisee.be\/wp-content\/uploads\/2024\/06\/WhatsApp-Image-2024-06-28-at-20.02.29-600x400.jpeg 600w, https:\/\/www.podologueelisee.be\/wp-content\/uploads\/2024\/06\/WhatsApp-Image-2024-06-28-at-20.02.29.jpeg 626w\" sizes=\"(max-width: 300px) 100vw, 300px\" \/><\/p>\n<p>\u00c9liminez les toxines de votre corps, boostez votre \u00e9nergie et renforcez votre syst\u00e8me immunitaire gr\u00e2ce \u00e0 ma cure d\u00e9tox. Mes programmes d\u00e9tox sont principalement bas\u00e9s sur des boissons, jus de fruits et l\u00e9gumes personnalis\u00e9s pour r\u00e9pondre \u00e0 vos besoins sp\u00e9cifiques.<\/p>\n<h4>Naturopathie<\/h4>\n<p><img loading=\"lazy\" decoding=\"async\" class=\"alignnone size-medium wp-image-890\" src=\"https:\/\/www.podologueelisee.be\/wp-content\/uploads\/2024\/06\/WhatsApp-Image-2024-06-28-at-20.05.11-300x300.jpeg\" alt=\"\" width=\"300\" height=\"300\" srcset=\"https:\/\/www.podologueelisee.be\/wp-content\/uploads\/2024\/06\/WhatsApp-Image-2024-06-28-at-20.05.11-300x300.jpeg 300w, https:\/\/www.podologueelisee.be\/wp-content\/uploads\/2024\/06\/WhatsApp-Image-2024-06-28-at-20.05.11-150x150.jpeg 150w, https:\/\/www.podologueelisee.be\/wp-content\/uploads\/2024\/06\/WhatsApp-Image-2024-06-28-at-20.05.11-12x12.jpeg 12w, https:\/\/www.podologueelisee.be\/wp-content\/uploads\/2024\/06\/WhatsApp-Image-2024-06-28-at-20.05.11-600x600.jpeg 600w, https:\/\/www.podologueelisee.be\/wp-content\/uploads\/2024\/06\/WhatsApp-Image-2024-06-28-at-20.05.11.jpeg 736w\" sizes=\"(max-width: 300px) 100vw, 300px\" \/><\/p>\n<p>Adoptez une approche naturelle pour am\u00e9liorer votre sant\u00e9 gr\u00e2ce \u00e0 la naturopathie. J&#8217;utilise des m\u00e9thodes naturelles pour pr\u00e9venir et traiter les d\u00e9s\u00e9quilibres, favorisant une sant\u00e9 globale et un bien-\u00eatre optimal.<\/p>\n<h4>Soutien pour la sant\u00e9 mentale par la r\u00e9flexologie<\/h4>\n<p><img loading=\"lazy\" decoding=\"async\" class=\"alignnone size-medium wp-image-891\" src=\"https:\/\/www.podologueelisee.be\/wp-content\/uploads\/2024\/06\/WhatsApp-Image-2024-06-28-at-20.07.41-300x199.jpeg\" alt=\"\" width=\"300\" height=\"199\" srcset=\"https:\/\/www.podologueelisee.be\/wp-content\/uploads\/2024\/06\/WhatsApp-Image-2024-06-28-at-20.07.41-300x199.jpeg 300w, https:\/\/www.podologueelisee.be\/wp-content\/uploads\/2024\/06\/WhatsApp-Image-2024-06-28-at-20.07.41-18x12.jpeg 18w, https:\/\/www.podologueelisee.be\/wp-content\/uploads\/2024\/06\/WhatsApp-Image-2024-06-28-at-20.07.41-370x247.jpeg 370w, https:\/\/www.podologueelisee.be\/wp-content\/uploads\/2024\/06\/WhatsApp-Image-2024-06-28-at-20.07.41-600x399.jpeg 600w, https:\/\/www.podologueelisee.be\/wp-content\/uploads\/2024\/06\/WhatsApp-Image-2024-06-28-at-20.07.41.jpeg 626w\" sizes=\"(max-width: 300px) 100vw, 300px\" \/><\/p>\n<p>La r\u00e9flexologie aide \u00e0 \u00e9quilibrer votre esprit et votre corps, r\u00e9duisant le stress et l&#8217;anxi\u00e9t\u00e9. Mes s\u00e9ances de r\u00e9flexologie cibl\u00e9es stimulent les points r\u00e9flexes pour favoriser un bien-\u00eatre mental et \u00e9motionnel.<\/p>\n<h4>Respiration m\u00e9ditative<\/h4>\n<p><img loading=\"lazy\" decoding=\"async\" class=\"alignnone size-medium wp-image-892\" src=\"https:\/\/www.podologueelisee.be\/wp-content\/uploads\/2024\/06\/WhatsApp-Image-2024-06-28-at-20.08.47-300x200.jpeg\" alt=\"\" width=\"300\" height=\"200\" srcset=\"https:\/\/www.podologueelisee.be\/wp-content\/uploads\/2024\/06\/WhatsApp-Image-2024-06-28-at-20.08.47-300x200.jpeg 300w, https:\/\/www.podologueelisee.be\/wp-content\/uploads\/2024\/06\/WhatsApp-Image-2024-06-28-at-20.08.47-18x12.jpeg 18w, https:\/\/www.podologueelisee.be\/wp-content\/uploads\/2024\/06\/WhatsApp-Image-2024-06-28-at-20.08.47-370x247.jpeg 370w, https:\/\/www.podologueelisee.be\/wp-content\/uploads\/2024\/06\/WhatsApp-Image-2024-06-28-at-20.08.47-600x400.jpeg 600w, https:\/\/www.podologueelisee.be\/wp-content\/uploads\/2024\/06\/WhatsApp-Image-2024-06-28-at-20.08.47.jpeg 626w\" sizes=\"(max-width: 300px) 100vw, 300px\" \/><\/p>\n<p>Apprenez \u00e0 ma\u00eetriser votre respiration pour apaiser votre esprit et am\u00e9liorer votre concentration. Mes s\u00e9ances de respiration m\u00e9ditative vous aident \u00e0 r\u00e9duire le stress, \u00e9quilibrer vos \u00e9motions et am\u00e9liorer votre bien-\u00eatre global.<\/p>\n<h3>Engagez-vous sur le chemin du bien-\u00eatre<\/h3>\n<p>Rejoignez les nombreux clients satisfaits qui ont transform\u00e9 leur vie gr\u00e2ce \u00e0 Ileira Health Coaching. Contactez-nous d\u00e8s aujourd&#8217;hui pour commencer votre parcours vers une vie plus saine et \u00e9panouie.<\/p>\n<p><\/p>\n<p>\u00a0<\/p>\n<p><\/p>\t\t\t\t\t\t\t\t<\/div>\n\t\t\t\t<\/div>\n\t\t\t\t\t<\/div>\n\t\t<\/div>\n\t\t\t\t\t<\/div>\n\t\t<\/section>\n\t\t\t\t<\/div>","protected":false},"excerpt":{"rendered":"<p>Je suis \u00c9lis\u00e9e Zola, Podologue- P\u00e9dicure m\u00e9dicale et assistante en pharmacie, naturopathe et nutrith\u00e9rapeute vivant et exer\u00e7ant en Belgique. Mon parcours est assez atypique, j&#8217;ai entam\u00e9 des \u00e9tudes de m\u00e9decine &hellip; <\/p>","protected":false},"author":4,"featured_media":331,"parent":0,"menu_order":0,"comment_status":"open","ping_status":"open","template":"","meta":{"_monsterinsights_skip_tracking":false,"_monsterinsights_sitenote_active":false,"_monsterinsights_sitenote_note":"","_monsterinsights_sitenote_category":0,"footnotes":""},"class_list":["post-1","page","type-page","status-publish","has-post-thumbnail","hentry"],"aioseo_notices":[],"jetpack_sharing_enabled":true,"_links":{"self":[{"href":"https:\/\/www.podologueelisee.be\/fr\/wp-json\/wp\/v2\/pages\/1","targetHints":{"allow":["GET"]}}],"collection":[{"href":"https:\/\/www.podologueelisee.be\/fr\/wp-json\/wp\/v2\/pages"}],"about":[{"href":"https:\/\/www.podologueelisee.be\/fr\/wp-json\/wp\/v2\/types\/page"}],"author":[{"embeddable":true,"href":"https:\/\/www.podologueelisee.be\/fr\/wp-json\/wp\/v2\/users\/4"}],"replies":[{"embeddable":true,"href":"https:\/\/www.podologueelisee.be\/fr\/wp-json\/wp\/v2\/comments?post=1"}],"version-history":[{"count":31,"href":"https:\/\/www.podologueelisee.be\/fr\/wp-json\/wp\/v2\/pages\/1\/revisions"}],"predecessor-version":[{"id":1039,"href":"https:\/\/www.podologueelisee.be\/fr\/wp-json\/wp\/v2\/pages\/1\/revisions\/1039"}],"wp:featuredmedia":[{"embeddable":true,"href":"https:\/\/www.podologueelisee.be\/fr\/wp-json\/wp\/v2\/media\/331"}],"wp:attachment":[{"href":"https:\/\/www.podologueelisee.be\/fr\/wp-json\/wp\/v2\/media?parent=1"}],"curies":[{"name":"wp","href":"https:\/\/api.w.org\/{rel}","templated":true}]}}