{"id":1279,"date":"2026-03-15T19:46:05","date_gmt":"2026-03-15T18:46:05","guid":{"rendered":"https:\/\/www.podologueelisee.be\/?page_id=1279"},"modified":"2026-05-03T13:44:12","modified_gmt":"2026-05-03T11:44:12","slug":"ileira-animaflow-retreat-sante-et-regulation-physiologique","status":"publish","type":"page","link":"https:\/\/www.podologueelisee.be\/fr\/ileira-animaflow-retreat-sante-et-regulation-physiologique\/","title":{"rendered":"ILEIRA ANIMAFLOW RETREAT : sant\u00e9 et r\u00e9gulation physiologique"},"content":{"rendered":"<p data-start=\"311\" data-end=\"340\"><img fetchpriority=\"high\" decoding=\"async\" class=\"alignnone size-medium wp-image-1281\" src=\"https:\/\/www.podologueelisee.be\/wp-content\/uploads\/2026\/03\/Ileira-RAnimaFlow-Retreat-sante-300x213.jpeg\" alt=\"Ileira AnimaFlow sant\u00e9 et r\u00e9gulation \" width=\"300\" height=\"213\" srcset=\"https:\/\/www.podologueelisee.be\/wp-content\/uploads\/2026\/03\/Ileira-RAnimaFlow-Retreat-sante-300x213.jpeg 300w, https:\/\/www.podologueelisee.be\/wp-content\/uploads\/2026\/03\/Ileira-RAnimaFlow-Retreat-sante-1024x726.jpeg 1024w, https:\/\/www.podologueelisee.be\/wp-content\/uploads\/2026\/03\/Ileira-RAnimaFlow-Retreat-sante-768x544.jpeg 768w, https:\/\/www.podologueelisee.be\/wp-content\/uploads\/2026\/03\/Ileira-RAnimaFlow-Retreat-sante-18x12.jpeg 18w, https:\/\/www.podologueelisee.be\/wp-content\/uploads\/2026\/03\/Ileira-RAnimaFlow-Retreat-sante-600x425.jpeg 600w, https:\/\/www.podologueelisee.be\/wp-content\/uploads\/2026\/03\/Ileira-RAnimaFlow-Retreat-sante.jpeg 1188w\" sizes=\"(max-width: 300px) 100vw, 300px\" \/>\u00a0 <img decoding=\"async\" class=\"alignnone size-medium wp-image-1283\" src=\"https:\/\/www.podologueelisee.be\/wp-content\/uploads\/2026\/03\/Ileira-AnimaFlow-sante-et-regulation-300x213.jpeg\" alt=\"Ileira AnimaFlow sant\u00e9 et r\u00e9gulation\" width=\"300\" height=\"213\" srcset=\"https:\/\/www.podologueelisee.be\/wp-content\/uploads\/2026\/03\/Ileira-AnimaFlow-sante-et-regulation-300x213.jpeg 300w, https:\/\/www.podologueelisee.be\/wp-content\/uploads\/2026\/03\/Ileira-AnimaFlow-sante-et-regulation-1024x728.jpeg 1024w, https:\/\/www.podologueelisee.be\/wp-content\/uploads\/2026\/03\/Ileira-AnimaFlow-sante-et-regulation-768x546.jpeg 768w, https:\/\/www.podologueelisee.be\/wp-content\/uploads\/2026\/03\/Ileira-AnimaFlow-sante-et-regulation-18x12.jpeg 18w, https:\/\/www.podologueelisee.be\/wp-content\/uploads\/2026\/03\/Ileira-AnimaFlow-sante-et-regulation-600x426.jpeg 600w, https:\/\/www.podologueelisee.be\/wp-content\/uploads\/2026\/03\/Ileira-AnimaFlow-sante-et-regulation.jpeg 1189w\" sizes=\"(max-width: 300px) 100vw, 300px\" \/><\/p>\n<p data-start=\"311\" data-end=\"340\"><strong data-start=\"311\" data-end=\"340\">48h d\u2019immersion exclusive<\/strong><\/p>\n<p data-start=\"342\" data-end=\"386\">Offrez-vous une <strong data-start=\"358\" data-end=\"379\">exp\u00e9rience unique<\/strong> pour :<\/p>\n<ul data-start=\"388\" data-end=\"489\">\n<li data-section-id=\"5v4l2i\" data-start=\"388\" data-end=\"421\">\n<p data-start=\"390\" data-end=\"421\">R\u00e9guler votre syst\u00e8me nerveux<\/p>\n<\/li>\n<li data-section-id=\"1fjgua0\" data-start=\"422\" data-end=\"449\">\n<p data-start=\"424\" data-end=\"449\">Restaurer votre \u00e9nergie<\/p>\n<\/li>\n<li data-section-id=\"1dn28qd\" data-start=\"450\" data-end=\"489\">\n<p data-start=\"452\" data-end=\"489\">Renforcer votre performance durable<\/p>\n<\/li>\n<\/ul>\n<p data-start=\"491\" data-end=\"614\"><strong data-start=\"491\" data-end=\"519\">Groupe ultra-restreint :<\/strong> 6 participantes maximum<br data-start=\"543\" data-end=\"546\" \/><strong data-start=\"546\" data-end=\"571\">Cadre naturel premium<\/strong> en Ardennes<br data-start=\"583\" data-end=\"586\" \/><strong data-start=\"586\" data-end=\"614\">Confidentialit\u00e9 garantie<\/strong><\/p>\n<h1 data-section-id=\"1y586xr\" data-start=\"621\" data-end=\"643\"><strong data-start=\"623\" data-end=\"643\">Notre diff\u00e9rence<\/strong><\/h1>\n<h3 data-section-id=\"13tc73w\" data-start=\"645\" data-end=\"672\">Une retraite diff\u00e9rente<\/h3>\n<p data-start=\"674\" data-end=\"785\">Ce n\u2019est <strong data-start=\"683\" data-end=\"720\">pas un week-end d\u00e9tente classique<\/strong>.<br data-start=\"721\" data-end=\"724\" \/>C\u2019est une <strong data-start=\"734\" data-end=\"774\">immersion structur\u00e9e et scientifique<\/strong> d\u00e9di\u00e9e \u00e0 :<\/p>\n<ul data-start=\"787\" data-end=\"965\">\n<li data-section-id=\"kta0z5\" data-start=\"787\" data-end=\"811\">\n<p data-start=\"789\" data-end=\"811\">R\u00e9gulation du stress<\/p>\n<\/li>\n<li data-section-id=\"nmb2xs\" data-start=\"812\" data-end=\"851\">\n<p data-start=\"814\" data-end=\"851\">R\u00e9cup\u00e9ration physiologique profonde<\/p>\n<\/li>\n<li data-section-id=\"xtavvx\" data-start=\"852\" data-end=\"892\">\n<p data-start=\"854\" data-end=\"892\">Nutrition anti-inflammatoire moderne<\/p>\n<\/li>\n<li data-section-id=\"adt3qa\" data-start=\"893\" data-end=\"932\">\n<p data-start=\"895\" data-end=\"932\">Clart\u00e9 mentale et prise de d\u00e9cision<\/p>\n<\/li>\n<li data-section-id=\"c8v7rp\" data-start=\"933\" data-end=\"965\">\n<p data-start=\"935\" data-end=\"965\">Vitalit\u00e9 strat\u00e9gique durable<\/p>\n<\/li>\n<\/ul>\n<h1 data-section-id=\"75gn7d\" data-start=\"972\" data-end=\"996\"><strong data-start=\"974\" data-end=\"996\">Sant\u00e9 et r\u00e9gulation<\/strong><\/h1>\n<p data-start=\"998\" data-end=\"1069\">Pour <strong data-start=\"1003\" data-end=\"1031\">r\u00e9\u00e9quilibrer votre corps<\/strong> et <strong data-start=\"1035\" data-end=\"1068\">apaiser votre syst\u00e8me nerveux<\/strong>.<\/p>\n<p data-start=\"1071\" data-end=\"1118\">Cette immersion est id\u00e9ale si vous recherchez :<\/p>\n<ul data-start=\"1120\" data-end=\"1224\">\n<li data-section-id=\"qwp1oe\" data-start=\"1120\" data-end=\"1144\">\n<p data-start=\"1122\" data-end=\"1144\">Une d\u00e9tente profonde<\/p>\n<\/li>\n<li data-section-id=\"jib7b0\" data-start=\"1145\" data-end=\"1185\">\n<p data-start=\"1147\" data-end=\"1185\">Une r\u00e9cup\u00e9ration physique et mentale<\/p>\n<\/li>\n<li data-section-id=\"1ynsfsj\" data-start=\"1186\" data-end=\"1224\">\n<p data-start=\"1188\" data-end=\"1224\">Une stabilit\u00e9 \u00e9motionnelle durable<\/p>\n<\/li>\n<\/ul>\n<h1 data-section-id=\"186nr8o\" data-start=\"1231\" data-end=\"1256\"><strong data-start=\"1233\" data-end=\"1256\">L\u2019exp\u00e9rience inclut<\/strong><\/h1>\n<ul data-start=\"1258\" data-end=\"1635\">\n<li data-section-id=\"1ugtx0\" data-start=\"1258\" data-end=\"1308\">\n<p data-start=\"1260\" data-end=\"1308\">2 nuits en <strong data-start=\"1271\" data-end=\"1294\">h\u00e9bergement premium<\/strong> en Ardennes<\/p>\n<\/li>\n<li data-section-id=\"sy9q3s\" data-start=\"1309\" data-end=\"1389\">\n<p data-start=\"1311\" data-end=\"1389\">5 <strong data-start=\"1313\" data-end=\"1342\">repas anti-inflammatoires<\/strong>, inspir\u00e9s d\u2019Afrique subsaharienne modernis\u00e9e<\/p>\n<\/li>\n<li data-section-id=\"qc16c5\" data-start=\"1390\" data-end=\"1429\">\n<p data-start=\"1392\" data-end=\"1429\">2 <strong data-start=\"1394\" data-end=\"1427\">s\u00e9ances collectives AnimaFlow<\/strong><\/p>\n<\/li>\n<li data-section-id=\"1hcy0it\" data-start=\"1430\" data-end=\"1491\">\n<p data-start=\"1432\" data-end=\"1491\">1 <strong data-start=\"1434\" data-end=\"1453\">soin individuel<\/strong> (r\u00e9flexologie, kin\u00e9si ou coaching)<\/p>\n<\/li>\n<li data-section-id=\"ji0czj\" data-start=\"1492\" data-end=\"1561\">\n<p data-start=\"1494\" data-end=\"1561\">1 <strong data-start=\"1496\" data-end=\"1517\">atelier nutrition<\/strong> : syst\u00e8me nerveux, stress et inflammation<\/p>\n<\/li>\n<li data-section-id=\"yijq2\" data-start=\"1562\" data-end=\"1594\">\n<p data-start=\"1564\" data-end=\"1594\">1 <strong data-start=\"1566\" data-end=\"1592\">marche sant\u00e9 en nature<\/strong><\/p>\n<\/li>\n<li data-section-id=\"no04g9\" data-start=\"1595\" data-end=\"1635\">\n<p data-start=\"1597\" data-end=\"1635\">1 <strong data-start=\"1599\" data-end=\"1633\">pack de bienvenue personnalis\u00e9<\/strong><\/p>\n<\/li>\n<\/ul>\n<p data-start=\"1637\" data-end=\"1682\"><strong data-start=\"1637\" data-end=\"1682\">Groupe confidentiel : 6 places uniquement<\/strong><\/p>\n<h1 data-section-id=\"1b89l4u\" data-start=\"1689\" data-end=\"1718\"><strong data-start=\"1691\" data-end=\"1718\">Ce que vous allez vivre<\/strong><\/h1>\n<p data-start=\"1720\" data-end=\"1760\">En <strong data-start=\"1723\" data-end=\"1736\">48 heures<\/strong>, vous repartirez avec :<\/p>\n<ul data-start=\"1762\" data-end=\"1998\">\n<li data-section-id=\"3fh72q\" data-start=\"1762\" data-end=\"1825\">\n<p data-start=\"1764\" data-end=\"1825\">Une <strong data-start=\"1768\" data-end=\"1823\">compr\u00e9hension claire de votre physiologie du stress<\/strong><\/p>\n<\/li>\n<li data-section-id=\"1smobk3\" data-start=\"1826\" data-end=\"1876\">\n<p data-start=\"1828\" data-end=\"1876\">Des <strong data-start=\"1832\" data-end=\"1874\">outils concrets de r\u00e9gulation nerveuse<\/strong><\/p>\n<\/li>\n<li data-section-id=\"pchefx\" data-start=\"1877\" data-end=\"1937\">\n<p data-start=\"1879\" data-end=\"1937\">Un <strong data-start=\"1882\" data-end=\"1935\">plan nutritionnel anti-inflammatoire personnalis\u00e9<\/strong><\/p>\n<\/li>\n<li data-section-id=\"1cbsx83\" data-start=\"1938\" data-end=\"1998\">\n<p data-start=\"1940\" data-end=\"1998\">Une <strong data-start=\"1944\" data-end=\"1998\">strat\u00e9gie personnelle de r\u00e9cup\u00e9ration sur 30 jours<\/strong><\/p>\n<\/li>\n<\/ul>\n<p data-start=\"2000\" data-end=\"2070\">Une immersion con\u00e7ue pour produire <strong data-start=\"2035\" data-end=\"2069\">un impact mesurable et durable<\/strong>.<\/p>\n<h1 data-section-id=\"1979p5o\" data-start=\"2077\" data-end=\"2097\"><strong data-start=\"2079\" data-end=\"2097\">Dates et tarifs<\/strong><\/h1>\n<ul data-start=\"2099\" data-end=\"2163\">\n<li data-section-id=\"1h8i8bu\" data-start=\"2099\" data-end=\"2128\">\n<p data-start=\"2101\" data-end=\"2128\"><strong data-start=\"2101\" data-end=\"2126\">01 \u2013 03 mai : COMPLET<\/strong><\/p>\n<\/li>\n<li data-section-id=\"1n1rheb\" data-start=\"2129\" data-end=\"2163\">\n<p data-start=\"2131\" data-end=\"2163\"><strong data-start=\"2131\" data-end=\"2163\">Prochaine date : 22 \u2013 24 mai<\/strong><\/p>\n<\/li>\n<\/ul>\n<h2 data-start=\"2165\" data-end=\"2177\"><strong data-start=\"2165\" data-end=\"2177\">Tarifs :<\/strong><\/h2>\n<h3>Leadership &amp; Performance<\/h3>\n<ul>\n<li>Early Bird (2 places) : <strong><span style=\"color: #339966;\">800 \u20ac<\/span><\/strong><\/li>\n<li>Normal : <strong><span style=\"color: #339966;\">850 \u20ac<\/span><\/strong><\/li>\n<li>Derni\u00e8re place : <strong><span style=\"color: #339966;\">890 \u20ac<\/span><\/strong><\/li>\n<\/ul>\n<h3>Sant\u00e9 et r\u00e9gulation physiologique<\/h3>\n<ul>\n<li>Early Bird (3 places ) : <strong><span style=\"color: #339966;\">600 \u20ac<\/span><\/strong><\/li>\n<li>Normal : <strong><span style=\"color: #339966;\">650 \u20ac<\/span><\/strong><\/li>\n<li>Derni\u00e8re place : <strong><span style=\"color: #339966;\">690 \u20ac<\/span><\/strong><\/li>\n<li>Formule 1 nuit : <strong><span style=\"color: #339966;\">390 \u20ac<\/span><\/strong><\/li>\n<\/ul>\n<h1 data-section-id=\"1nzlk7r\" data-start=\"2283\" data-end=\"2312\"><strong data-start=\"2285\" data-end=\"2312\">Modalit\u00e9s d\u2019inscription<\/strong><\/h1>\n<ul data-start=\"2314\" data-end=\"2419\">\n<li data-section-id=\"nxnvt2\" data-start=\"2314\" data-end=\"2357\">\n<p data-start=\"2316\" data-end=\"2357\">Inscription via <strong data-start=\"2332\" data-end=\"2355\">le formulaire d\u00e9di\u00e9<\/strong><\/p>\n<\/li>\n<li data-section-id=\"105koyi\" data-start=\"2358\" data-end=\"2419\">\n<p data-start=\"2360\" data-end=\"2419\">Validation d\u00e9finitive apr\u00e8s r\u00e9ception de <strong data-start=\"2401\" data-end=\"2419\">30 % d\u2019acompte<\/strong><\/p>\n<\/li>\n<\/ul>\n<h1 data-section-id=\"11o5ryr\" data-start=\"2426\" data-end=\"2454\"><strong data-start=\"2428\" data-end=\"2454\">Contact et inscriptions<\/strong><\/h1>\n<p data-start=\"2456\" data-end=\"2510\"><strong data-start=\"2456\" data-end=\"2481\">\u00c9lis\u00e9e Zola Luyindula<\/strong><br data-start=\"2481\" data-end=\"2484\" \/>ILEIRA WORLD \u2013 ANIMAFLOW<\/p>\n<p data-start=\"2512\" data-end=\"2568\">\ud83d\udccd 62 Rue Mar\u00e9chal Joffre<br data-start=\"2537\" data-end=\"2540\" \/>7340 Colfontaine, Belgique<\/p>\n<p data-start=\"2570\" data-end=\"2619\">\ud83d\udcde +32 484 63 83 26<br data-start=\"2589\" data-end=\"2592\" \/>\ud83c\udf10 <a class=\"decorated-link\" href=\"http:\/\/www.podologueelisee.be\/fr\/\" target=\"_new\" rel=\"noopener\" data-start=\"2595\" data-end=\"2617\">www.podologueelisee.be<\/a><\/p>","protected":false},"excerpt":{"rendered":"<p>\u00a0 48h d\u2019immersion exclusive Offrez-vous une exp\u00e9rience unique pour : R\u00e9guler votre syst\u00e8me nerveux Restaurer votre \u00e9nergie Renforcer votre performance durable Groupe ultra-restreint : 6 participantes maximumCadre naturel premium en &hellip; <\/p>","protected":false},"author":8,"featured_media":1280,"parent":0,"menu_order":0,"comment_status":"closed","ping_status":"closed","template":"","meta":{"_monsterinsights_skip_tracking":false,"_monsterinsights_sitenote_active":false,"_monsterinsights_sitenote_note":"","_monsterinsights_sitenote_category":0,"footnotes":""},"class_list":["post-1279","page","type-page","status-publish","has-post-thumbnail","hentry"],"aioseo_notices":[],"jetpack_sharing_enabled":true,"_links":{"self":[{"href":"https:\/\/www.podologueelisee.be\/fr\/wp-json\/wp\/v2\/pages\/1279","targetHints":{"allow":["GET"]}}],"collection":[{"href":"https:\/\/www.podologueelisee.be\/fr\/wp-json\/wp\/v2\/pages"}],"about":[{"href":"https:\/\/www.podologueelisee.be\/fr\/wp-json\/wp\/v2\/types\/page"}],"author":[{"embeddable":true,"href":"https:\/\/www.podologueelisee.be\/fr\/wp-json\/wp\/v2\/users\/8"}],"replies":[{"embeddable":true,"href":"https:\/\/www.podologueelisee.be\/fr\/wp-json\/wp\/v2\/comments?post=1279"}],"version-history":[{"count":5,"href":"https:\/\/www.podologueelisee.be\/fr\/wp-json\/wp\/v2\/pages\/1279\/revisions"}],"predecessor-version":[{"id":1366,"href":"https:\/\/www.podologueelisee.be\/fr\/wp-json\/wp\/v2\/pages\/1279\/revisions\/1366"}],"wp:featuredmedia":[{"embeddable":true,"href":"https:\/\/www.podologueelisee.be\/fr\/wp-json\/wp\/v2\/media\/1280"}],"wp:attachment":[{"href":"https:\/\/www.podologueelisee.be\/fr\/wp-json\/wp\/v2\/media?parent=1279"}],"curies":[{"name":"wp","href":"https:\/\/api.w.org\/{rel}","templated":true}]}}