{"id":722,"date":"2024-04-24T17:28:23","date_gmt":"2024-04-24T16:28:23","guid":{"rendered":"https:\/\/www.podologueelisee.be\/?page_id=722"},"modified":"2024-06-28T17:27:30","modified_gmt":"2024-06-28T15:27:30","slug":"ileira-cosmetics-devient-ileira-world","status":"publish","type":"page","link":"https:\/\/www.podologueelisee.be\/fr\/ileira-cosmetics-devient-ileira-world\/","title":{"rendered":"Ileira Cosmetics devient Ileira World"},"content":{"rendered":"<p><img fetchpriority=\"high\" decoding=\"async\" class=\"alignnone size-medium wp-image-841\" src=\"https:\/\/www.podologueelisee.be\/wp-content\/uploads\/2024\/06\/WhatsApp-Image-2024-06-26-at-18.08.39-300x297.jpeg\" alt=\"\" width=\"300\" height=\"297\" srcset=\"https:\/\/www.podologueelisee.be\/wp-content\/uploads\/2024\/06\/WhatsApp-Image-2024-06-26-at-18.08.39-300x297.jpeg 300w, https:\/\/www.podologueelisee.be\/wp-content\/uploads\/2024\/06\/WhatsApp-Image-2024-06-26-at-18.08.39-150x150.jpeg 150w, https:\/\/www.podologueelisee.be\/wp-content\/uploads\/2024\/06\/WhatsApp-Image-2024-06-26-at-18.08.39-12x12.jpeg 12w, https:\/\/www.podologueelisee.be\/wp-content\/uploads\/2024\/06\/WhatsApp-Image-2024-06-26-at-18.08.39.jpeg 530w\" sizes=\"(max-width: 300px) 100vw, 300px\" \/><img fetchpriority=\"high\" decoding=\"async\" class=\"alignnone size-medium wp-image-841\" src=\"https:\/\/www.podologueelisee.be\/wp-content\/uploads\/2024\/06\/WhatsApp-Image-2024-06-26-at-18.08.39-300x297.jpeg\" alt=\"\" width=\"300\" height=\"297\" srcset=\"https:\/\/www.podologueelisee.be\/wp-content\/uploads\/2024\/06\/WhatsApp-Image-2024-06-26-at-18.08.39-300x297.jpeg 300w, https:\/\/www.podologueelisee.be\/wp-content\/uploads\/2024\/06\/WhatsApp-Image-2024-06-26-at-18.08.39-150x150.jpeg 150w, https:\/\/www.podologueelisee.be\/wp-content\/uploads\/2024\/06\/WhatsApp-Image-2024-06-26-at-18.08.39-12x12.jpeg 12w, https:\/\/www.podologueelisee.be\/wp-content\/uploads\/2024\/06\/WhatsApp-Image-2024-06-26-at-18.08.39.jpeg 530w\" sizes=\"(max-width: 300px) 100vw, 300px\" \/><\/p>\n<p><strong><em><u>ILEIRA WORLD<\/u><\/em><\/strong><\/p>\n<p>Il s&#8217;agit d&#8217;une nouvelle structure fond\u00e9e sur la vision d&#8217;ILEIRA, qui consiste \u00e0 produire et consommer de mani\u00e8re durable, tout en restaurant et en am\u00e9liorant naturellement la sant\u00e9 physique et mentale.<\/p>\n<p>\u00c0 ce jour, ILEIRA WORLD se compose de deux d\u00e9partements :<\/p>\n<p><em><strong>Ileira Cosmetics\u00a0<\/strong><\/em><\/p>\n<p><img decoding=\"async\" class=\"alignnone size-medium wp-image-564\" src=\"https:\/\/www.podologueelisee.be\/wp-content\/uploads\/2023\/08\/20230902_135726-225x300.jpg\" alt=\"\" width=\"225\" height=\"300\" srcset=\"https:\/\/www.podologueelisee.be\/wp-content\/uploads\/2023\/08\/20230902_135726-225x300.jpg 225w, https:\/\/www.podologueelisee.be\/wp-content\/uploads\/2023\/08\/20230902_135726-768x1024.jpg 768w, https:\/\/www.podologueelisee.be\/wp-content\/uploads\/2023\/08\/20230902_135726-1152x1536.jpg 1152w, https:\/\/www.podologueelisee.be\/wp-content\/uploads\/2023\/08\/20230902_135726-1536x2048.jpg 1536w, https:\/\/www.podologueelisee.be\/wp-content\/uploads\/2023\/08\/20230902_135726-9x12.jpg 9w, https:\/\/www.podologueelisee.be\/wp-content\/uploads\/2023\/08\/20230902_135726-45x60.jpg 45w, https:\/\/www.podologueelisee.be\/wp-content\/uploads\/2023\/08\/20230902_135726-1320x1760.jpg 1320w, https:\/\/www.podologueelisee.be\/wp-content\/uploads\/2023\/08\/20230902_135726-600x800.jpg 600w, https:\/\/www.podologueelisee.be\/wp-content\/uploads\/2023\/08\/20230902_135726-scaled.jpg 1920w\" sizes=\"(max-width: 225px) 100vw, 225px\" \/> <img decoding=\"async\" class=\"alignnone size-medium wp-image-613\" src=\"https:\/\/www.podologueelisee.be\/wp-content\/uploads\/2023\/12\/WhatsApp-Image-2023-12-05-at-11.32.03-225x300.jpeg\" alt=\"\" width=\"225\" height=\"300\" srcset=\"https:\/\/www.podologueelisee.be\/wp-content\/uploads\/2023\/12\/WhatsApp-Image-2023-12-05-at-11.32.03-225x300.jpeg 225w, https:\/\/www.podologueelisee.be\/wp-content\/uploads\/2023\/12\/WhatsApp-Image-2023-12-05-at-11.32.03-768x1024.jpeg 768w, https:\/\/www.podologueelisee.be\/wp-content\/uploads\/2023\/12\/WhatsApp-Image-2023-12-05-at-11.32.03-1152x1536.jpeg 1152w, https:\/\/www.podologueelisee.be\/wp-content\/uploads\/2023\/12\/WhatsApp-Image-2023-12-05-at-11.32.03-9x12.jpeg 9w, https:\/\/www.podologueelisee.be\/wp-content\/uploads\/2023\/12\/WhatsApp-Image-2023-12-05-at-11.32.03-45x60.jpeg 45w, https:\/\/www.podologueelisee.be\/wp-content\/uploads\/2023\/12\/WhatsApp-Image-2023-12-05-at-11.32.03-1320x1760.jpeg 1320w, https:\/\/www.podologueelisee.be\/wp-content\/uploads\/2023\/12\/WhatsApp-Image-2023-12-05-at-11.32.03-600x800.jpeg 600w, https:\/\/www.podologueelisee.be\/wp-content\/uploads\/2023\/12\/WhatsApp-Image-2023-12-05-at-11.32.03.jpeg 1536w\" sizes=\"(max-width: 225px) 100vw, 225px\" \/> <img loading=\"lazy\" decoding=\"async\" class=\"alignnone size-medium wp-image-581\" src=\"https:\/\/www.podologueelisee.be\/wp-content\/uploads\/2023\/09\/20230929_212631-225x300.jpg\" alt=\"\" width=\"225\" height=\"300\" srcset=\"https:\/\/www.podologueelisee.be\/wp-content\/uploads\/2023\/09\/20230929_212631-225x300.jpg 225w, https:\/\/www.podologueelisee.be\/wp-content\/uploads\/2023\/09\/20230929_212631-768x1024.jpg 768w, https:\/\/www.podologueelisee.be\/wp-content\/uploads\/2023\/09\/20230929_212631-1152x1536.jpg 1152w, https:\/\/www.podologueelisee.be\/wp-content\/uploads\/2023\/09\/20230929_212631-1536x2048.jpg 1536w, https:\/\/www.podologueelisee.be\/wp-content\/uploads\/2023\/09\/20230929_212631-9x12.jpg 9w, https:\/\/www.podologueelisee.be\/wp-content\/uploads\/2023\/09\/20230929_212631-45x60.jpg 45w, https:\/\/www.podologueelisee.be\/wp-content\/uploads\/2023\/09\/20230929_212631-1320x1760.jpg 1320w, https:\/\/www.podologueelisee.be\/wp-content\/uploads\/2023\/09\/20230929_212631-600x800.jpg 600w, https:\/\/www.podologueelisee.be\/wp-content\/uploads\/2023\/09\/20230929_212631-scaled.jpg 1920w\" sizes=\"(max-width: 225px) 100vw, 225px\" \/><img loading=\"lazy\" decoding=\"async\" class=\"alignnone size-medium wp-image-527\" src=\"https:\/\/www.podologueelisee.be\/wp-content\/uploads\/2023\/08\/5e1dce_9b268ab50ec74a2c82c883a8f1f1f343mv2-225x300.jpg\" alt=\"\" width=\"225\" height=\"300\" srcset=\"https:\/\/www.podologueelisee.be\/wp-content\/uploads\/2023\/08\/5e1dce_9b268ab50ec74a2c82c883a8f1f1f343mv2-225x300.jpg 225w, https:\/\/www.podologueelisee.be\/wp-content\/uploads\/2023\/08\/5e1dce_9b268ab50ec74a2c82c883a8f1f1f343mv2-9x12.jpg 9w, https:\/\/www.podologueelisee.be\/wp-content\/uploads\/2023\/08\/5e1dce_9b268ab50ec74a2c82c883a8f1f1f343mv2-45x60.jpg 45w, https:\/\/www.podologueelisee.be\/wp-content\/uploads\/2023\/08\/5e1dce_9b268ab50ec74a2c82c883a8f1f1f343mv2.jpg 466w\" sizes=\"(max-width: 225px) 100vw, 225px\" \/><img loading=\"lazy\" decoding=\"async\" class=\"alignnone size-medium wp-image-791\" src=\"https:\/\/www.podologueelisee.be\/wp-content\/uploads\/2024\/06\/WhatsApp-Image-2024-06-19-at-19.32.55-225x300.jpeg\" alt=\"\" width=\"225\" height=\"300\" srcset=\"https:\/\/www.podologueelisee.be\/wp-content\/uploads\/2024\/06\/WhatsApp-Image-2024-06-19-at-19.32.55-225x300.jpeg 225w, https:\/\/www.podologueelisee.be\/wp-content\/uploads\/2024\/06\/WhatsApp-Image-2024-06-19-at-19.32.55-768x1024.jpeg 768w, https:\/\/www.podologueelisee.be\/wp-content\/uploads\/2024\/06\/WhatsApp-Image-2024-06-19-at-19.32.55-1152x1536.jpeg 1152w, https:\/\/www.podologueelisee.be\/wp-content\/uploads\/2024\/06\/WhatsApp-Image-2024-06-19-at-19.32.55-9x12.jpeg 9w, https:\/\/www.podologueelisee.be\/wp-content\/uploads\/2024\/06\/WhatsApp-Image-2024-06-19-at-19.32.55-45x60.jpeg 45w, https:\/\/www.podologueelisee.be\/wp-content\/uploads\/2024\/06\/WhatsApp-Image-2024-06-19-at-19.32.55-1320x1760.jpeg 1320w, https:\/\/www.podologueelisee.be\/wp-content\/uploads\/2024\/06\/WhatsApp-Image-2024-06-19-at-19.32.55-600x800.jpeg 600w, https:\/\/www.podologueelisee.be\/wp-content\/uploads\/2024\/06\/WhatsApp-Image-2024-06-19-at-19.32.55.jpeg 1536w\" sizes=\"(max-width: 225px) 100vw, 225px\" \/> <img loading=\"lazy\" decoding=\"async\" class=\"alignnone size-medium wp-image-772\" src=\"https:\/\/www.podologueelisee.be\/wp-content\/uploads\/2024\/06\/WhatsApp-Image-2024-06-19-at-19.53.43-280x300.jpeg\" alt=\"\" width=\"280\" height=\"300\" srcset=\"https:\/\/www.podologueelisee.be\/wp-content\/uploads\/2024\/06\/WhatsApp-Image-2024-06-19-at-19.53.43-280x300.jpeg 280w, https:\/\/www.podologueelisee.be\/wp-content\/uploads\/2024\/06\/WhatsApp-Image-2024-06-19-at-19.53.43-956x1024.jpeg 956w, https:\/\/www.podologueelisee.be\/wp-content\/uploads\/2024\/06\/WhatsApp-Image-2024-06-19-at-19.53.43-768x823.jpeg 768w, https:\/\/www.podologueelisee.be\/wp-content\/uploads\/2024\/06\/WhatsApp-Image-2024-06-19-at-19.53.43-11x12.jpeg 11w, https:\/\/www.podologueelisee.be\/wp-content\/uploads\/2024\/06\/WhatsApp-Image-2024-06-19-at-19.53.43-56x60.jpeg 56w, https:\/\/www.podologueelisee.be\/wp-content\/uploads\/2024\/06\/WhatsApp-Image-2024-06-19-at-19.53.43-600x643.jpeg 600w, https:\/\/www.podologueelisee.be\/wp-content\/uploads\/2024\/06\/WhatsApp-Image-2024-06-19-at-19.53.43.jpeg 1008w\" sizes=\"(max-width: 280px) 100vw, 280px\" \/><\/p>\n<p><img loading=\"lazy\" decoding=\"async\" class=\"alignnone size-medium wp-image-783\" src=\"https:\/\/www.podologueelisee.be\/wp-content\/uploads\/2024\/06\/WhatsApp-Image-2024-06-19-at-19.57.58-1-225x300.jpeg\" alt=\"\" width=\"225\" height=\"300\" srcset=\"https:\/\/www.podologueelisee.be\/wp-content\/uploads\/2024\/06\/WhatsApp-Image-2024-06-19-at-19.57.58-1-225x300.jpeg 225w, https:\/\/www.podologueelisee.be\/wp-content\/uploads\/2024\/06\/WhatsApp-Image-2024-06-19-at-19.57.58-1-768x1024.jpeg 768w, https:\/\/www.podologueelisee.be\/wp-content\/uploads\/2024\/06\/WhatsApp-Image-2024-06-19-at-19.57.58-1-9x12.jpeg 9w, https:\/\/www.podologueelisee.be\/wp-content\/uploads\/2024\/06\/WhatsApp-Image-2024-06-19-at-19.57.58-1-45x60.jpeg 45w, https:\/\/www.podologueelisee.be\/wp-content\/uploads\/2024\/06\/WhatsApp-Image-2024-06-19-at-19.57.58-1-600x800.jpeg 600w, https:\/\/www.podologueelisee.be\/wp-content\/uploads\/2024\/06\/WhatsApp-Image-2024-06-19-at-19.57.58-1.jpeg 810w\" sizes=\"(max-width: 225px) 100vw, 225px\" \/>\u00a0 <img loading=\"lazy\" decoding=\"async\" class=\"alignnone size-medium wp-image-579\" src=\"https:\/\/www.podologueelisee.be\/wp-content\/uploads\/2023\/09\/20230929_212933-225x300.jpg\" alt=\"\" width=\"225\" height=\"300\" srcset=\"https:\/\/www.podologueelisee.be\/wp-content\/uploads\/2023\/09\/20230929_212933-225x300.jpg 225w, https:\/\/www.podologueelisee.be\/wp-content\/uploads\/2023\/09\/20230929_212933-768x1024.jpg 768w, https:\/\/www.podologueelisee.be\/wp-content\/uploads\/2023\/09\/20230929_212933-1152x1536.jpg 1152w, https:\/\/www.podologueelisee.be\/wp-content\/uploads\/2023\/09\/20230929_212933-1536x2048.jpg 1536w, https:\/\/www.podologueelisee.be\/wp-content\/uploads\/2023\/09\/20230929_212933-9x12.jpg 9w, https:\/\/www.podologueelisee.be\/wp-content\/uploads\/2023\/09\/20230929_212933-45x60.jpg 45w, https:\/\/www.podologueelisee.be\/wp-content\/uploads\/2023\/09\/20230929_212933-1320x1760.jpg 1320w, https:\/\/www.podologueelisee.be\/wp-content\/uploads\/2023\/09\/20230929_212933-600x800.jpg 600w, https:\/\/www.podologueelisee.be\/wp-content\/uploads\/2023\/09\/20230929_212933-scaled.jpg 1920w\" sizes=\"(max-width: 225px) 100vw, 225px\" \/><img loading=\"lazy\" decoding=\"async\" class=\"alignnone size-medium wp-image-581\" src=\"https:\/\/www.podologueelisee.be\/wp-content\/uploads\/2023\/09\/20230929_212631-225x300.jpg\" alt=\"\" width=\"225\" height=\"300\" srcset=\"https:\/\/www.podologueelisee.be\/wp-content\/uploads\/2023\/09\/20230929_212631-225x300.jpg 225w, https:\/\/www.podologueelisee.be\/wp-content\/uploads\/2023\/09\/20230929_212631-768x1024.jpg 768w, https:\/\/www.podologueelisee.be\/wp-content\/uploads\/2023\/09\/20230929_212631-1152x1536.jpg 1152w, https:\/\/www.podologueelisee.be\/wp-content\/uploads\/2023\/09\/20230929_212631-1536x2048.jpg 1536w, https:\/\/www.podologueelisee.be\/wp-content\/uploads\/2023\/09\/20230929_212631-9x12.jpg 9w, https:\/\/www.podologueelisee.be\/wp-content\/uploads\/2023\/09\/20230929_212631-45x60.jpg 45w, https:\/\/www.podologueelisee.be\/wp-content\/uploads\/2023\/09\/20230929_212631-1320x1760.jpg 1320w, https:\/\/www.podologueelisee.be\/wp-content\/uploads\/2023\/09\/20230929_212631-600x800.jpg 600w, https:\/\/www.podologueelisee.be\/wp-content\/uploads\/2023\/09\/20230929_212631-scaled.jpg 1920w\" sizes=\"(max-width: 225px) 100vw, 225px\" \/><\/p>\n<p>Nous nous engageons \u00e0 d\u00e9velopper des cosm\u00e9tiques bio naturels de haute qualit\u00e9 en utilisant des ingr\u00e9dients naturels et respectueux de l\u2019environnement. Nous croyons que la beaut\u00e9 vient de l\u2019int\u00e9rieur, notre mission est de mettre en valeur la beaut\u00e9 naturelle de chaque femme mais aussi de chaque homme car nos soins sont \u00e9labor\u00e9s pour tous. Nous nous effor\u00e7ons de r\u00e9duire notre empreinte \u00e9cologique en utilisant des emballages recyclables et en adh\u00e9rant \u00e0 des pratiques de production durables. Nous favorisons les partenariats avec les communaut\u00e9s locales pour soutenir leur d\u00e9veloppement \u00e9conomique et social cr\u00e9ant ainsi des opportunit\u00e9s et am\u00e9liorant les conditions de vie de ces derni\u00e8res.<\/p>\n<p><em><strong>Ileira Health Coaching<\/strong><\/em><\/p>\n<p>Nous proposons un programme de coaching complet comprenant un r\u00e9\u00e9quilibrage alimentaire, une cure d\u00e9tox, la naturopathie, un soutien pour la sant\u00e9 mentale par la r\u00e9flexologie et la respiration m\u00e9ditative. Une sant\u00e9 au naturel et un organisme au meilleur de ses capacit\u00e9s afin d\u2019am\u00e9liorer votre vie.<\/p>\n<p>Un formulaire est \u00e0 compl\u00e9ter pour personnaliser le coaching afin d\u2019obtenir d\u2019excellents r\u00e9sultats.<\/p>\n<p><strong><em>R\u00e9\u00e9quilibrage alimentaire<\/em><\/strong><\/p>\n<p><img loading=\"lazy\" decoding=\"async\" class=\"alignnone size-medium wp-image-844\" src=\"https:\/\/www.podologueelisee.be\/wp-content\/uploads\/2024\/06\/WhatsApp-Image-2024-06-26-at-18.08.39-1-300x300.jpeg\" alt=\"\" width=\"300\" height=\"300\" srcset=\"https:\/\/www.podologueelisee.be\/wp-content\/uploads\/2024\/06\/WhatsApp-Image-2024-06-26-at-18.08.39-1-300x300.jpeg 300w, https:\/\/www.podologueelisee.be\/wp-content\/uploads\/2024\/06\/WhatsApp-Image-2024-06-26-at-18.08.39-1-1024x1024.jpeg 1024w, https:\/\/www.podologueelisee.be\/wp-content\/uploads\/2024\/06\/WhatsApp-Image-2024-06-26-at-18.08.39-1-150x150.jpeg 150w, https:\/\/www.podologueelisee.be\/wp-content\/uploads\/2024\/06\/WhatsApp-Image-2024-06-26-at-18.08.39-1-768x768.jpeg 768w, https:\/\/www.podologueelisee.be\/wp-content\/uploads\/2024\/06\/WhatsApp-Image-2024-06-26-at-18.08.39-1-12x12.jpeg 12w, https:\/\/www.podologueelisee.be\/wp-content\/uploads\/2024\/06\/WhatsApp-Image-2024-06-26-at-18.08.39-1-1320x1320.jpeg 1320w, https:\/\/www.podologueelisee.be\/wp-content\/uploads\/2024\/06\/WhatsApp-Image-2024-06-26-at-18.08.39-1-600x600.jpeg 600w, https:\/\/www.podologueelisee.be\/wp-content\/uploads\/2024\/06\/WhatsApp-Image-2024-06-26-at-18.08.39-1.jpeg 1440w\" sizes=\"(max-width: 300px) 100vw, 300px\" \/><\/p>\n<p>C\u2019est un <strong>suivi personnalis\u00e9<\/strong>, un accompagnement \u00e0 base de fruits, l\u00e9gumes, viandes, poisson,crustac\u00e9s, vitamines et min\u00e9raux . <strong>Pas de r\u00e9gime contraignant, pas de sensation de faim<\/strong>, la m\u00e9thode s\u2019adapte \u00e0 votre rythme. Une <strong>perte de poids durable <\/strong>avec stabilisation et entretien.<\/p>\n<p><strong><em>Cure d\u00e9tox<\/em><\/strong><\/p>\n<p><img loading=\"lazy\" decoding=\"async\" class=\"alignnone size-medium wp-image-831\" src=\"https:\/\/www.podologueelisee.be\/wp-content\/uploads\/2024\/06\/WhatsApp-Image-2024-06-24-at-22.30.50-300x300.jpeg\" alt=\"\" width=\"300\" height=\"300\" srcset=\"https:\/\/www.podologueelisee.be\/wp-content\/uploads\/2024\/06\/WhatsApp-Image-2024-06-24-at-22.30.50-300x300.jpeg 300w, https:\/\/www.podologueelisee.be\/wp-content\/uploads\/2024\/06\/WhatsApp-Image-2024-06-24-at-22.30.50-150x150.jpeg 150w, https:\/\/www.podologueelisee.be\/wp-content\/uploads\/2024\/06\/WhatsApp-Image-2024-06-24-at-22.30.50-12x12.jpeg 12w, https:\/\/www.podologueelisee.be\/wp-content\/uploads\/2024\/06\/WhatsApp-Image-2024-06-24-at-22.30.50-600x600.jpeg 600w, https:\/\/www.podologueelisee.be\/wp-content\/uploads\/2024\/06\/WhatsApp-Image-2024-06-24-at-22.30.50.jpeg 626w\" sizes=\"(max-width: 300px) 100vw, 300px\" \/><\/p>\n<p>\u00c9limination des <strong>toxines<\/strong>, <strong>boost d\u2019\u00e9nergie<\/strong> et <strong>renforcement du syst\u00e8me immunitaire<\/strong>. Principalement par des boissons\u00a0:tisanes chaudes ou froides obtenues apr\u00e8s <strong>i<\/strong><strong>nfusion<\/strong>\u00a0de plantes , jus de fruits et ou l\u00e9gumes personnalis\u00e9s.<\/p>\n<p><strong><em>Naturopathie<\/em><\/strong><\/p>\n<p><img loading=\"lazy\" decoding=\"async\" class=\"alignnone size-medium wp-image-848\" src=\"https:\/\/www.podologueelisee.be\/wp-content\/uploads\/2024\/06\/WhatsApp-Image-2024-06-27-at-13.03.52-300x143.jpeg\" alt=\"\" width=\"300\" height=\"143\" srcset=\"https:\/\/www.podologueelisee.be\/wp-content\/uploads\/2024\/06\/WhatsApp-Image-2024-06-27-at-13.03.52-300x143.jpeg 300w, https:\/\/www.podologueelisee.be\/wp-content\/uploads\/2024\/06\/WhatsApp-Image-2024-06-27-at-13.03.52-18x9.jpeg 18w, https:\/\/www.podologueelisee.be\/wp-content\/uploads\/2024\/06\/WhatsApp-Image-2024-06-27-at-13.03.52-600x287.jpeg 600w, https:\/\/www.podologueelisee.be\/wp-content\/uploads\/2024\/06\/WhatsApp-Image-2024-06-27-at-13.03.52.jpeg 626w\" sizes=\"(max-width: 300px) 100vw, 300px\" \/><\/p>\n<ul>\n<li>Aromath\u00e9rapie\u00a0: l\u2019utilisation des\u00a0<a href=\"https:\/\/www.passeportsante.net\/fr\/Solutions\/HuilesEssentielles\/Index.aspx\"><strong>huiles essentielles<\/strong><\/a> dans une optique de pr\u00e9vention et de soulagement de certains troubles ainsi que de bien-\u00eatre et d&#8217;apaisement.<\/li>\n<li>Oligoth\u00e9rapie\u00a0: une m\u00e9decine compl\u00e9mentaire \u00e0 la m\u00e9decine th\u00e9rapeutique. La pratique consiste \u00e0 administrer des <strong>oligo-\u00e9l\u00e9ments(fer,magn\u00e9sium,iode,zinc\u2026)<\/strong> \u00e0 faible dose dans l\u2019organisme pour am\u00e9liorer l\u2019\u00e9tat de sant\u00e9 g\u00e9n\u00e9ral du patient. Cela permet d\u2019\u00e9viter de recourir \u00e0 des traitements plus lourds<\/li>\n<li>Phytoth\u00e9rapie\u00a0: le traitement par les <strong>plantes m\u00e9dicinales<\/strong>, c\u2019est-\u00e0-dire l\u2019usage des plantes sous toutes leurs formes pour soulager un sympt\u00f4me, gu\u00e9rir ou pr\u00e9venir une maladie.<\/li>\n<\/ul>\n<p><strong><em>R\u00e9flexologie<\/em><\/strong><\/p>\n<p><img loading=\"lazy\" decoding=\"async\" class=\"alignnone size-medium wp-image-847\" src=\"https:\/\/www.podologueelisee.be\/wp-content\/uploads\/2024\/06\/WhatsApp-Image-2024-06-27-at-12.54.49-300x200.jpeg\" alt=\"\" width=\"300\" height=\"200\" srcset=\"https:\/\/www.podologueelisee.be\/wp-content\/uploads\/2024\/06\/WhatsApp-Image-2024-06-27-at-12.54.49-300x200.jpeg 300w, https:\/\/www.podologueelisee.be\/wp-content\/uploads\/2024\/06\/WhatsApp-Image-2024-06-27-at-12.54.49-18x12.jpeg 18w, https:\/\/www.podologueelisee.be\/wp-content\/uploads\/2024\/06\/WhatsApp-Image-2024-06-27-at-12.54.49-370x247.jpeg 370w, https:\/\/www.podologueelisee.be\/wp-content\/uploads\/2024\/06\/WhatsApp-Image-2024-06-27-at-12.54.49-600x400.jpeg 600w, https:\/\/www.podologueelisee.be\/wp-content\/uploads\/2024\/06\/WhatsApp-Image-2024-06-27-at-12.54.49.jpeg 626w\" sizes=\"(max-width: 300px) 100vw, 300px\" \/><\/p>\n<p>Procure une d\u00e9tente profonde et poss\u00e8de un aspect r\u00e9parateur et pr\u00e9ventif. Elle s\u2019adapte aux besoins de chacun. Permet une approche diff\u00e9rente et compl\u00e9mentaire de la m\u00e9decine allopathique. La r\u00e9flexologie vise \u00e0 mobiliser les processus <strong>d\u2019autogu\u00e9rison<\/strong> du corps. Elle se pratique en exer\u00e7ant une pression soutenue, avec le bout des doigts, sur des <strong>zones ou des points r\u00e9flexes <\/strong>situ\u00e9s sur les pieds, les mains et le cr\u00e2ne. Ces points correspondent \u00e0 des organes ou des fonctions organiques.<\/p>\n<p><strong><em>La respiration m\u00e9ditative<\/em><\/strong><\/p>\n<p><img loading=\"lazy\" decoding=\"async\" class=\"alignnone size-medium wp-image-828\" src=\"https:\/\/www.podologueelisee.be\/wp-content\/uploads\/2024\/06\/WhatsApp-Image-2024-06-24-at-22.21.19-199x300.jpeg\" alt=\"\" width=\"199\" height=\"300\" srcset=\"https:\/\/www.podologueelisee.be\/wp-content\/uploads\/2024\/06\/WhatsApp-Image-2024-06-24-at-22.21.19-199x300.jpeg 199w, https:\/\/www.podologueelisee.be\/wp-content\/uploads\/2024\/06\/WhatsApp-Image-2024-06-24-at-22.21.19-8x12.jpeg 8w, https:\/\/www.podologueelisee.be\/wp-content\/uploads\/2024\/06\/WhatsApp-Image-2024-06-24-at-22.21.19.jpeg 416w\" sizes=\"(max-width: 199px) 100vw, 199px\" \/><\/p>\n<p>la respiration est consid\u00e9r\u00e9e comme une porte d\u2019entr\u00e9e vers la\u00a0<strong>paix int\u00e9rieure<\/strong>\u00a0et la\u00a0<strong>s\u00e9r\u00e9nit\u00e9. <\/strong>Notre corps utilise naturellement et sans que nous y pensions la respiration pour maintenir un <strong>\u00e9quilibre sain<\/strong>\u00a0entre les niveaux d\u2019oxyg\u00e8ne et de dioxyde de carbone et nous pouvons donc\u00a0<strong>apprendre \u00e0 utiliser notre respiration<\/strong>\u00a0de mani\u00e8re plus consciente pour am\u00e9liorer notre sant\u00e9 physique et mentale.<\/p>\n<ul>\n<li>L\u2019inspiration a une fonction d\u2019apport \u00e9nerg\u00e9tique, et sollicite le syst\u00e8me sympathique. Ainsi, lorsque vous inspirez rapidement et beaucoup, l\u2019adr\u00e9naline monte. C\u2019est ce que vous effectuez pendant une activit\u00e9 physique, ou face \u00e0 un danger.<\/li>\n<li>L\u2019expiration a une fonction de ralentissement, et sollicite le syst\u00e8me parasympathique. Ainsi lorsque vous expirez lentement, votre corps se ralentit amenant du calme, de la s\u00e9r\u00e9nit\u00e9 jusqu\u2019\u00e0 l\u2019endormissement.<\/li>\n<\/ul>\n<p>Si vous ma\u00eetrisez votre souffle, vous r\u00e9ussirez \u00e0 \u00ab piloter \u00bb votre corps et g\u00e9rer stress, anxi\u00e9t\u00e9, troubles du sommeil ou alimentaires, angoisses ou paniques.<\/p>\n<p>La diff\u00e9rence entre respirer et m\u00e9diter est tr\u00e8s fine, la respiration m\u00e9ditative\u00a0<strong>aide au l\u00e2cher-prise <\/strong>et permet d\u2019amener un \u00e9tat global de <strong>bien-\u00eatre<\/strong>(une\u00a0meilleure digestion, s\u00e9cr\u00e9tion des hormones du bonheur et de la s\u00e9r\u00e9nit\u00e9, a\u00e9ration mentale).Vous vous sentirez alors dans\u00a0<strong>une belle \u00e9nergie<\/strong>.<\/p>","protected":false},"excerpt":{"rendered":"<p>ILEIRA WORLD Il s&#8217;agit d&#8217;une nouvelle structure fond\u00e9e sur la vision d&#8217;ILEIRA, qui consiste \u00e0 produire et consommer de mani\u00e8re durable, tout en restaurant et en am\u00e9liorant naturellement la sant\u00e9 &hellip; <\/p>","protected":false},"author":8,"featured_media":512,"parent":0,"menu_order":0,"comment_status":"closed","ping_status":"closed","template":"","meta":{"_monsterinsights_skip_tracking":false,"_monsterinsights_sitenote_active":false,"_monsterinsights_sitenote_note":"","_monsterinsights_sitenote_category":0,"footnotes":""},"class_list":["post-722","page","type-page","status-publish","has-post-thumbnail","hentry"],"aioseo_notices":[],"jetpack_sharing_enabled":true,"_links":{"self":[{"href":"https:\/\/www.podologueelisee.be\/fr\/wp-json\/wp\/v2\/pages\/722","targetHints":{"allow":["GET"]}}],"collection":[{"href":"https:\/\/www.podologueelisee.be\/fr\/wp-json\/wp\/v2\/pages"}],"about":[{"href":"https:\/\/www.podologueelisee.be\/fr\/wp-json\/wp\/v2\/types\/page"}],"author":[{"embeddable":true,"href":"https:\/\/www.podologueelisee.be\/fr\/wp-json\/wp\/v2\/users\/8"}],"replies":[{"embeddable":true,"href":"https:\/\/www.podologueelisee.be\/fr\/wp-json\/wp\/v2\/comments?post=722"}],"version-history":[{"count":16,"href":"https:\/\/www.podologueelisee.be\/fr\/wp-json\/wp\/v2\/pages\/722\/revisions"}],"predecessor-version":[{"id":883,"href":"https:\/\/www.podologueelisee.be\/fr\/wp-json\/wp\/v2\/pages\/722\/revisions\/883"}],"wp:featuredmedia":[{"embeddable":true,"href":"https:\/\/www.podologueelisee.be\/fr\/wp-json\/wp\/v2\/media\/512"}],"wp:attachment":[{"href":"https:\/\/www.podologueelisee.be\/fr\/wp-json\/wp\/v2\/media?parent=722"}],"curies":[{"name":"wp","href":"https:\/\/api.w.org\/{rel}","templated":true}]}}