{"id":767,"date":"2024-06-19T20:28:59","date_gmt":"2024-06-19T18:28:59","guid":{"rendered":"https:\/\/www.podologueelisee.be\/?page_id=767"},"modified":"2024-06-30T16:59:21","modified_gmt":"2024-06-30T14:59:21","slug":"ileira-health-coaching","status":"publish","type":"page","link":"https:\/\/www.podologueelisee.be\/fr\/ileira-health-coaching\/","title":{"rendered":"Ileira Health Coaching"},"content":{"rendered":"<p><img fetchpriority=\"high\" decoding=\"async\" class=\"alignnone size-medium wp-image-995\" src=\"https:\/\/www.podologueelisee.be\/wp-content\/uploads\/2024\/06\/WhatsApp-Image-2024-06-30-at-15.43.54-212x300.jpeg\" alt=\"\" width=\"212\" height=\"300\" srcset=\"https:\/\/www.podologueelisee.be\/wp-content\/uploads\/2024\/06\/WhatsApp-Image-2024-06-30-at-15.43.54-212x300.jpeg 212w, https:\/\/www.podologueelisee.be\/wp-content\/uploads\/2024\/06\/WhatsApp-Image-2024-06-30-at-15.43.54-724x1024.jpeg 724w, https:\/\/www.podologueelisee.be\/wp-content\/uploads\/2024\/06\/WhatsApp-Image-2024-06-30-at-15.43.54-768x1086.jpeg 768w, https:\/\/www.podologueelisee.be\/wp-content\/uploads\/2024\/06\/WhatsApp-Image-2024-06-30-at-15.43.54-1086x1536.jpeg 1086w, https:\/\/www.podologueelisee.be\/wp-content\/uploads\/2024\/06\/WhatsApp-Image-2024-06-30-at-15.43.54-8x12.jpeg 8w, https:\/\/www.podologueelisee.be\/wp-content\/uploads\/2024\/06\/WhatsApp-Image-2024-06-30-at-15.43.54-1320x1867.jpeg 1320w, https:\/\/www.podologueelisee.be\/wp-content\/uploads\/2024\/06\/WhatsApp-Image-2024-06-30-at-15.43.54-600x849.jpeg 600w, https:\/\/www.podologueelisee.be\/wp-content\/uploads\/2024\/06\/WhatsApp-Image-2024-06-30-at-15.43.54.jpeg 1448w\" sizes=\"(max-width: 212px) 100vw, 212px\" \/><img decoding=\"async\" class=\"alignnone size-medium wp-image-841\" src=\"https:\/\/www.podologueelisee.be\/wp-content\/uploads\/2024\/06\/WhatsApp-Image-2024-06-26-at-18.08.39-300x297.jpeg\" alt=\"\" width=\"300\" height=\"297\" srcset=\"https:\/\/www.podologueelisee.be\/wp-content\/uploads\/2024\/06\/WhatsApp-Image-2024-06-26-at-18.08.39-300x297.jpeg 300w, https:\/\/www.podologueelisee.be\/wp-content\/uploads\/2024\/06\/WhatsApp-Image-2024-06-26-at-18.08.39-150x150.jpeg 150w, https:\/\/www.podologueelisee.be\/wp-content\/uploads\/2024\/06\/WhatsApp-Image-2024-06-26-at-18.08.39-12x12.jpeg 12w, https:\/\/www.podologueelisee.be\/wp-content\/uploads\/2024\/06\/WhatsApp-Image-2024-06-26-at-18.08.39.jpeg 530w\" sizes=\"(max-width: 300px) 100vw, 300px\" \/><\/p>\n<p>Bienvenue chez Ileira Health Coaching, o\u00f9 nous vous offrons un programme de coaching holistique pour une sant\u00e9 naturelle et optimale. Notre approche int\u00e9gr\u00e9e comprend :<\/p>\n<p>\u25ab\ufe0f R\u00e9\u00e9quilibrage alimentaire<br \/>\n\u25ab\ufe0f Cure d\u00e9tox<br \/>\n\u25ab\ufe0f Naturopathie<br \/>\n\u25ab\ufe0f Soutien pour la sant\u00e9 mentale par la r\u00e9flexologie<br \/>\n\u25ab\ufe0f Respiration m\u00e9ditative<\/p>\n<p>Nous nous engageons \u00e0 vous aider \u00e0 atteindre une sant\u00e9 optimale et \u00e0 am\u00e9liorer votre qualit\u00e9 de vie. Notre programme est personnalis\u00e9 pour r\u00e9pondre \u00e0 vos besoins sp\u00e9cifiques afin d\u2019obtenir des r\u00e9sultats excellents et durables.<\/p>\n<p><strong>R\u00e9\u00e9quilibrage alimentaire<\/strong><\/p>\n<p><img decoding=\"async\" class=\"alignnone size-medium wp-image-964\" src=\"https:\/\/www.podologueelisee.be\/wp-content\/uploads\/2024\/06\/WhatsApp-Image-2024-06-30-at-13.32.45-1-300x200.jpeg\" alt=\"\" width=\"300\" height=\"200\" srcset=\"https:\/\/www.podologueelisee.be\/wp-content\/uploads\/2024\/06\/WhatsApp-Image-2024-06-30-at-13.32.45-1-300x200.jpeg 300w, https:\/\/www.podologueelisee.be\/wp-content\/uploads\/2024\/06\/WhatsApp-Image-2024-06-30-at-13.32.45-1-18x12.jpeg 18w, https:\/\/www.podologueelisee.be\/wp-content\/uploads\/2024\/06\/WhatsApp-Image-2024-06-30-at-13.32.45-1-370x247.jpeg 370w, https:\/\/www.podologueelisee.be\/wp-content\/uploads\/2024\/06\/WhatsApp-Image-2024-06-30-at-13.32.45-1-600x400.jpeg 600w, https:\/\/www.podologueelisee.be\/wp-content\/uploads\/2024\/06\/WhatsApp-Image-2024-06-30-at-13.32.45-1.jpeg 626w\" sizes=\"(max-width: 300px) 100vw, 300px\" \/><\/p>\n<p>Notre programme de r\u00e9\u00e9quilibrage alimentaire vous propose un suivi personnalis\u00e9, bas\u00e9 sur des plantes, des fruits, des l\u00e9gumes, des vitamines et des min\u00e9raux. Sans r\u00e9gime contraignant ni sensation de faim, notre m\u00e9thode s\u2019adapte \u00e0 votre rythme de vie pour une perte de poids durable, ainsi que pour maintenir la stabilit\u00e9 et l\u2019entretien de votre poids id\u00e9al.<\/p>\n<p><strong>Cure d\u00e9tox<\/strong><\/p>\n<p><img loading=\"lazy\" decoding=\"async\" class=\"alignnone size-medium wp-image-965\" src=\"https:\/\/www.podologueelisee.be\/wp-content\/uploads\/2024\/06\/WhatsApp-Image-2024-06-30-at-13.32.49-1-300x200.jpeg\" alt=\"\" width=\"300\" height=\"200\" srcset=\"https:\/\/www.podologueelisee.be\/wp-content\/uploads\/2024\/06\/WhatsApp-Image-2024-06-30-at-13.32.49-1-300x200.jpeg 300w, https:\/\/www.podologueelisee.be\/wp-content\/uploads\/2024\/06\/WhatsApp-Image-2024-06-30-at-13.32.49-1-18x12.jpeg 18w, https:\/\/www.podologueelisee.be\/wp-content\/uploads\/2024\/06\/WhatsApp-Image-2024-06-30-at-13.32.49-1-370x247.jpeg 370w, https:\/\/www.podologueelisee.be\/wp-content\/uploads\/2024\/06\/WhatsApp-Image-2024-06-30-at-13.32.49-1-600x400.jpeg 600w, https:\/\/www.podologueelisee.be\/wp-content\/uploads\/2024\/06\/WhatsApp-Image-2024-06-30-at-13.32.49-1.jpeg 626w\" sizes=\"(max-width: 300px) 100vw, 300px\" \/><\/p>\n<p>Notre cure d\u00e9tox est con\u00e7ue pour \u00e9liminer les toxines, booster votre \u00e9nergie et renforcer votre syst\u00e8me immunitaire. Gr\u00e2ce \u00e0 des boissons et des jus de fruits et l\u00e9gumes personnalis\u00e9s, vous retrouverez vitalit\u00e9 et bien-\u00eatre.<\/p>\n<p>Pour commencer votre parcours vers une meilleure sant\u00e9, veuillez remplir notre formulaire de personnalisation. Cela nous permettra d&#8217;adapter notre programme \u00e0 vos besoins sp\u00e9cifiques et de vous accompagner efficacement vers vos objectifs de sant\u00e9.<\/p>\n<p>Ileira Health Coaching : la sant\u00e9 au naturel, pour un organisme au meilleur de ses capacit\u00e9s.<\/p>\n<p><strong>Naturopathie<\/strong><\/p>\n<p><img loading=\"lazy\" decoding=\"async\" class=\"alignnone size-medium wp-image-966\" src=\"https:\/\/www.podologueelisee.be\/wp-content\/uploads\/2024\/06\/WhatsApp-Image-2024-06-30-at-13.41.21-300x202.jpeg\" alt=\"\" width=\"300\" height=\"202\" srcset=\"https:\/\/www.podologueelisee.be\/wp-content\/uploads\/2024\/06\/WhatsApp-Image-2024-06-30-at-13.41.21-300x202.jpeg 300w, https:\/\/www.podologueelisee.be\/wp-content\/uploads\/2024\/06\/WhatsApp-Image-2024-06-30-at-13.41.21-1024x689.jpeg 1024w, https:\/\/www.podologueelisee.be\/wp-content\/uploads\/2024\/06\/WhatsApp-Image-2024-06-30-at-13.41.21-768x517.jpeg 768w, https:\/\/www.podologueelisee.be\/wp-content\/uploads\/2024\/06\/WhatsApp-Image-2024-06-30-at-13.41.21-18x12.jpeg 18w, https:\/\/www.podologueelisee.be\/wp-content\/uploads\/2024\/06\/WhatsApp-Image-2024-06-30-at-13.41.21-480x324.jpeg 480w, https:\/\/www.podologueelisee.be\/wp-content\/uploads\/2024\/06\/WhatsApp-Image-2024-06-30-at-13.41.21-600x404.jpeg 600w, https:\/\/www.podologueelisee.be\/wp-content\/uploads\/2024\/06\/WhatsApp-Image-2024-06-30-at-13.41.21.jpeg 1200w\" sizes=\"(max-width: 300px) 100vw, 300px\" \/><\/p>\n<p>Nous croyons en la puissance de la nature pour restaurer et maintenir votre bien-\u00eatre. La naturopathie est une approche holistique qui vise \u00e0 traiter la cause profonde des d\u00e9s\u00e9quilibres de sant\u00e9 plut\u00f4t que de simplement masquer les sympt\u00f4mes.<\/p>\n<p>J&#8217;utilise une vari\u00e9t\u00e9 de m\u00e9thodes naturelles, telles que la nutrition, la phytoth\u00e9rapie, l&#8217;aromath\u00e9rapie et des techniques de gestion du stress, pour stimuler les capacit\u00e9s d&#8217;auto-gu\u00e9rison de votre corps. Chaque programme de soins est personnalis\u00e9 pour r\u00e9pondre \u00e0 vos besoins sp\u00e9cifiques et promouvoir une sant\u00e9 optimale \u00e0 long terme. Que vous cherchiez \u00e0 am\u00e9liorer votre vitalit\u00e9, \u00e0 pr\u00e9venir les maladies ou \u00e0 trouver des solutions naturelles \u00e0 des probl\u00e8mes de sant\u00e9 chroniques, notre approche naturopathique vous offre une voie douce et efficace vers le bien-\u00eatre.<\/p>\n<p><strong>R\u00e9flexologie<\/strong><\/p>\n<p><img loading=\"lazy\" decoding=\"async\" class=\"alignnone size-medium wp-image-967\" src=\"https:\/\/www.podologueelisee.be\/wp-content\/uploads\/2024\/06\/WhatsApp-Image-2024-06-30-at-13.41.33-300x199.jpeg\" alt=\"\" width=\"300\" height=\"199\" srcset=\"https:\/\/www.podologueelisee.be\/wp-content\/uploads\/2024\/06\/WhatsApp-Image-2024-06-30-at-13.41.33-300x199.jpeg 300w, https:\/\/www.podologueelisee.be\/wp-content\/uploads\/2024\/06\/WhatsApp-Image-2024-06-30-at-13.41.33-18x12.jpeg 18w, https:\/\/www.podologueelisee.be\/wp-content\/uploads\/2024\/06\/WhatsApp-Image-2024-06-30-at-13.41.33-370x247.jpeg 370w, https:\/\/www.podologueelisee.be\/wp-content\/uploads\/2024\/06\/WhatsApp-Image-2024-06-30-at-13.41.33-600x399.jpeg 600w, https:\/\/www.podologueelisee.be\/wp-content\/uploads\/2024\/06\/WhatsApp-Image-2024-06-30-at-13.41.33.jpeg 626w\" sizes=\"(max-width: 300px) 100vw, 300px\" \/><\/p>\n<p>La r\u00e9flexologie est une pratique th\u00e9rapeutique qui stimule des points pr\u00e9cis sur les pieds, les mains et les oreilles pour favoriser la gu\u00e9rison et l&#8217;\u00e9quilibre \u00e9nerg\u00e9tique du corps. Chez Ileira Health Coaching, nos s\u00e9ances de r\u00e9flexologie visent \u00e0 r\u00e9duire le stress, am\u00e9liorer la circulation et renforcer votre bien-\u00eatre global. En appliquant une pression douce sur des zones sp\u00e9cifiques, nous aidons \u00e0 r\u00e9tablir l&#8217;harmonie entre le corps et l&#8217;esprit, apportant ainsi une profonde relaxation et un soulagement des tensions.<\/p>\n<p><strong>Respiration M\u00e9ditative<\/strong><\/p>\n<p><img loading=\"lazy\" decoding=\"async\" class=\"alignnone size-medium wp-image-968\" src=\"https:\/\/www.podologueelisee.be\/wp-content\/uploads\/2024\/06\/WhatsApp-Image-2024-06-30-at-13.42.20-168x300.jpeg\" alt=\"\" width=\"168\" height=\"300\" srcset=\"https:\/\/www.podologueelisee.be\/wp-content\/uploads\/2024\/06\/WhatsApp-Image-2024-06-30-at-13.42.20-168x300.jpeg 168w, https:\/\/www.podologueelisee.be\/wp-content\/uploads\/2024\/06\/WhatsApp-Image-2024-06-30-at-13.42.20-574x1024.jpeg 574w, https:\/\/www.podologueelisee.be\/wp-content\/uploads\/2024\/06\/WhatsApp-Image-2024-06-30-at-13.42.20-7x12.jpeg 7w, https:\/\/www.podologueelisee.be\/wp-content\/uploads\/2024\/06\/WhatsApp-Image-2024-06-30-at-13.42.20-600x1070.jpeg 600w, https:\/\/www.podologueelisee.be\/wp-content\/uploads\/2024\/06\/WhatsApp-Image-2024-06-30-at-13.42.20.jpeg 718w\" sizes=\"(max-width: 168px) 100vw, 168px\" \/><\/p>\n<p>La respiration m\u00e9ditative est une technique puissante qui combine des exercices de respiration profonde avec la m\u00e9ditation pour apaiser l&#8217;esprit et revitaliser le corps. Chez Ileira Health Coaching, nous vous guidons \u00e0 travers des s\u00e9ances de respiration m\u00e9ditative con\u00e7ues pour r\u00e9duire le stress, am\u00e9liorer la concentration et promouvoir un sentiment de paix int\u00e9rieure. En ma\u00eetrisant votre respiration, vous pouvez mieux g\u00e9rer les \u00e9motions, augmenter votre \u00e9nergie et atteindre un \u00e9tat de bien-\u00eatre \u00e9quilibr\u00e9 et durable.<\/p>\n<p>Offrez-vous un moment de bien-\u00eatre ! Prenez rendez-vous d\u00e8s aujourd&#8217;hui en nous appelant au <strong>+32 65 75 55 39\u00a0<\/strong><\/p>\n<p><span class=\"selectable-text copyable-text\">Ouvert pour prendre soin de vous : du <strong>Lundi<\/strong> au <strong>Vendredi<\/strong> de <strong>9h<\/strong> \u00e0 <strong>18h<\/strong> et le <strong>Samedi<\/strong> de <strong>9h<\/strong> \u00e0 <strong>13h.<\/strong><\/span><\/p>","protected":false},"excerpt":{"rendered":"<p>Bienvenue chez Ileira Health Coaching, o\u00f9 nous vous offrons un programme de coaching holistique pour une sant\u00e9 naturelle et optimale. Notre approche int\u00e9gr\u00e9e comprend : \u25ab\ufe0f R\u00e9\u00e9quilibrage alimentaire \u25ab\ufe0f Cure &hellip; <\/p>","protected":false},"author":8,"featured_media":0,"parent":0,"menu_order":0,"comment_status":"closed","ping_status":"closed","template":"","meta":{"_monsterinsights_skip_tracking":false,"_monsterinsights_sitenote_active":false,"_monsterinsights_sitenote_note":"","_monsterinsights_sitenote_category":0,"footnotes":""},"class_list":["post-767","page","type-page","status-publish","hentry"],"aioseo_notices":[],"jetpack_sharing_enabled":true,"_links":{"self":[{"href":"https:\/\/www.podologueelisee.be\/fr\/wp-json\/wp\/v2\/pages\/767","targetHints":{"allow":["GET"]}}],"collection":[{"href":"https:\/\/www.podologueelisee.be\/fr\/wp-json\/wp\/v2\/pages"}],"about":[{"href":"https:\/\/www.podologueelisee.be\/fr\/wp-json\/wp\/v2\/types\/page"}],"author":[{"embeddable":true,"href":"https:\/\/www.podologueelisee.be\/fr\/wp-json\/wp\/v2\/users\/8"}],"replies":[{"embeddable":true,"href":"https:\/\/www.podologueelisee.be\/fr\/wp-json\/wp\/v2\/comments?post=767"}],"version-history":[{"count":8,"href":"https:\/\/www.podologueelisee.be\/fr\/wp-json\/wp\/v2\/pages\/767\/revisions"}],"predecessor-version":[{"id":997,"href":"https:\/\/www.podologueelisee.be\/fr\/wp-json\/wp\/v2\/pages\/767\/revisions\/997"}],"wp:attachment":[{"href":"https:\/\/www.podologueelisee.be\/fr\/wp-json\/wp\/v2\/media?parent=767"}],"curies":[{"name":"wp","href":"https:\/\/api.w.org\/{rel}","templated":true}]}}