{"id":796,"date":"2024-06-22T10:52:26","date_gmt":"2024-06-22T08:52:26","guid":{"rendered":"https:\/\/www.podologueelisee.be\/?page_id=796"},"modified":"2024-06-30T15:05:57","modified_gmt":"2024-06-30T13:05:57","slug":"naturopathie","status":"publish","type":"page","link":"https:\/\/www.podologueelisee.be\/fr\/naturopathie\/","title":{"rendered":"Naturopathie"},"content":{"rendered":"<p><img fetchpriority=\"high\" decoding=\"async\" class=\"alignnone size-medium wp-image-904\" src=\"https:\/\/www.podologueelisee.be\/wp-content\/uploads\/2024\/06\/WhatsApp-Image-2024-06-28-at-23.24.09-300x196.jpeg\" alt=\"\" width=\"300\" height=\"196\" srcset=\"https:\/\/www.podologueelisee.be\/wp-content\/uploads\/2024\/06\/WhatsApp-Image-2024-06-28-at-23.24.09-300x196.jpeg 300w, https:\/\/www.podologueelisee.be\/wp-content\/uploads\/2024\/06\/WhatsApp-Image-2024-06-28-at-23.24.09-18x12.jpeg 18w, https:\/\/www.podologueelisee.be\/wp-content\/uploads\/2024\/06\/WhatsApp-Image-2024-06-28-at-23.24.09-600x391.jpeg 600w, https:\/\/www.podologueelisee.be\/wp-content\/uploads\/2024\/06\/WhatsApp-Image-2024-06-28-at-23.24.09.jpeg 626w\" sizes=\"(max-width: 300px) 100vw, 300px\" \/><\/p>\n<p>La naturopathie est une approche globale de la sant\u00e9, visant \u00e0 stimuler les m\u00e9canismes naturels de gu\u00e9rison de l&#8217;organisme. Nos pratiques incluent plusieurs disciplines compl\u00e9mentaires pour r\u00e9pondre \u00e0 vos besoins sp\u00e9cifiques :<\/p>\n<h4>Aromath\u00e9rapie<\/h4>\n<p>L&#8217;aromath\u00e9rapie utilise les huiles essentielles pour pr\u00e9venir et soulager divers troubles, tout en favorisant le bien-\u00eatre et l&#8217;apaisement. Chaque huile essentielle poss\u00e8de des propri\u00e9t\u00e9s uniques, permettant de personnaliser les soins en fonction de vos besoins.<\/p>\n<h4>Oligoth\u00e9rapie<\/h4>\n<p>L&#8217;oligoth\u00e9rapie est une m\u00e9decine compl\u00e9mentaire qui consiste \u00e0 administrer des oligo-\u00e9l\u00e9ments (fer, magn\u00e9sium, iode, zinc\u2026) \u00e0 faible dose pour am\u00e9liorer l&#8217;\u00e9tat de sant\u00e9 g\u00e9n\u00e9ral. En \u00e9quilibrant les carences de l&#8217;organisme, cette m\u00e9thode permet souvent d&#8217;\u00e9viter des traitements plus lourds et invasifs.<\/p>\n<h4>Phytoth\u00e9rapie<\/h4>\n<p>La phytoth\u00e9rapie utilise les plantes m\u00e9dicinales sous toutes leurs formes pour soulager des sympt\u00f4mes, gu\u00e9rir ou pr\u00e9venir des maladies. Les rem\u00e8des \u00e0 base de plantes sont s\u00e9lectionn\u00e9s pour leurs propri\u00e9t\u00e9s th\u00e9rapeutiques, offrant une alternative naturelle et efficace pour votre bien-\u00eatre.<\/p>\n<p>D\u00e9couvrez comment la naturopathie peut vous aider \u00e0 retrouver un \u00e9quilibre naturel et durable. Chaque consultation est personnalis\u00e9e pour r\u00e9pondre \u00e0 vos besoins sp\u00e9cifiques, en s&#8217;appuyant sur des pratiques \u00e9prouv\u00e9es et respectueuses de votre organisme.<\/p>\n<p><span class=\"selectable-text copyable-text\">Prenez rendez-vous d\u00e8s aujourd&#8217;hui en nous appelant au <strong>+32 65 75 55 39<\/strong><\/span><\/p>\n<p><span class=\"selectable-text copyable-text\">Ouvert pour prendre soin de vous : du <strong>Lundi<\/strong> au <strong>Vendredi<\/strong> de <strong>9h<\/strong> \u00e0 <strong>18h<\/strong> et le <strong>Samedi<\/strong> de<strong> 9h<\/strong> \u00e0 <strong>13h<\/strong>.<\/span><\/p>","protected":false},"excerpt":{"rendered":"<p>La naturopathie est une approche globale de la sant\u00e9, visant \u00e0 stimuler les m\u00e9canismes naturels de gu\u00e9rison de l&#8217;organisme. Nos pratiques incluent plusieurs disciplines compl\u00e9mentaires pour r\u00e9pondre \u00e0 vos besoins &hellip; <\/p>","protected":false},"author":8,"featured_media":0,"parent":0,"menu_order":0,"comment_status":"closed","ping_status":"closed","template":"","meta":{"_monsterinsights_skip_tracking":false,"_monsterinsights_sitenote_active":false,"_monsterinsights_sitenote_note":"","_monsterinsights_sitenote_category":0,"footnotes":""},"class_list":["post-796","page","type-page","status-publish","hentry"],"aioseo_notices":[],"jetpack_sharing_enabled":true,"_links":{"self":[{"href":"https:\/\/www.podologueelisee.be\/fr\/wp-json\/wp\/v2\/pages\/796","targetHints":{"allow":["GET"]}}],"collection":[{"href":"https:\/\/www.podologueelisee.be\/fr\/wp-json\/wp\/v2\/pages"}],"about":[{"href":"https:\/\/www.podologueelisee.be\/fr\/wp-json\/wp\/v2\/types\/page"}],"author":[{"embeddable":true,"href":"https:\/\/www.podologueelisee.be\/fr\/wp-json\/wp\/v2\/users\/8"}],"replies":[{"embeddable":true,"href":"https:\/\/www.podologueelisee.be\/fr\/wp-json\/wp\/v2\/comments?post=796"}],"version-history":[{"count":3,"href":"https:\/\/www.podologueelisee.be\/fr\/wp-json\/wp\/v2\/pages\/796\/revisions"}],"predecessor-version":[{"id":975,"href":"https:\/\/www.podologueelisee.be\/fr\/wp-json\/wp\/v2\/pages\/796\/revisions\/975"}],"wp:attachment":[{"href":"https:\/\/www.podologueelisee.be\/fr\/wp-json\/wp\/v2\/media?parent=796"}],"curies":[{"name":"wp","href":"https:\/\/api.w.org\/{rel}","templated":true}]}}