{"id":798,"date":"2024-06-22T11:11:53","date_gmt":"2024-06-22T09:11:53","guid":{"rendered":"https:\/\/www.podologueelisee.be\/?page_id=798"},"modified":"2024-06-30T15:07:14","modified_gmt":"2024-06-30T13:07:14","slug":"nutritherapie","status":"publish","type":"page","link":"https:\/\/www.podologueelisee.be\/fr\/nutritherapie\/","title":{"rendered":"Nutrith\u00e9rapie"},"content":{"rendered":"<h3><img fetchpriority=\"high\" decoding=\"async\" class=\"alignnone size-medium wp-image-908\" src=\"https:\/\/www.podologueelisee.be\/wp-content\/uploads\/2024\/06\/WhatsApp-Image-2024-06-28-at-23.32.32-300x294.jpeg\" alt=\"\" width=\"300\" height=\"294\" srcset=\"https:\/\/www.podologueelisee.be\/wp-content\/uploads\/2024\/06\/WhatsApp-Image-2024-06-28-at-23.32.32-300x294.jpeg 300w, https:\/\/www.podologueelisee.be\/wp-content\/uploads\/2024\/06\/WhatsApp-Image-2024-06-28-at-23.32.32-768x753.jpeg 768w, https:\/\/www.podologueelisee.be\/wp-content\/uploads\/2024\/06\/WhatsApp-Image-2024-06-28-at-23.32.32-12x12.jpeg 12w, https:\/\/www.podologueelisee.be\/wp-content\/uploads\/2024\/06\/WhatsApp-Image-2024-06-28-at-23.32.32-600x588.jpeg 600w, https:\/\/www.podologueelisee.be\/wp-content\/uploads\/2024\/06\/WhatsApp-Image-2024-06-28-at-23.32.32.jpeg 1024w\" sizes=\"(max-width: 300px) 100vw, 300px\" \/><\/h3>\n<h3>D\u00e9couvrez la puissance de la nutrition pour votre bien-\u00eatre<\/h3>\n<p>La nutrith\u00e9rapie est une approche holistique qui utilise les propri\u00e9t\u00e9s des aliments et des nutriments pour am\u00e9liorer votre sant\u00e9 et votre bien-\u00eatre. Elle se base sur la compr\u00e9hension profonde des besoins nutritionnels individuels et vise \u00e0 optimiser votre alimentation pour pr\u00e9venir et traiter diverses conditions de sant\u00e9.<\/p>\n<h3>Pourquoi choisir la nutrith\u00e9rapie ?<\/h3>\n<ol>\n<li><strong>Approche personnalis\u00e9e<\/strong> : chaque individu est unique, tout comme ses besoins nutritionnels. Nous analysons votre profil de sant\u00e9 pour cr\u00e9er des plans nutritionnels sur mesure.<\/li>\n<li><strong>Pr\u00e9vention et traitement<\/strong> : la nutrith\u00e9rapie aide \u00e0 pr\u00e9venir les maladies et \u00e0 traiter des conditions existantes en renfor\u00e7ant votre syst\u00e8me immunitaire et en \u00e9quilibrant vos apports nutritionnels.<\/li>\n<li><strong>Bien-\u00eatre global<\/strong> : en am\u00e9liorant votre alimentation, vous pouvez augmenter votre \u00e9nergie, am\u00e9liorer votre digestion, \u00e9quilibrer vos hormones et renforcer votre sant\u00e9 mentale.<\/li>\n<\/ol>\n<h3>Nos services de nutrith\u00e9rapie<\/h3>\n<ul>\n<li><strong>Consultations individuelles<\/strong> : rencontrez un expert en nutrith\u00e9rapie pour une \u00e9valuation compl\u00e8te de votre \u00e9tat de sant\u00e9 et de vos habitudes alimentaires. Ensemble, nous \u00e9laborerons un plan nutritionnel adapt\u00e9 \u00e0 vos besoins sp\u00e9cifiques.<\/li>\n<li><strong>Plans alimentaires personnalis\u00e9s<\/strong> : b\u00e9n\u00e9ficiez de menus et de recommandations alimentaires con\u00e7us pour vous aider \u00e0 atteindre vos objectifs de sant\u00e9 et de bien-\u00eatre.<\/li>\n<li><strong>Suivi et support<\/strong> : nous vous accompagnons tout au long de votre parcours, avec des consultations de suivi et un support continu pour vous assurer de rester sur la bonne voie.<\/li>\n<\/ul>\n<h3>Comment \u00e7a marche ?<\/h3>\n<ol>\n<li><strong>Premi\u00e8re consultation<\/strong> : nous commen\u00e7ons par une \u00e9valuation d\u00e9taill\u00e9e de votre sant\u00e9, de votre mode de vie et de vos objectifs.<\/li>\n<li><strong>Analyse nutritionnelle<\/strong> : nous identifions les carences nutritionnelles et les d\u00e9s\u00e9quilibres dans votre alimentation actuelle.<\/li>\n<li><strong>Plan nutritionnel<\/strong> : nous d\u00e9veloppons un plan alimentaire personnalis\u00e9, incluant des recommandations de suppl\u00e9ments si n\u00e9cessaire.<\/li>\n<li><strong>Suivi r\u00e9gulier<\/strong> : des consultations de suivi permettent d&#8217;ajuster le plan et de garantir des progr\u00e8s continus.<\/li>\n<\/ol>\n<h3>Prenez rendez-vous d\u00e8s aujourd&#8217;hui<\/h3>\n<p>Rejoignez les nombreux clients qui ont transform\u00e9 leur vie gr\u00e2ce \u00e0 la nutrith\u00e9rapie. Contactez-nous au <strong><span class=\"selectable-text copyable-text\">+32 65 75 55 39 <\/span><\/strong>pour une consultation et d\u00e9couvrez comment une alimentation optimis\u00e9e peut am\u00e9liorer votre qualit\u00e9 de vie.<\/p>\n<p><span class=\"selectable-text copyable-text\">Ouvert pour prendre soin de vous : du <strong>Lundi<\/strong> au <strong>Vendredi<\/strong> de <strong>9h<\/strong> \u00e0 <strong>18h<\/strong> et le <strong>Samedi<\/strong> de<strong> 9h<\/strong> \u00e0 <strong>13h<\/strong>.<\/span><\/p>","protected":false},"excerpt":{"rendered":"<p>D\u00e9couvrez la puissance de la nutrition pour votre bien-\u00eatre La nutrith\u00e9rapie est une approche holistique qui utilise les propri\u00e9t\u00e9s des aliments et des nutriments pour am\u00e9liorer votre sant\u00e9 et votre &hellip; <\/p>","protected":false},"author":8,"featured_media":0,"parent":0,"menu_order":0,"comment_status":"closed","ping_status":"closed","template":"","meta":{"_monsterinsights_skip_tracking":false,"_monsterinsights_sitenote_active":false,"_monsterinsights_sitenote_note":"","_monsterinsights_sitenote_category":0,"footnotes":""},"class_list":["post-798","page","type-page","status-publish","hentry"],"aioseo_notices":[],"jetpack_sharing_enabled":true,"_links":{"self":[{"href":"https:\/\/www.podologueelisee.be\/fr\/wp-json\/wp\/v2\/pages\/798","targetHints":{"allow":["GET"]}}],"collection":[{"href":"https:\/\/www.podologueelisee.be\/fr\/wp-json\/wp\/v2\/pages"}],"about":[{"href":"https:\/\/www.podologueelisee.be\/fr\/wp-json\/wp\/v2\/types\/page"}],"author":[{"embeddable":true,"href":"https:\/\/www.podologueelisee.be\/fr\/wp-json\/wp\/v2\/users\/8"}],"replies":[{"embeddable":true,"href":"https:\/\/www.podologueelisee.be\/fr\/wp-json\/wp\/v2\/comments?post=798"}],"version-history":[{"count":4,"href":"https:\/\/www.podologueelisee.be\/fr\/wp-json\/wp\/v2\/pages\/798\/revisions"}],"predecessor-version":[{"id":976,"href":"https:\/\/www.podologueelisee.be\/fr\/wp-json\/wp\/v2\/pages\/798\/revisions\/976"}],"wp:attachment":[{"href":"https:\/\/www.podologueelisee.be\/fr\/wp-json\/wp\/v2\/media?parent=798"}],"curies":[{"name":"wp","href":"https:\/\/api.w.org\/{rel}","templated":true}]}}