{"id":986,"date":"2024-06-30T22:26:04","date_gmt":"2024-06-30T20:26:04","guid":{"rendered":"https:\/\/www.podologueelisee.be\/?page_id=986"},"modified":"2026-02-10T12:06:59","modified_gmt":"2026-02-10T11:06:59","slug":"infos-pratiques-et-contacts","status":"publish","type":"page","link":"https:\/\/www.podologueelisee.be\/fr\/infos-pratiques-et-contacts\/","title":{"rendered":"Infos pratiques et contact"},"content":{"rendered":"<p><strong>Elis\u00e9e Zola :<\/strong><\/p>\r\n\r\n\r\n\r\n<ul class=\"wp-block-list\">\r\n<li>CEO Ileira World<\/li>\r\n\r\n\r\n\r\n<li>Naturopathe-nutrith\u00e9rapeute<\/li>\r\n\r\n\r\n\r\n<li>Health Coaching<\/li>\r\n\r\n\r\n\r\n<li>Assistante en pharmacie<\/li>\r\n\r\n\r\n\r\n<li>R\u00e9flexologie<\/li>\r\n\r\n\r\n\r\n<li>Podologue P\u00e9dicure M\u00e9dicale<\/li>\r\n<\/ul>\r\n\r\n\r\n\r\n<p>Profitez de soins de qualit\u00e9, issus de mon exp\u00e9rience et de mon savoir-faire. Des produits naturels, v\u00e9gans et \u00e9coresponsables sont l\u00e0 pour chouchouter vos pieds, votre visage et votre corps. Laissez-vous \u00e9galement s\u00e9duire par nos massages relaxants, nos s\u00e9ances de r\u00e9flexologie plantaire et l\u2019univers apaisant d\u2019<strong data-start=\"423\" data-end=\"436\">AnimaFlow<\/strong>.<\/p>\r\n\r\n\r\n\r\n<p><strong>Prenez rendez-vous rapidement !<\/strong><\/p>\r\n\r\n\r\n\r\n<h4 class=\"wp-block-heading\">Comment R\u00e9server ?<\/h4>\r\n\r\n\r\n\r\n<p><strong>En ligne :<\/strong><\/p>\r\n\r\n\r\n\r\n<ul class=\"wp-block-list\">\r\n<li>Disponible 24h\/24 et 7j\/7<\/li>\r\n\r\n\r\n\r\n<li>Directement sur ce site en cliquant sur le bouton en haut \u00e0 droite.<\/li>\r\n<\/ul>\r\n\r\n\r\n\r\n<p><strong>Par t\u00e9l\u00e9phone :<\/strong><\/p>\r\n\r\n\r\n\r\n<ul class=\"wp-block-list\">\r\n<li>Disponible <strong>24h<\/strong>\/<strong>24<\/strong> et <strong>7j\/7<\/strong><\/li>\r\n\r\n\r\n\r\n<li><strong>Polyclinique Charles-Quint Ganshoren<\/strong> : 02 \/ 431 64 03<\/li>\r\n\r\n\r\n\r\n<li><strong>Cabinet Colfontaine<\/strong> : 065 \/ 14 04 39<\/li>\r\n\r\n\r\n\r\n<li>Utilisez de pr\u00e9f\u00e9rence votre GSM pour b\u00e9n\u00e9ficier gratuitement du rappel par SMS.<\/li>\r\n<\/ul>\r\n\r\n\r\n\r\n<p><strong>NB : 1 patient = 1 rendez-vous.<\/strong> Si votre visite concerne plusieurs patients, merci de r\u00e9server plusieurs rendez-vous.<\/p>\r\n\r\n\r\n\r\n<h4 class=\"wp-block-heading\">Contactez-nous :<\/h4>\r\n\r\n\r\n\r\n<ul class=\"wp-block-list\">\r\n<li><strong>Email :<\/strong> <a>podologueelisee@gmail.com<\/a> | <a>ileiracosmetiques@gmail.com<\/a><\/li>\r\n\r\n\r\n\r\n<li><strong>Site web :<\/strong> <a href=\"http:\/\/www.podologueelisee.be\/fr\/\">www.podologueelisee.be<\/a><\/li>\r\n\r\n\r\n\r\n<li><strong>T\u00e9l\u00e9phone :<\/strong> +32 65 75 55 39<\/li>\r\n<\/ul>\r\n\r\n\r\n\r\n<p><strong>Cabinet priv\u00e9 :<\/strong><br \/>7340 Colfontaine<br \/>Rue du Mar\u00e9chal Joffre 62<\/p>\r\n\r\n\r\n\r\n<p><strong>Polyclinique Charles-Quint :<\/strong><br \/>1083 Bruxelles<br \/>Avenue Charles Quint 372<\/p>\r\n\r\n\r\n\r\n<p><strong>Modes de paiement :<\/strong><\/p>\r\n\r\n\r\n\r\n<ul class=\"wp-block-list\">\r\n<li>Paiement par application de smartbanking sur t\u00e9l\u00e9phone<\/li>\r\n\r\n\r\n\r\n<li>Cash<\/li>\r\n<\/ul>\r\n\r\n\r\n\r\n<p><a title=\"\" href=\"https:\/\/www.instagram.com\/ileiracosmetics?igsh=d3M4OWVldm00NWU5\" target=\"_blank\" rel=\"noopener\">Instagram<\/a><\/p>\r\n\r\n\r\n\r\n<p><a title=\"\" href=\"https:\/\/www.facebook.com\/Ileiracosmetics?mibextid=LQQJ4d\" target=\"_blank\" rel=\"noopener\">Facebook<\/a><\/p>\r\n\r\n\r\n\r\n<p><strong><a title=\"\" href=\"https:\/\/www.tiktok.com\/@ileiracosmetics?_t=8ndt7nEqc4n&amp;_r=1\" target=\"_blank\" rel=\"noopener\">TikTok<\/a> <\/strong><\/p>","protected":false},"excerpt":{"rendered":"<p>Elis\u00e9e Zola : Profitez de soins de qualit\u00e9, issus de mon exp\u00e9rience et de mon savoir-faire. Des produits naturels, v\u00e9gans et \u00e9coresponsables sont l\u00e0 pour chouchouter vos pieds, votre visage &hellip; <\/p>","protected":false},"author":8,"featured_media":0,"parent":0,"menu_order":0,"comment_status":"closed","ping_status":"closed","template":"","meta":{"_monsterinsights_skip_tracking":false,"_monsterinsights_sitenote_active":false,"_monsterinsights_sitenote_note":"","_monsterinsights_sitenote_category":0,"footnotes":""},"class_list":["post-986","page","type-page","status-publish","hentry"],"aioseo_notices":[],"jetpack_sharing_enabled":true,"_links":{"self":[{"href":"https:\/\/www.podologueelisee.be\/fr\/wp-json\/wp\/v2\/pages\/986","targetHints":{"allow":["GET"]}}],"collection":[{"href":"https:\/\/www.podologueelisee.be\/fr\/wp-json\/wp\/v2\/pages"}],"about":[{"href":"https:\/\/www.podologueelisee.be\/fr\/wp-json\/wp\/v2\/types\/page"}],"author":[{"embeddable":true,"href":"https:\/\/www.podologueelisee.be\/fr\/wp-json\/wp\/v2\/users\/8"}],"replies":[{"embeddable":true,"href":"https:\/\/www.podologueelisee.be\/fr\/wp-json\/wp\/v2\/comments?post=986"}],"version-history":[{"count":11,"href":"https:\/\/www.podologueelisee.be\/fr\/wp-json\/wp\/v2\/pages\/986\/revisions"}],"predecessor-version":[{"id":1259,"href":"https:\/\/www.podologueelisee.be\/fr\/wp-json\/wp\/v2\/pages\/986\/revisions\/1259"}],"wp:attachment":[{"href":"https:\/\/www.podologueelisee.be\/fr\/wp-json\/wp\/v2\/media?parent=986"}],"curies":[{"name":"wp","href":"https:\/\/api.w.org\/{rel}","templated":true}]}}