{"id":1109,"date":"2025-06-14T13:32:44","date_gmt":"2025-06-14T11:32:44","guid":{"rendered":"https:\/\/www.podologueelisee.be\/?post_type=product&#038;p=1109"},"modified":"2025-06-14T13:32:44","modified_gmt":"2025-06-14T11:32:44","slug":"kit-voyage-ileira-cosmetics","status":"publish","type":"product","link":"https:\/\/www.podologueelisee.be\/fr\/produit\/kit-voyage-ileira-cosmetics\/","title":{"rendered":"Kit voyage Ileira Cosmetics"},"content":{"rendered":"<p>\u2600\ufe0f \ud835\udc15\ud835\udc1a\ud835\udc1c\ud835\udc1a\ud835\udc27\ud835\udc1c\ud835\udc1e\ud835\udc2c \ud835\udc1e\ud835\udc27 \ud835\udc2f\ud835\udc2e\ud835\udc1e ?<\/p>\n<p>\ud835\ude18\ud835\ude36\ud835\ude26 \ud835\ude35\ud835\ude36 \ud835\ude31\ud835\ude22\ud835\ude33\ud835\ude35\ud835\ude26\ud835\ude34 \ud835\ude22\u0300 \ud835\ude2d\ud835\ude22 \ud835\ude31\ud835\ude2d\ud835\ude22\ud835\ude28\ud835\ude26, \ud835\ude22\u0300 \ud835\ude2d\ud835\ude22 \ud835\ude2e\ud835\ude30\ud835\ude2f\ud835\ude35\ud835\ude22\ud835\ude28\ud835\ude2f\ud835\ude26 \ud835\ude30\ud835\ude36 \ud835\ude26\ud835\ude2f \ud835\ude24\ud835\ude2a\ud835\ude35\ud835\ude3a-\ud835\ude35\ud835\ude33\ud835\ude2a\ud835\ude31\u2026 \ud835\ude35\ud835\ude22 \ud835\ude35\ud835\ude33\ud835\ude30\ud835\ude36\ud835\ude34\ud835\ude34\ud835\ude26 \ud835\ude23\ud835\ude26\ud835\ude22\ud835\ude36\ud835\ude35\ud835\ude26\u0301 \ud835\ude2e\ud835\ude26\u0301\ud835\ude33\ud835\ude2a\ud835\ude35\ud835\ude26 \ud835\ude2d\ud835\ude26 \ud835\ude2e\ud835\ude26\ud835\ude2a\ud835\ude2d\ud835\ude2d\ud835\ude26\ud835\ude36\ud835\ude33 !<\/p>\n<p>\u2728 \ud835\udde6\ud835\uddfd\ud835\uddf2\u0301\ud835\uddf0\ud835\uddf6\ud835\uddee\ud835\uddf9 \ud835\uddf2\u0301\ud835\ude01\ud835\uddf2\u0301 : mise sur l\u2019hydratation, la douceur et le soin avec le \ud835\uddde\ud835\uddf6\ud835\ude01 \ud835\ude03\ud835\uddfc\ud835\ude06\ud835\uddee\ud835\uddf4\ud835\uddf2 \ud835\udddc\ud835\uddf9\ud835\uddf2\ud835\uddf6\ud835\uddff\ud835\uddee \ud835\uddd6\ud835\uddfc\ud835\ude00\ud835\uddfa\ud835\uddf2\ud835\ude01\ud835\uddf6\ud835\uddf0\ud835\ude00, parfait pour garder ta peau et tes cheveux en pleine forme o\u00f9 que tu sois :<\/p>\n<p>\ud83e\uddf4 \ud835\uddd6\ud835\uddfc\ud835\uddff\ud835\uddfd\ud835\ude00 : lait corps , gommage Sea , savon doux format mini pour une peau douce, exfoli\u00e9e et nourrie en toute l\u00e9g\u00e8ret\u00e9.<\/p>\n<p>\ud83c\udf38 \ud835\udde9\ud835\uddf6\ud835\ude00\ud835\uddee\ud835\uddf4\ud835\uddf2: cr\u00e8me hydratante, gommage Candy, masque Ileira Wema mini format pour un teint frais, hydrat\u00e9 et \u00e9clatant m\u00eame sous le soleil.<\/p>\n<p>\ud83d\udc86\u200d\u2640\ufe0f \ud835\uddd6\ud835\uddf5\ud835\uddf2\ud835\ude03\ud835\uddf2\ud835\ude02\ud835\ude05 : baume cheveux, s\u00e9rum cheveux pour des cheveux soign\u00e9s, brillants et prot\u00e9g\u00e9s pendant tes aventures.<\/p>\n<p>\ud83c\udf92 \ud835\udde3\ud835\uddff\ud835\uddf6\ud835\ude05 \ud835\uddf1\ud835\ude02 \ud835\uddf8\ud835\uddf6\ud835\ude01 : 30\u20ac<br \/>\nTous les produits sont en format voyage (max. 100 ml), parfaits pour embarquer sans souci et avec la qualit\u00e9 Ileira que tu aimes.<\/p>\n<p>\ud83c\udf0d En achetant ce kit, tu re\u00e7ois ta trousse Ileira pratique et styl\u00e9e, et surtout tu contribues \u00e0 une belle cause : 1 \u20ac par trousse est revers\u00e9 \u00e0 la fondation ZEV qui soutient les femmes marginalis\u00e9es et pr\u00e9caris\u00e9es au Congo.\u263a\ufe0f<\/p>\n<p>Pr\u00eate \u00e0 voyager l\u00e9g\u00e8re, belle et engag\u00e9e ?<br \/>\nPr\u00e9pare ta trousse avec Ileira, parce que ta peau et tes cheveux m\u00e9ritent le meilleur, m\u00eame (et surtout) en vacances \ud83c\udf3f<\/p>","protected":false},"excerpt":{"rendered":"<p>\u2600\ufe0f \ud835\udc15\ud835\udc1a\ud835\udc1c\ud835\udc1a\ud835\udc27\ud835\udc1c\ud835\udc1e\ud835\udc2c \ud835\udc1e\ud835\udc27 \ud835\udc2f\ud835\udc2e\ud835\udc1e ? \ud835\ude18\ud835\ude36\ud835\ude26 \ud835\ude35\ud835\ude36 \ud835\ude31\ud835\ude22\ud835\ude33\ud835\ude35\ud835\ude26\ud835\ude34 \ud835\ude22\u0300 \ud835\ude2d\ud835\ude22 \ud835\ude31\ud835\ude2d\ud835\ude22\ud835\ude28\ud835\ude26, \ud835\ude22\u0300 \ud835\ude2d\ud835\ude22 \ud835\ude2e\ud835\ude30\ud835\ude2f\ud835\ude35\ud835\ude22\ud835\ude28\ud835\ude2f\ud835\ude26 \ud835\ude30\ud835\ude36 \ud835\ude26\ud835\ude2f \ud835\ude24\ud835\ude2a\ud835\ude35\ud835\ude3a-\ud835\ude35\ud835\ude33\ud835\ude2a\ud835\ude31\u2026 \ud835\ude35\ud835\ude22 \ud835\ude35\ud835\ude33\ud835\ude30\ud835\ude36\ud835\ude34\ud835\ude34\ud835\ude26 \ud835\ude23\ud835\ude26\ud835\ude22\ud835\ude36\ud835\ude35\ud835\ude26\u0301 \ud835\ude2e\ud835\ude26\u0301\ud835\ude33\ud835\ude2a\ud835\ude35\ud835\ude26 \ud835\ude2d\ud835\ude26 \ud835\ude2e\ud835\ude26\ud835\ude2a\ud835\ude2d\ud835\ude2d\ud835\ude26\ud835\ude36\ud835\ude33 ! \u2728 \ud835\udde6\ud835\uddfd\ud835\uddf2\u0301\ud835\uddf0\ud835\uddf6\ud835\uddee\ud835\uddf9 \ud835\uddf2\u0301\ud835\ude01\ud835\uddf2\u0301 : mise sur &hellip; <\/p>","protected":false},"featured_media":1110,"comment_status":"open","ping_status":"closed","template":"","meta":{"_monsterinsights_skip_tracking":false,"_monsterinsights_sitenote_active":false,"_monsterinsights_sitenote_note":"","_monsterinsights_sitenote_category":0},"product_brand":[],"product_cat":[83],"product_tag":[],"class_list":{"0":"post-1109","1":"product","2":"type-product","3":"status-publish","4":"has-post-thumbnail","6":"product_cat-kit-voyage-ileira-cosmetics","8":"first","9":"instock","10":"shipping-taxable","11":"purchasable","12":"product-type-simple"},"aioseo_notices":[],"jetpack_sharing_enabled":true,"_links":{"self":[{"href":"https:\/\/www.podologueelisee.be\/fr\/wp-json\/wp\/v2\/product\/1109","targetHints":{"allow":["GET"]}}],"collection":[{"href":"https:\/\/www.podologueelisee.be\/fr\/wp-json\/wp\/v2\/product"}],"about":[{"href":"https:\/\/www.podologueelisee.be\/fr\/wp-json\/wp\/v2\/types\/product"}],"replies":[{"embeddable":true,"href":"https:\/\/www.podologueelisee.be\/fr\/wp-json\/wp\/v2\/comments?post=1109"}],"wp:featuredmedia":[{"embeddable":true,"href":"https:\/\/www.podologueelisee.be\/fr\/wp-json\/wp\/v2\/media\/1110"}],"wp:attachment":[{"href":"https:\/\/www.podologueelisee.be\/fr\/wp-json\/wp\/v2\/media?parent=1109"}],"wp:term":[{"taxonomy":"product_brand","embeddable":true,"href":"https:\/\/www.podologueelisee.be\/fr\/wp-json\/wp\/v2\/product_brand?post=1109"},{"taxonomy":"product_cat","embeddable":true,"href":"https:\/\/www.podologueelisee.be\/fr\/wp-json\/wp\/v2\/product_cat?post=1109"},{"taxonomy":"product_tag","embeddable":true,"href":"https:\/\/www.podologueelisee.be\/fr\/wp-json\/wp\/v2\/product_tag?post=1109"}],"curies":[{"name":"wp","href":"https:\/\/api.w.org\/{rel}","templated":true}]}}