{"id":1167,"date":"2025-10-04T16:10:48","date_gmt":"2025-10-04T14:10:48","guid":{"rendered":"https:\/\/www.podologueelisee.be\/?post_type=product&#038;p=1167"},"modified":"2025-10-04T16:10:48","modified_gmt":"2025-10-04T14:10:48","slug":"trousse-ileira-artisanat-solidaire-et-elegant","status":"publish","type":"product","link":"https:\/\/www.podologueelisee.be\/fr\/produit\/trousse-ileira-artisanat-solidaire-et-elegant\/","title":{"rendered":"Trousse Ileira : artisanat solidaire et \u00e9l\u00e9gant"},"content":{"rendered":"<p><img fetchpriority=\"high\" decoding=\"async\" class=\"alignnone size-medium wp-image-1175\" src=\"https:\/\/www.podologueelisee.be\/wp-content\/uploads\/2025\/10\/WhatsApp-Image-2025-10-04-at-09.01.40-300x300.jpeg\" alt=\"Trousse Ileira\" width=\"300\" height=\"300\" srcset=\"https:\/\/www.podologueelisee.be\/wp-content\/uploads\/2025\/10\/WhatsApp-Image-2025-10-04-at-09.01.40-300x300.jpeg 300w, https:\/\/www.podologueelisee.be\/wp-content\/uploads\/2025\/10\/WhatsApp-Image-2025-10-04-at-09.01.40-150x150.jpeg 150w, https:\/\/www.podologueelisee.be\/wp-content\/uploads\/2025\/10\/WhatsApp-Image-2025-10-04-at-09.01.40-768x768.jpeg 768w, https:\/\/www.podologueelisee.be\/wp-content\/uploads\/2025\/10\/WhatsApp-Image-2025-10-04-at-09.01.40-12x12.jpeg 12w, https:\/\/www.podologueelisee.be\/wp-content\/uploads\/2025\/10\/WhatsApp-Image-2025-10-04-at-09.01.40-600x600.jpeg 600w, https:\/\/www.podologueelisee.be\/wp-content\/uploads\/2025\/10\/WhatsApp-Image-2025-10-04-at-09.01.40.jpeg 1024w\" sizes=\"(max-width: 300px) 100vw, 300px\" \/><\/p>\n<p>D\u00e9couvrez les magnifiques <strong>trousses Ileira<\/strong>, fabriqu\u00e9es \u00e0 la main avec soin et amour par les femmes entrepreneuses de la fondation ZEV. En effet, chaque trousse est un accessoire unique, id\u00e9al comme trousse de maquillage, trousse de voyage ou pochette de rangement \u00e9l\u00e9gante pour vos produits de beaut\u00e9 et accessoires du quotidien.<\/p>\n<p>\u2728 Un achat qui a du sens<br \/>\nEn commandant une <strong>trousse Ileira<\/strong>, vous contribuez directement \u00e0 une belle cause : 1 \u20ac est revers\u00e9 \u00e0 la fondation ZEV, qui soutient l\u2019entrepreneuriat f\u00e9minin et encourage les initiatives locales.<\/p>\n<p><img decoding=\"async\" class=\"alignnone size-medium wp-image-1174\" src=\"https:\/\/www.podologueelisee.be\/wp-content\/uploads\/2025\/10\/WhatsApp-Image-2025-10-04-at-09.21.16-1-300x217.jpeg\" alt=\"Trousse Ileira\" width=\"300\" height=\"217\" srcset=\"https:\/\/www.podologueelisee.be\/wp-content\/uploads\/2025\/10\/WhatsApp-Image-2025-10-04-at-09.21.16-1-300x217.jpeg 300w, https:\/\/www.podologueelisee.be\/wp-content\/uploads\/2025\/10\/WhatsApp-Image-2025-10-04-at-09.21.16-1-1024x739.jpeg 1024w, https:\/\/www.podologueelisee.be\/wp-content\/uploads\/2025\/10\/WhatsApp-Image-2025-10-04-at-09.21.16-1-768x554.jpeg 768w, https:\/\/www.podologueelisee.be\/wp-content\/uploads\/2025\/10\/WhatsApp-Image-2025-10-04-at-09.21.16-1-1536x1109.jpeg 1536w, https:\/\/www.podologueelisee.be\/wp-content\/uploads\/2025\/10\/WhatsApp-Image-2025-10-04-at-09.21.16-1-18x12.jpeg 18w, https:\/\/www.podologueelisee.be\/wp-content\/uploads\/2025\/10\/WhatsApp-Image-2025-10-04-at-09.21.16-1-600x433.jpeg 600w, https:\/\/www.podologueelisee.be\/wp-content\/uploads\/2025\/10\/WhatsApp-Image-2025-10-04-at-09.21.16-1.jpeg 1707w\" sizes=\"(max-width: 300px) 100vw, 300px\" \/><\/p>\n<p>\ud83d\udc8e <strong>Pourquoi choisir la trousse Ileira ?<\/strong><\/p>\n<ul>\n<li>Artisanat 100 % fait main<\/li>\n<li>Design \u00e9l\u00e9gant et durable<\/li>\n<li>Id\u00e9e cadeau solidaire et originale<\/li>\n<\/ul>\n<p><strong>Soutien direct aux femmes entrepreneuses locales<\/strong><\/p>\n<p>\ud83d\udc96 Offrez-vous un accessoire pratique, esth\u00e9tique et porteur de valeurs. Que ce soit pour vous accompagner au quotidien ou comme cadeau symbolique \u00e0 un proche, la trousse Ileira est le parfait m\u00e9lange de solidarit\u00e9, qualit\u00e9 artisanale et style intemporel.<\/p>\n<p>\ud83d\udc49 Commandez d\u00e8s maintenant votre trousse Ileira sur notre site : www.podologueelisee.be<br \/>\net participez \u00e0 cette belle aventure humaine.<\/p>","protected":false},"excerpt":{"rendered":"<p>D\u00e9couvrez les magnifiques trousses Ileira, fabriqu\u00e9es \u00e0 la main avec soin et amour par les femmes entrepreneuses de la fondation ZEV. En effet, chaque trousse est un accessoire unique, id\u00e9al &hellip; <\/p>","protected":false},"featured_media":1168,"comment_status":"open","ping_status":"closed","template":"","meta":{"_monsterinsights_skip_tracking":false,"_monsterinsights_sitenote_active":false,"_monsterinsights_sitenote_note":"","_monsterinsights_sitenote_category":0},"product_brand":[],"product_cat":[85],"product_tag":[],"class_list":{"0":"post-1167","1":"product","2":"type-product","3":"status-publish","4":"has-post-thumbnail","6":"product_cat-trousse","8":"first","9":"instock","10":"shipping-taxable","11":"purchasable","12":"product-type-simple"},"aioseo_notices":[],"jetpack_sharing_enabled":true,"_links":{"self":[{"href":"https:\/\/www.podologueelisee.be\/fr\/wp-json\/wp\/v2\/product\/1167","targetHints":{"allow":["GET"]}}],"collection":[{"href":"https:\/\/www.podologueelisee.be\/fr\/wp-json\/wp\/v2\/product"}],"about":[{"href":"https:\/\/www.podologueelisee.be\/fr\/wp-json\/wp\/v2\/types\/product"}],"replies":[{"embeddable":true,"href":"https:\/\/www.podologueelisee.be\/fr\/wp-json\/wp\/v2\/comments?post=1167"}],"wp:featuredmedia":[{"embeddable":true,"href":"https:\/\/www.podologueelisee.be\/fr\/wp-json\/wp\/v2\/media\/1168"}],"wp:attachment":[{"href":"https:\/\/www.podologueelisee.be\/fr\/wp-json\/wp\/v2\/media?parent=1167"}],"wp:term":[{"taxonomy":"product_brand","embeddable":true,"href":"https:\/\/www.podologueelisee.be\/fr\/wp-json\/wp\/v2\/product_brand?post=1167"},{"taxonomy":"product_cat","embeddable":true,"href":"https:\/\/www.podologueelisee.be\/fr\/wp-json\/wp\/v2\/product_cat?post=1167"},{"taxonomy":"product_tag","embeddable":true,"href":"https:\/\/www.podologueelisee.be\/fr\/wp-json\/wp\/v2\/product_tag?post=1167"}],"curies":[{"name":"wp","href":"https:\/\/api.w.org\/{rel}","templated":true}]}}