{"id":1200,"date":"2025-12-21T15:23:35","date_gmt":"2025-12-21T14:23:35","guid":{"rendered":"https:\/\/www.podologueelisee.be\/?post_type=product&#038;p=1200"},"modified":"2025-12-21T15:29:18","modified_gmt":"2025-12-21T14:29:18","slug":"pack-wellness-60e-soin-des-pieds-et-reflexologie-plantaire","status":"publish","type":"product","link":"https:\/\/www.podologueelisee.be\/fr\/produit\/pack-wellness-60e-soin-des-pieds-et-reflexologie-plantaire\/","title":{"rendered":"Pack Wellness 60\u20ac : soin des pieds et r\u00e9flexologie plantaire"},"content":{"rendered":"<p>\ud835\udc01\ud835\udc1e\ud835\udc2c\ud835\udc28\ud835\udc22\ud835\udc27 \ud835\udc1d\u2019\ud835\udc2e\ud835\udc27 \ud835\udc2f\ud835\udc2b\ud835\udc1a\ud835\udc22 \ud835\udc26\ud835\udc28\ud835\udc26\ud835\udc1e\ud835\udc27\ud835\udc2d \ud835\udc29\ud835\udc28\ud835\udc2e\ud835\udc2b \ud835\udc2c\ud835\udc28\ud835\udc2e\ud835\udc1f\ud835\udc1f\ud835\udc25\ud835\udc1e\ud835\udc2b ?<\/p>\n<p>Le Pack Wellness (60 \u20ac) a \u00e9t\u00e9 pens\u00e9 pour celles et ceux qui donnent beaucoup et qui ont besoin de se retrouver<\/p>\n<p>Soin complet des pieds + R\u00e9flexologie plantaire<br \/>\nUn combo puissant pour :<br \/>\nlib\u00e9rer les tensions<br \/>\napaiser le syst\u00e8me nerveux<br \/>\nrelancer l\u2019\u00e9nergie<br \/>\nretrouver une sensation de l\u00e9g\u00e8ret\u00e9 imm\u00e9diate<\/p>\n<p>Id\u00e9al pour les personnes stress\u00e9es, les mamans surcharg\u00e9es, les actifs \u00e9puis\u00e9s\u2026 ou simplement pour s\u2019offrir un moment de reconnexion<\/p>\n<p>\u00ab Une d\u00e9tente incroyable\u2026 mon stress a fondu en quelques minutes \u00bb<br \/>\n\u00c0 s\u2019offrir ou \u00e0 offrir sans h\u00e9siter.<\/p>\n<p>\ud835\udde5\ud835\uddf2\u0301\ud835\ude00\ud835\uddf2\ud835\uddff\ud835\ude03\ud835\uddee\ud835\ude01\ud835\uddf6\ud835\uddfc\ud835\uddfb :\u00a0<a href=\"http:\/\/www.podologueelisee.be\/fr\/\">www.podologueelisee.be<\/a><\/p>\n<p>&nbsp;<\/p>","protected":false},"excerpt":{"rendered":"<p>\ud835\udc01\ud835\udc1e\ud835\udc2c\ud835\udc28\ud835\udc22\ud835\udc27 \ud835\udc1d\u2019\ud835\udc2e\ud835\udc27 \ud835\udc2f\ud835\udc2b\ud835\udc1a\ud835\udc22 \ud835\udc26\ud835\udc28\ud835\udc26\ud835\udc1e\ud835\udc27\ud835\udc2d \ud835\udc29\ud835\udc28\ud835\udc2e\ud835\udc2b \ud835\udc2c\ud835\udc28\ud835\udc2e\ud835\udc1f\ud835\udc1f\ud835\udc25\ud835\udc1e\ud835\udc2b ? Le Pack Wellness (60 \u20ac) a \u00e9t\u00e9 pens\u00e9 pour celles et ceux qui donnent beaucoup et qui ont besoin de se retrouver Soin &hellip; <\/p>","protected":false},"featured_media":1201,"comment_status":"open","ping_status":"closed","template":"","meta":{"_monsterinsights_skip_tracking":false,"_monsterinsights_sitenote_active":false,"_monsterinsights_sitenote_note":"","_monsterinsights_sitenote_category":0},"product_brand":[],"product_cat":[15],"product_tag":[],"class_list":{"0":"post-1200","1":"product","2":"type-product","3":"status-publish","4":"has-post-thumbnail","6":"product_cat-uncategorized","8":"first","9":"instock","10":"shipping-taxable","11":"purchasable","12":"product-type-simple"},"aioseo_notices":[],"jetpack_sharing_enabled":true,"_links":{"self":[{"href":"https:\/\/www.podologueelisee.be\/fr\/wp-json\/wp\/v2\/product\/1200","targetHints":{"allow":["GET"]}}],"collection":[{"href":"https:\/\/www.podologueelisee.be\/fr\/wp-json\/wp\/v2\/product"}],"about":[{"href":"https:\/\/www.podologueelisee.be\/fr\/wp-json\/wp\/v2\/types\/product"}],"replies":[{"embeddable":true,"href":"https:\/\/www.podologueelisee.be\/fr\/wp-json\/wp\/v2\/comments?post=1200"}],"wp:featuredmedia":[{"embeddable":true,"href":"https:\/\/www.podologueelisee.be\/fr\/wp-json\/wp\/v2\/media\/1201"}],"wp:attachment":[{"href":"https:\/\/www.podologueelisee.be\/fr\/wp-json\/wp\/v2\/media?parent=1200"}],"wp:term":[{"taxonomy":"product_brand","embeddable":true,"href":"https:\/\/www.podologueelisee.be\/fr\/wp-json\/wp\/v2\/product_brand?post=1200"},{"taxonomy":"product_cat","embeddable":true,"href":"https:\/\/www.podologueelisee.be\/fr\/wp-json\/wp\/v2\/product_cat?post=1200"},{"taxonomy":"product_tag","embeddable":true,"href":"https:\/\/www.podologueelisee.be\/fr\/wp-json\/wp\/v2\/product_tag?post=1200"}],"curies":[{"name":"wp","href":"https:\/\/api.w.org\/{rel}","templated":true}]}}