{"id":1205,"date":"2025-12-21T15:52:57","date_gmt":"2025-12-21T14:52:57","guid":{"rendered":"https:\/\/www.podologueelisee.be\/?post_type=product&#038;p=1205"},"modified":"2025-12-21T16:12:41","modified_gmt":"2025-12-21T15:12:41","slug":"pack-serenity-reflexologie-et-respiration-meditative","status":"publish","type":"product","link":"https:\/\/www.podologueelisee.be\/fr\/produit\/pack-serenity-reflexologie-et-respiration-meditative\/","title":{"rendered":"Pack Serenity  : r\u00e9flexologie et respiration m\u00e9ditative"},"content":{"rendered":"<div style=\"width: 480px;\" class=\"wp-video\"><video class=\"wp-video-shortcode\" id=\"video-1205-1\" width=\"480\" height=\"480\" preload=\"metadata\" controls=\"controls\"><source type=\"video\/mp4\" src=\"https:\/\/www.podologueelisee.be\/wp-content\/uploads\/2025\/12\/Pack-Serenity.mp4?_=1\" \/><a href=\"https:\/\/www.podologueelisee.be\/wp-content\/uploads\/2025\/12\/Pack-Serenity.mp4\">https:\/\/www.podologueelisee.be\/wp-content\/uploads\/2025\/12\/Pack-Serenity.mp4<\/a><\/video><\/div>\n<p>\ud835\udc04\ud835\udc2d \ud835\udc2c\ud835\udc22 \ud835\udc2f\ud835\udc28\ud835\udc2e\ud835\udc2c \ud835\udc1c\ud835\udc28\ud835\udc26\ud835\udc26\ud835\udc1e\ud835\udc27\ud835\udc1c\ud835\udc22\ud835\udc1e\ud835\udc33 \ud835\udc25\ud835\udc1a \ud835\udc27\ud835\udc28\ud835\udc2e\ud835\udc2f\ud835\udc1e\ud835\udc25\ud835\udc25\ud835\udc1e \ud835\udc1a\ud835\udc27\ud835\udc27\ud835\udc1e\u0301\ud835\udc1e \ud835\udc1e\ud835\udc27 \ud835\udc29\ud835\udc1a\ud835\udc22\ud835\udc31 ? \u2728<\/p>\n<p>Avant de tourner la page de l\u2019ann\u00e9e, offrez-vous (ou offrez \u00e0 un proche) une v\u00e9ritable parenth\u00e8se de bien-\u00eatre.<br \/>\nLe \ud835\udde3\ud835\uddee\ud835\uddf0\ud835\uddf8 \ud835\udde6\ud835\uddf2\ud835\uddff\ud835\uddf2\ud835\uddfb\ud835\uddf6\ud835\ude01\ud835\ude06 \u2013 \ud835\udddc\ud835\udddf\ud835\uddd8\ud835\udddc\ud835\udde5\ud835\uddd4, c\u2019est un moment pour ralentir, respirer et rel\u00e2cher les tensions du corps et de l\u2019esprit.<\/p>\n<p>\ud83c\udf3f R\u00e9flexologie<br \/>\n\ud83c\udf3f Respiration m\u00e9ditative<br \/>\n\ud83c\udf3f Apaisement profond<\/p>\n<p>Le cadeau id\u00e9al pour se recentrer et accueillir la nouvelle ann\u00e9e avec s\u00e9r\u00e9nit\u00e9.<\/p>\n<p>\ud83d\udc86\u200d\u2640\ufe0f \ud835\udde3\ud835\uddee\ud835\uddf0\ud835\uddf8 \ud835\udde6\ud835\uddf2\ud835\uddff\ud835\uddf2\ud835\uddfb\ud835\uddf6\ud835\ude01\ud835\ude06 : \ud835\udff0\ud835\udfec \u20ac<br \/>\n\ud83d\udcc5 \ud835\udde5\ud835\uddf2\u0301\ud835\ude00\ud835\uddf2\ud835\uddff\ud835\ude03\ud835\uddee\ud835\ude01\ud835\uddf6\ud835\uddfc\ud835\uddfb \ud835\ude00\ud835\ude02\ud835\uddff www.podologueelise.be<br \/>\n\ud83d\udcde +32 484 63 83 26<br \/>\nILEIRA, le bien-\u00eatre qui fait du bien.<\/p>","protected":false},"excerpt":{"rendered":"<p>\ud835\udde3\ud835\uddee\ud835\uddf0\ud835\uddf8 \ud835\udde6\ud835\uddf2\ud835\uddff\ud835\uddf2\ud835\uddfb\ud835\uddf6\ud835\ude01\ud835\ude06\u00a0 \ud835\udddc\ud835\udddf\ud835\uddd8\ud835\udddc\ud835\udde5\ud835\uddd4, c\u2019est un moment pour ralentir, respirer et rel\u00e2cher les tensions du corps et de l\u2019esprit.<\/p>","protected":false},"featured_media":1206,"comment_status":"open","ping_status":"closed","template":"","meta":{"_monsterinsights_skip_tracking":false,"_monsterinsights_sitenote_active":false,"_monsterinsights_sitenote_note":"","_monsterinsights_sitenote_category":0},"product_brand":[],"product_cat":[15],"product_tag":[],"class_list":{"0":"post-1205","1":"product","2":"type-product","3":"status-publish","4":"has-post-thumbnail","6":"product_cat-uncategorized","8":"first","9":"instock","10":"shipping-taxable","11":"purchasable","12":"product-type-simple"},"aioseo_notices":[],"jetpack_sharing_enabled":true,"_links":{"self":[{"href":"https:\/\/www.podologueelisee.be\/fr\/wp-json\/wp\/v2\/product\/1205","targetHints":{"allow":["GET"]}}],"collection":[{"href":"https:\/\/www.podologueelisee.be\/fr\/wp-json\/wp\/v2\/product"}],"about":[{"href":"https:\/\/www.podologueelisee.be\/fr\/wp-json\/wp\/v2\/types\/product"}],"replies":[{"embeddable":true,"href":"https:\/\/www.podologueelisee.be\/fr\/wp-json\/wp\/v2\/comments?post=1205"}],"wp:featuredmedia":[{"embeddable":true,"href":"https:\/\/www.podologueelisee.be\/fr\/wp-json\/wp\/v2\/media\/1206"}],"wp:attachment":[{"href":"https:\/\/www.podologueelisee.be\/fr\/wp-json\/wp\/v2\/media?parent=1205"}],"wp:term":[{"taxonomy":"product_brand","embeddable":true,"href":"https:\/\/www.podologueelisee.be\/fr\/wp-json\/wp\/v2\/product_brand?post=1205"},{"taxonomy":"product_cat","embeddable":true,"href":"https:\/\/www.podologueelisee.be\/fr\/wp-json\/wp\/v2\/product_cat?post=1205"},{"taxonomy":"product_tag","embeddable":true,"href":"https:\/\/www.podologueelisee.be\/fr\/wp-json\/wp\/v2\/product_tag?post=1205"}],"curies":[{"name":"wp","href":"https:\/\/api.w.org\/{rel}","templated":true}]}}