{"id":1212,"date":"2025-12-21T17:33:02","date_gmt":"2025-12-21T16:33:02","guid":{"rendered":"https:\/\/www.podologueelisee.be\/?post_type=product&#038;p=1212"},"modified":"2025-12-21T17:47:31","modified_gmt":"2025-12-21T16:47:31","slug":"pack-hydra-rituel-hydratant-pour-une-peau-eclatante","status":"publish","type":"product","link":"https:\/\/www.podologueelisee.be\/fr\/produit\/pack-hydra-rituel-hydratant-pour-une-peau-eclatante\/","title":{"rendered":"Pack Hydra : rituel hydratant pour une peau \u00e9clatante"},"content":{"rendered":"<p>Froid, vent, peau qui tiraille ? Offrez \u00e0 votre visage une routine compl\u00e8te pour hydrater, exfolier et r\u00e9v\u00e9ler l\u2019\u00e9clat naturel de votre peau.<\/p>\n<p>\u2728 Hydratation intense<br \/>\n\ud83c\udf6c Exfoliation douce<br \/>\n\ud83c\udf3f Teint frais et revitalis\u00e9<br \/>\nUn v\u00e9ritable moment cocooning \u00e0 seulement 35 \u20ac.<br \/>\n\ud83d\udccd Disponible chez Ileira<br \/>\n\ud83d\udcf2 R\u00e9servez d\u00e8s maintenant sur www.podologueelise.be<br \/>\n\ud83d\udcde Ou contactez-nous au +32 484 63 83 26<\/p>","protected":false},"excerpt":{"rendered":"<p>Froid, vent, peau qui tiraille ? Offrez \u00e0 votre visage une routine compl\u00e8te pour hydrater, exfolier et r\u00e9v\u00e9ler l\u2019\u00e9clat naturel de votre peau. \u2728 Hydratation intense \ud83c\udf6c Exfoliation douce \ud83c\udf3f &hellip; <\/p>","protected":false},"featured_media":1213,"comment_status":"open","ping_status":"closed","template":"","meta":{"_monsterinsights_skip_tracking":false,"_monsterinsights_sitenote_active":false,"_monsterinsights_sitenote_note":"","_monsterinsights_sitenote_category":0},"product_brand":[],"product_cat":[87],"product_tag":[],"class_list":{"0":"post-1212","1":"product","2":"type-product","3":"status-publish","4":"has-post-thumbnail","6":"product_cat-pack-hydra","8":"first","9":"instock","10":"shipping-taxable","11":"purchasable","12":"product-type-simple"},"aioseo_notices":[],"jetpack_sharing_enabled":true,"_links":{"self":[{"href":"https:\/\/www.podologueelisee.be\/fr\/wp-json\/wp\/v2\/product\/1212","targetHints":{"allow":["GET"]}}],"collection":[{"href":"https:\/\/www.podologueelisee.be\/fr\/wp-json\/wp\/v2\/product"}],"about":[{"href":"https:\/\/www.podologueelisee.be\/fr\/wp-json\/wp\/v2\/types\/product"}],"replies":[{"embeddable":true,"href":"https:\/\/www.podologueelisee.be\/fr\/wp-json\/wp\/v2\/comments?post=1212"}],"wp:featuredmedia":[{"embeddable":true,"href":"https:\/\/www.podologueelisee.be\/fr\/wp-json\/wp\/v2\/media\/1213"}],"wp:attachment":[{"href":"https:\/\/www.podologueelisee.be\/fr\/wp-json\/wp\/v2\/media?parent=1212"}],"wp:term":[{"taxonomy":"product_brand","embeddable":true,"href":"https:\/\/www.podologueelisee.be\/fr\/wp-json\/wp\/v2\/product_brand?post=1212"},{"taxonomy":"product_cat","embeddable":true,"href":"https:\/\/www.podologueelisee.be\/fr\/wp-json\/wp\/v2\/product_cat?post=1212"},{"taxonomy":"product_tag","embeddable":true,"href":"https:\/\/www.podologueelisee.be\/fr\/wp-json\/wp\/v2\/product_tag?post=1212"}],"curies":[{"name":"wp","href":"https:\/\/api.w.org\/{rel}","templated":true}]}}