{"id":1220,"date":"2025-12-21T18:02:05","date_gmt":"2025-12-21T17:02:05","guid":{"rendered":"https:\/\/www.podologueelisee.be\/?post_type=product&#038;p=1220"},"modified":"2025-12-21T18:14:31","modified_gmt":"2025-12-21T17:14:31","slug":"pack-pigma-le-cadeau-qui-illumine-la-peau-pour-noel","status":"publish","type":"product","link":"https:\/\/www.podologueelisee.be\/fr\/produit\/pack-pigma-le-cadeau-qui-illumine-la-peau-pour-noel\/","title":{"rendered":"PACK PIGMA : le cadeau qui illumine la peau pour No\u00ebl"},"content":{"rendered":"<p>Offrez (ou offrez-vous) une routine compl\u00e8te pour att\u00e9nuer les taches, unifier le teint et r\u00e9v\u00e9ler l\u2019\u00e9clat naturel de la peau.<br \/>\nUne attention pr\u00e9cieuse, utile et visible d\u00e8s les premi\u00e8res semaines.<br \/>\n\ud83c\udf1f Teint plus net<br \/>\n\ud83d\udcab Peau lumineuse<br \/>\n\ud83c\udf3f Soin naturel et cibl\u00e9<br \/>\n\ud83c\udf84 Disponible au prix de 45 \u20ac<br \/>\n\ud83d\udc49 Commandez d\u00e8s maintenant<br \/>\n\ud83c\udf10 www.podologueelisee.be<\/p>","protected":false},"excerpt":{"rendered":"<p>Une routine compl\u00e8te pour att\u00e9nuer les taches, unifier le teint et r\u00e9v\u00e9ler l\u2019\u00e9clat naturel de la peau.<\/p>","protected":false},"featured_media":1222,"comment_status":"open","ping_status":"closed","template":"","meta":{"_monsterinsights_skip_tracking":false,"_monsterinsights_sitenote_active":false,"_monsterinsights_sitenote_note":"","_monsterinsights_sitenote_category":0},"product_brand":[],"product_cat":[88],"product_tag":[],"class_list":{"0":"post-1220","1":"product","2":"type-product","3":"status-publish","4":"has-post-thumbnail","6":"product_cat-pack-pigma","8":"first","9":"instock","10":"shipping-taxable","11":"purchasable","12":"product-type-simple"},"aioseo_notices":[],"jetpack_sharing_enabled":true,"_links":{"self":[{"href":"https:\/\/www.podologueelisee.be\/fr\/wp-json\/wp\/v2\/product\/1220","targetHints":{"allow":["GET"]}}],"collection":[{"href":"https:\/\/www.podologueelisee.be\/fr\/wp-json\/wp\/v2\/product"}],"about":[{"href":"https:\/\/www.podologueelisee.be\/fr\/wp-json\/wp\/v2\/types\/product"}],"replies":[{"embeddable":true,"href":"https:\/\/www.podologueelisee.be\/fr\/wp-json\/wp\/v2\/comments?post=1220"}],"wp:featuredmedia":[{"embeddable":true,"href":"https:\/\/www.podologueelisee.be\/fr\/wp-json\/wp\/v2\/media\/1222"}],"wp:attachment":[{"href":"https:\/\/www.podologueelisee.be\/fr\/wp-json\/wp\/v2\/media?parent=1220"}],"wp:term":[{"taxonomy":"product_brand","embeddable":true,"href":"https:\/\/www.podologueelisee.be\/fr\/wp-json\/wp\/v2\/product_brand?post=1220"},{"taxonomy":"product_cat","embeddable":true,"href":"https:\/\/www.podologueelisee.be\/fr\/wp-json\/wp\/v2\/product_cat?post=1220"},{"taxonomy":"product_tag","embeddable":true,"href":"https:\/\/www.podologueelisee.be\/fr\/wp-json\/wp\/v2\/product_tag?post=1220"}],"curies":[{"name":"wp","href":"https:\/\/api.w.org\/{rel}","templated":true}]}}