{"id":1225,"date":"2025-12-21T18:30:38","date_gmt":"2025-12-21T17:30:38","guid":{"rendered":"https:\/\/www.podologueelisee.be\/?post_type=product&#038;p=1225"},"modified":"2025-12-21T18:30:38","modified_gmt":"2025-12-21T17:30:38","slug":"pack-pura-routine-ideale-pour-les-peaux-mixtes-a-grasses","status":"publish","type":"product","link":"https:\/\/www.podologueelisee.be\/fr\/produit\/pack-pura-routine-ideale-pour-les-peaux-mixtes-a-grasses\/","title":{"rendered":"Pack Pura routine id\u00e9ale pour les peaux mixtes \u00e0 grasses"},"content":{"rendered":"<p>Votre peau a besoin d\u2019\u00e9quilibre, pas d\u2019agression.<br \/>\nLe Pack Pura nettoie en douceur, r\u00e9gule l\u2019exc\u00e8s de s\u00e9bum et apaise les inflammations pour une peau nette, fra\u00eeche et lumineuse jour apr\u00e8s jour.<br \/>\n\ud83d\udca7 Hydrate &amp; \u00e9quilibre<br \/>\n\ud83e\uddfc Purifie sans dess\u00e9cher<br \/>\n\u2728 D\u00e9sincruste &amp; illumine<br \/>\n\ud83c\udf3f Routine compl\u00e8te \u00e0 35 \u20ac<br \/>\n\ud83d\udc49 R\u00e9servez d\u00e8s maintenant<br \/>\n\ud83c\udf10 www.podologueelisee.be<\/p>","protected":false},"excerpt":{"rendered":"<p>Le Pack Pura nettoie en douceur, r\u00e9gule l\u2019exc\u00e8s de s\u00e9bum et apaise les inflammations pour une peau nette, fra\u00eeche et lumineuse jour apr\u00e8s jour.<\/p>","protected":false},"featured_media":1226,"comment_status":"open","ping_status":"closed","template":"","meta":{"_monsterinsights_skip_tracking":false,"_monsterinsights_sitenote_active":false,"_monsterinsights_sitenote_note":"","_monsterinsights_sitenote_category":0},"product_brand":[],"product_cat":[89],"product_tag":[],"class_list":{"0":"post-1225","1":"product","2":"type-product","3":"status-publish","4":"has-post-thumbnail","6":"product_cat-pack-pura","8":"first","9":"instock","10":"shipping-taxable","11":"purchasable","12":"product-type-simple"},"aioseo_notices":[],"jetpack_sharing_enabled":true,"_links":{"self":[{"href":"https:\/\/www.podologueelisee.be\/fr\/wp-json\/wp\/v2\/product\/1225","targetHints":{"allow":["GET"]}}],"collection":[{"href":"https:\/\/www.podologueelisee.be\/fr\/wp-json\/wp\/v2\/product"}],"about":[{"href":"https:\/\/www.podologueelisee.be\/fr\/wp-json\/wp\/v2\/types\/product"}],"replies":[{"embeddable":true,"href":"https:\/\/www.podologueelisee.be\/fr\/wp-json\/wp\/v2\/comments?post=1225"}],"wp:featuredmedia":[{"embeddable":true,"href":"https:\/\/www.podologueelisee.be\/fr\/wp-json\/wp\/v2\/media\/1226"}],"wp:attachment":[{"href":"https:\/\/www.podologueelisee.be\/fr\/wp-json\/wp\/v2\/media?parent=1225"}],"wp:term":[{"taxonomy":"product_brand","embeddable":true,"href":"https:\/\/www.podologueelisee.be\/fr\/wp-json\/wp\/v2\/product_brand?post=1225"},{"taxonomy":"product_cat","embeddable":true,"href":"https:\/\/www.podologueelisee.be\/fr\/wp-json\/wp\/v2\/product_cat?post=1225"},{"taxonomy":"product_tag","embeddable":true,"href":"https:\/\/www.podologueelisee.be\/fr\/wp-json\/wp\/v2\/product_tag?post=1225"}],"curies":[{"name":"wp","href":"https:\/\/api.w.org\/{rel}","templated":true}]}}