{"id":134,"date":"2023-01-10T22:10:45","date_gmt":"2023-01-10T21:10:45","guid":{"rendered":"https:\/\/www.podologue-elisee.be\/?post_type=product&#038;p=134"},"modified":"2024-03-22T11:41:35","modified_gmt":"2024-03-22T10:41:35","slug":"stylo-sos-ongles-copie","status":"publish","type":"product","link":"https:\/\/www.podologueelisee.be\/fr\/produit\/stylo-sos-ongles-copie\/","title":{"rendered":"ILEIRA STYLO SOS ongles"},"content":{"rendered":"<p>Le <strong>STYLO SOS<\/strong> <strong>ongles<\/strong> fortifie les ongles fragilis\u00e9s et cass\u00e9s par le subtil m\u00e9lange d\u2019huile de Ricin et son trio d&#8217;huiles essentielles:<\/p>\n<ul>\n<li><strong>Tea tree<\/strong> comme anti-infectieux et antimycosique<\/li>\n<li><strong>Laurier noble<\/strong> pour son action purifiante<\/li>\n<li><strong>Lavande vraie<\/strong> pour l&#8217;effet assainissant et reg\u00e9n\u00e9rateur cutan\u00e9<\/li>\n<\/ul>\n<p>Conseils d&#8217;utilisation:<\/p>\n<p>appliquer sur des ongles propres le soir avant le coucher<\/p>","protected":false},"excerpt":{"rendered":"<p>Pour des ongles sains et forts,un soin pr\u00e9ventif efficace contre les mycoses et un rem\u00e8de redoutable contre les ger\u00e7ures et crevasses des mains et pieds!<\/p>\n<p>Une utilisation quotidienne vous garantie un meilleur r\u00e9sultat.<\/p>","protected":false},"featured_media":550,"comment_status":"open","ping_status":"closed","template":"","meta":{"_monsterinsights_skip_tracking":false,"_monsterinsights_sitenote_active":false,"_monsterinsights_sitenote_note":"","_monsterinsights_sitenote_category":0},"product_brand":[],"product_cat":[23,24],"product_tag":[],"class_list":{"0":"post-134","1":"product","2":"type-product","3":"status-publish","4":"has-post-thumbnail","6":"product_cat-soins-ongles","7":"product_cat-stylos","9":"first","10":"instock","11":"shipping-taxable","12":"purchasable","13":"product-type-simple"},"aioseo_notices":[],"jetpack_sharing_enabled":true,"_links":{"self":[{"href":"https:\/\/www.podologueelisee.be\/fr\/wp-json\/wp\/v2\/product\/134","targetHints":{"allow":["GET"]}}],"collection":[{"href":"https:\/\/www.podologueelisee.be\/fr\/wp-json\/wp\/v2\/product"}],"about":[{"href":"https:\/\/www.podologueelisee.be\/fr\/wp-json\/wp\/v2\/types\/product"}],"replies":[{"embeddable":true,"href":"https:\/\/www.podologueelisee.be\/fr\/wp-json\/wp\/v2\/comments?post=134"}],"wp:featuredmedia":[{"embeddable":true,"href":"https:\/\/www.podologueelisee.be\/fr\/wp-json\/wp\/v2\/media\/550"}],"wp:attachment":[{"href":"https:\/\/www.podologueelisee.be\/fr\/wp-json\/wp\/v2\/media?parent=134"}],"wp:term":[{"taxonomy":"product_brand","embeddable":true,"href":"https:\/\/www.podologueelisee.be\/fr\/wp-json\/wp\/v2\/product_brand?post=134"},{"taxonomy":"product_cat","embeddable":true,"href":"https:\/\/www.podologueelisee.be\/fr\/wp-json\/wp\/v2\/product_cat?post=134"},{"taxonomy":"product_tag","embeddable":true,"href":"https:\/\/www.podologueelisee.be\/fr\/wp-json\/wp\/v2\/product_tag?post=134"}],"curies":[{"name":"wp","href":"https:\/\/api.w.org\/{rel}","templated":true}]}}