{"id":173,"date":"2023-01-11T22:07:23","date_gmt":"2023-01-11T21:07:23","guid":{"rendered":"https:\/\/www.podologue-elisee.be\/?post_type=product&#038;p=173"},"modified":"2024-03-22T11:32:23","modified_gmt":"2024-03-22T10:32:23","slug":"ileira-pieds-zen","status":"publish","type":"product","link":"https:\/\/www.podologueelisee.be\/fr\/produit\/ileira-pieds-zen\/","title":{"rendered":"ILEIRA Pieds Zen"},"content":{"rendered":"<p>Gr\u00e2ce \u00e0 son \u00e9mulsion \u00e0 <strong>80%<\/strong> d&#8217;<strong>Alo\u00e8s vera<\/strong>, <strong>20%<\/strong> huile d&#8217;<strong>Amande de palmiste<\/strong> et huiles essentielles:<\/p>\n<ul>\n<li><strong>Camomille<\/strong> :apaisante<\/li>\n<li><strong>C\u00e8dre<\/strong>: r\u00e9paratrice<\/li>\n<li><strong>Menthe poivr\u00e9<\/strong> : anti infectieuse et rafra\u00eechissante<\/li>\n<\/ul>\n<p>le soin Pieds Zen soulage les irritations, traite les crevasses et ger\u00e7ures tout en apportant une hydratation aux peaux l\u00e9s\u00e9es et \u00e9chauff\u00e9es.<\/p>","protected":false},"excerpt":{"rendered":"<p>Le soin apaisant et hydratant par excellence pour les peaux fragilis\u00e9es<\/p>","protected":false},"featured_media":552,"comment_status":"open","ping_status":"closed","template":"","meta":{"_monsterinsights_skip_tracking":false,"_monsterinsights_sitenote_active":false,"_monsterinsights_sitenote_note":"","_monsterinsights_sitenote_category":0},"product_brand":[],"product_cat":[18,17],"product_tag":[],"class_list":{"0":"post-173","1":"product","2":"type-product","3":"status-publish","4":"has-post-thumbnail","6":"product_cat-creme-hydratante","7":"product_cat-cremes","9":"first","10":"instock","11":"shipping-taxable","12":"purchasable","13":"product-type-simple"},"aioseo_notices":[],"jetpack_sharing_enabled":true,"_links":{"self":[{"href":"https:\/\/www.podologueelisee.be\/fr\/wp-json\/wp\/v2\/product\/173","targetHints":{"allow":["GET"]}}],"collection":[{"href":"https:\/\/www.podologueelisee.be\/fr\/wp-json\/wp\/v2\/product"}],"about":[{"href":"https:\/\/www.podologueelisee.be\/fr\/wp-json\/wp\/v2\/types\/product"}],"replies":[{"embeddable":true,"href":"https:\/\/www.podologueelisee.be\/fr\/wp-json\/wp\/v2\/comments?post=173"}],"wp:featuredmedia":[{"embeddable":true,"href":"https:\/\/www.podologueelisee.be\/fr\/wp-json\/wp\/v2\/media\/552"}],"wp:attachment":[{"href":"https:\/\/www.podologueelisee.be\/fr\/wp-json\/wp\/v2\/media?parent=173"}],"wp:term":[{"taxonomy":"product_brand","embeddable":true,"href":"https:\/\/www.podologueelisee.be\/fr\/wp-json\/wp\/v2\/product_brand?post=173"},{"taxonomy":"product_cat","embeddable":true,"href":"https:\/\/www.podologueelisee.be\/fr\/wp-json\/wp\/v2\/product_cat?post=173"},{"taxonomy":"product_tag","embeddable":true,"href":"https:\/\/www.podologueelisee.be\/fr\/wp-json\/wp\/v2\/product_tag?post=173"}],"curies":[{"name":"wp","href":"https:\/\/api.w.org\/{rel}","templated":true}]}}