{"id":180,"date":"2023-01-12T00:11:56","date_gmt":"2023-01-11T23:11:56","guid":{"rendered":"https:\/\/www.podologue-elisee.be\/?post_type=product&#038;p=180"},"modified":"2024-10-29T12:19:32","modified_gmt":"2024-10-29T11:19:32","slug":"ileira-roller-articulations-et-muscles","status":"publish","type":"product","link":"https:\/\/www.podologueelisee.be\/fr\/produit\/ileira-roller-articulations-et-muscles\/","title":{"rendered":"ILEIRA Roller articulations et muscles"},"content":{"rendered":"<p>A base de beurre de <strong>Karit\u00e9<\/strong>, d&#8217;huile de <strong>Callophyle<\/strong> et d&#8217;<strong>Arnica<\/strong>, le Roller est d\u00e9contractant musculaire et un anti douleur efficace gr\u00e2ce \u00e0 ces huiles essentielles de<\/p>\n<ul>\n<li><strong>Gaulth\u00e9rie\u00a0<\/strong>relaxante et chauffante pour les muscles<\/li>\n<li><strong>Eucalyptus citronn\u00e9\u00a0<\/strong>d\u00e9contractante<\/li>\n<li><strong>Romarin \u00e0 camphre\u00a0<\/strong>anti inflammatoire<\/li>\n<\/ul>","protected":false},"excerpt":{"rendered":"<p>Un roller contre toutes vos douleurs articulaires et musculaires.<\/p>","protected":false},"featured_media":539,"comment_status":"open","ping_status":"closed","template":"","meta":{"_monsterinsights_skip_tracking":false,"_monsterinsights_sitenote_active":false,"_monsterinsights_sitenote_note":"","_monsterinsights_sitenote_category":0},"product_brand":[],"product_cat":[27,17],"product_tag":[],"class_list":{"0":"post-180","1":"product","2":"type-product","3":"status-publish","4":"has-post-thumbnail","6":"product_cat-antidouleur","7":"product_cat-cremes","9":"first","10":"instock","11":"shipping-taxable","12":"purchasable","13":"product-type-simple"},"aioseo_notices":[],"jetpack_sharing_enabled":true,"_links":{"self":[{"href":"https:\/\/www.podologueelisee.be\/fr\/wp-json\/wp\/v2\/product\/180","targetHints":{"allow":["GET"]}}],"collection":[{"href":"https:\/\/www.podologueelisee.be\/fr\/wp-json\/wp\/v2\/product"}],"about":[{"href":"https:\/\/www.podologueelisee.be\/fr\/wp-json\/wp\/v2\/types\/product"}],"replies":[{"embeddable":true,"href":"https:\/\/www.podologueelisee.be\/fr\/wp-json\/wp\/v2\/comments?post=180"}],"wp:featuredmedia":[{"embeddable":true,"href":"https:\/\/www.podologueelisee.be\/fr\/wp-json\/wp\/v2\/media\/539"}],"wp:attachment":[{"href":"https:\/\/www.podologueelisee.be\/fr\/wp-json\/wp\/v2\/media?parent=180"}],"wp:term":[{"taxonomy":"product_brand","embeddable":true,"href":"https:\/\/www.podologueelisee.be\/fr\/wp-json\/wp\/v2\/product_brand?post=180"},{"taxonomy":"product_cat","embeddable":true,"href":"https:\/\/www.podologueelisee.be\/fr\/wp-json\/wp\/v2\/product_cat?post=180"},{"taxonomy":"product_tag","embeddable":true,"href":"https:\/\/www.podologueelisee.be\/fr\/wp-json\/wp\/v2\/product_tag?post=180"}],"curies":[{"name":"wp","href":"https:\/\/api.w.org\/{rel}","templated":true}]}}