{"id":182,"date":"2023-01-12T00:30:01","date_gmt":"2023-01-11T23:30:01","guid":{"rendered":"https:\/\/www.podologue-elisee.be\/?post_type=product&#038;p=182"},"modified":"2024-02-01T00:04:04","modified_gmt":"2024-01-31T23:04:04","slug":"ileira-sels-de-bain-regenerant","status":"publish","type":"product","link":"https:\/\/www.podologueelisee.be\/fr\/produit\/ileira-sels-de-bain-regenerant\/","title":{"rendered":"ILEIRA Sels de bain r\u00e9g\u00e9n\u00e9rant"},"content":{"rendered":"<p>Les sels d&#8217;Epsom sont associ\u00e9s aux huiles essentielles de<\/p>\n<ul>\n<li><strong>Camomille\u00a0<\/strong>apaisante<\/li>\n<li><strong>Eucalyptus citronn\u00e9\u00a0<\/strong>tonique<\/li>\n<li><strong>Lavande vraie <\/strong>r\u00e9g\u00e9n\u00e9rant<\/li>\n<\/ul>","protected":false},"excerpt":{"rendered":"<p>Un bain ressour\u00e7ant pour vos pieds aux huiles essentielles.<\/p>","protected":false},"featured_media":534,"comment_status":"open","ping_status":"closed","template":"","meta":{"_monsterinsights_skip_tracking":false,"_monsterinsights_sitenote_active":false,"_monsterinsights_sitenote_note":"","_monsterinsights_sitenote_category":0},"product_brand":[],"product_cat":[26],"product_tag":[],"class_list":{"0":"post-182","1":"product","2":"type-product","3":"status-publish","4":"has-post-thumbnail","6":"product_cat-sels-de-bain","8":"first","9":"instock","10":"shipping-taxable","11":"purchasable","12":"product-type-simple"},"aioseo_notices":[],"jetpack_sharing_enabled":true,"_links":{"self":[{"href":"https:\/\/www.podologueelisee.be\/fr\/wp-json\/wp\/v2\/product\/182","targetHints":{"allow":["GET"]}}],"collection":[{"href":"https:\/\/www.podologueelisee.be\/fr\/wp-json\/wp\/v2\/product"}],"about":[{"href":"https:\/\/www.podologueelisee.be\/fr\/wp-json\/wp\/v2\/types\/product"}],"replies":[{"embeddable":true,"href":"https:\/\/www.podologueelisee.be\/fr\/wp-json\/wp\/v2\/comments?post=182"}],"wp:featuredmedia":[{"embeddable":true,"href":"https:\/\/www.podologueelisee.be\/fr\/wp-json\/wp\/v2\/media\/534"}],"wp:attachment":[{"href":"https:\/\/www.podologueelisee.be\/fr\/wp-json\/wp\/v2\/media?parent=182"}],"wp:term":[{"taxonomy":"product_brand","embeddable":true,"href":"https:\/\/www.podologueelisee.be\/fr\/wp-json\/wp\/v2\/product_brand?post=182"},{"taxonomy":"product_cat","embeddable":true,"href":"https:\/\/www.podologueelisee.be\/fr\/wp-json\/wp\/v2\/product_cat?post=182"},{"taxonomy":"product_tag","embeddable":true,"href":"https:\/\/www.podologueelisee.be\/fr\/wp-json\/wp\/v2\/product_tag?post=182"}],"curies":[{"name":"wp","href":"https:\/\/api.w.org\/{rel}","templated":true}]}}