{"id":32,"date":"2022-12-23T12:57:11","date_gmt":"2022-12-23T11:57:11","guid":{"rendered":"http:\/\/15.237.122.39\/?post_type=product&#038;p=32"},"modified":"2024-03-22T09:40:56","modified_gmt":"2024-03-22T08:40:56","slug":"skin-cleanser","status":"publish","type":"product","link":"https:\/\/www.podologueelisee.be\/fr\/produit\/skin-cleanser\/","title":{"rendered":"ILEIRA Cr\u00e8me Hydratante Visage"},"content":{"rendered":"<p>Cr\u00e8me hydratante \u00e0 base de beurre de<strong> Karit\u00e9<\/strong> et d&#8217;<strong>Alo\u00e8s vera<\/strong>\u00a0enrichie d&#8217;huiles essentielles:<\/p>\n<ul>\n<li><strong>Rose de Damas<\/strong>: r\u00e9g\u00e9n\u00e9rant, anti \u00e2ge et astringent<\/li>\n<li><strong>N\u00e9roli<\/strong>: am\u00e9liore la qualit\u00e9 et l\u2019\u00e9lasticit\u00e9 de la peau<\/li>\n<li><strong>Myrrhe<\/strong>: action r\u00e9paratrice et r\u00e9g\u00e9n\u00e9rante<\/li>\n<li><strong>G\u00e9ranium<\/strong>: tonifie et raffermit la peau<\/li>\n<\/ul>","protected":false},"excerpt":{"rendered":"<p>Onctueuse cr\u00e8me visage r\u00e9g\u00e9n\u00e9rante et hydrante en profondeur, id\u00e9ale pour tout type de peau.<\/p>\n<p>&nbsp;<\/p>","protected":false},"featured_media":537,"comment_status":"open","ping_status":"closed","template":"","meta":{"_monsterinsights_skip_tracking":false,"_monsterinsights_sitenote_active":false,"_monsterinsights_sitenote_note":"","_monsterinsights_sitenote_category":0},"product_brand":[],"product_cat":[18,17],"product_tag":[],"class_list":{"0":"post-32","1":"product","2":"type-product","3":"status-publish","4":"has-post-thumbnail","6":"product_cat-creme-hydratante","7":"product_cat-cremes","9":"first","10":"instock","11":"shipping-taxable","12":"purchasable","13":"product-type-simple"},"aioseo_notices":[],"jetpack_sharing_enabled":true,"_links":{"self":[{"href":"https:\/\/www.podologueelisee.be\/fr\/wp-json\/wp\/v2\/product\/32","targetHints":{"allow":["GET"]}}],"collection":[{"href":"https:\/\/www.podologueelisee.be\/fr\/wp-json\/wp\/v2\/product"}],"about":[{"href":"https:\/\/www.podologueelisee.be\/fr\/wp-json\/wp\/v2\/types\/product"}],"replies":[{"embeddable":true,"href":"https:\/\/www.podologueelisee.be\/fr\/wp-json\/wp\/v2\/comments?post=32"}],"wp:featuredmedia":[{"embeddable":true,"href":"https:\/\/www.podologueelisee.be\/fr\/wp-json\/wp\/v2\/media\/537"}],"wp:attachment":[{"href":"https:\/\/www.podologueelisee.be\/fr\/wp-json\/wp\/v2\/media?parent=32"}],"wp:term":[{"taxonomy":"product_brand","embeddable":true,"href":"https:\/\/www.podologueelisee.be\/fr\/wp-json\/wp\/v2\/product_brand?post=32"},{"taxonomy":"product_cat","embeddable":true,"href":"https:\/\/www.podologueelisee.be\/fr\/wp-json\/wp\/v2\/product_cat?post=32"},{"taxonomy":"product_tag","embeddable":true,"href":"https:\/\/www.podologueelisee.be\/fr\/wp-json\/wp\/v2\/product_tag?post=32"}],"curies":[{"name":"wp","href":"https:\/\/api.w.org\/{rel}","templated":true}]}}