{"id":377,"date":"2023-02-12T18:22:48","date_gmt":"2023-02-12T17:22:48","guid":{"rendered":"https:\/\/www.podologueelisee.be\/?post_type=product&#038;p=377"},"modified":"2023-02-15T21:35:45","modified_gmt":"2023-02-15T20:35:45","slug":"digital-gift-card","status":"publish","type":"product","link":"https:\/\/www.podologueelisee.be\/fr\/produit\/digital-gift-card\/","title":{"rendered":"Ch\u00e8que-cadeau num\u00e9rique"},"content":{"rendered":"<p>Ch\u00e8que-cadeau utilisable sur tous les produits.<\/p>\n<p>Le ch\u00e8que peut \u00eatre utilis\u00e9 sur l&#8217;ensemble du store y compris les produits\u00a0en\u00a0promo \ud83d\ude09.<\/p>\n<p>Le ch\u00e8que est valable valable 1 an (365 jours) \u00e0 partir de la date d&#8217;achat.<\/p>\n<p>Ni repris ni \u00e9chang\u00e9 sauf cas pr\u00e9vu par la loi. Ne peut-\u00eatre remplac\u00e9 si perdu ou vol\u00e9. Possibilit\u00e9 d&#8217;acheter plusieurs\u00a0ch\u00e8ques\u00a0cadeaux.<\/p>","protected":false},"excerpt":{"rendered":"<p>Ch\u00e8que-cadeau utilisable sur tous les produits. Le ch\u00e8que peut \u00eatre utilis\u00e9 sur l&#8217;ensemble du store y compris les produits\u00a0en\u00a0promo \ud83d\ude09. Le ch\u00e8que est valable valable 1 an (365 jours) \u00e0 &hellip; <\/p>","protected":false},"featured_media":382,"comment_status":"open","ping_status":"closed","template":"","meta":{"_monsterinsights_skip_tracking":false,"_monsterinsights_sitenote_active":false,"_monsterinsights_sitenote_note":"","_monsterinsights_sitenote_category":0},"product_brand":[],"product_cat":[63],"product_tag":[66],"class_list":{"0":"post-377","1":"product","2":"type-product","3":"status-publish","4":"has-post-thumbnail","6":"product_cat-wps_wgm_giftcard","7":"product_tag-gift-card","9":"first","10":"instock","11":"shipping-taxable","12":"purchasable","13":"product-type-wgm_gift_card"},"aioseo_notices":[],"jetpack_sharing_enabled":true,"_links":{"self":[{"href":"https:\/\/www.podologueelisee.be\/fr\/wp-json\/wp\/v2\/product\/377","targetHints":{"allow":["GET"]}}],"collection":[{"href":"https:\/\/www.podologueelisee.be\/fr\/wp-json\/wp\/v2\/product"}],"about":[{"href":"https:\/\/www.podologueelisee.be\/fr\/wp-json\/wp\/v2\/types\/product"}],"replies":[{"embeddable":true,"href":"https:\/\/www.podologueelisee.be\/fr\/wp-json\/wp\/v2\/comments?post=377"}],"wp:featuredmedia":[{"embeddable":true,"href":"https:\/\/www.podologueelisee.be\/fr\/wp-json\/wp\/v2\/media\/382"}],"wp:attachment":[{"href":"https:\/\/www.podologueelisee.be\/fr\/wp-json\/wp\/v2\/media?parent=377"}],"wp:term":[{"taxonomy":"product_brand","embeddable":true,"href":"https:\/\/www.podologueelisee.be\/fr\/wp-json\/wp\/v2\/product_brand?post=377"},{"taxonomy":"product_cat","embeddable":true,"href":"https:\/\/www.podologueelisee.be\/fr\/wp-json\/wp\/v2\/product_cat?post=377"},{"taxonomy":"product_tag","embeddable":true,"href":"https:\/\/www.podologueelisee.be\/fr\/wp-json\/wp\/v2\/product_tag?post=377"}],"curies":[{"name":"wp","href":"https:\/\/api.w.org\/{rel}","templated":true}]}}