{"id":418,"date":"2023-02-17T02:49:56","date_gmt":"2023-02-17T01:49:56","guid":{"rendered":"https:\/\/www.podologueelisee.be\/?post_type=product&#038;p=418"},"modified":"2024-08-12T23:40:56","modified_gmt":"2024-08-12T21:40:56","slug":"ileira-gommage-candy","status":"publish","type":"product","link":"https:\/\/www.podologueelisee.be\/fr\/produit\/ileira-gommage-candy\/","title":{"rendered":"ILEIRA Gommage Candy"},"content":{"rendered":"<p>R\u00e9v\u00e9lez la beaut\u00e9 de votre peau avec notre gommage <strong>au sucre de canne<\/strong> enrichi aux huiles essentielles pour les peaux sensibles et s\u00e8ches<\/p>\n<ul>\n<li><strong>G\u00e9ranium <\/strong>tonifie et raffermit la peau<\/li>\n<li><strong>Myrrhe\u00a0<\/strong>r\u00e9pare et reg\u00e9n\u00e8re<\/li>\n<li><strong>N\u00e9roli\u00a0<\/strong>embellit la peau en am\u00e9liorant son \u00e9lasticit\u00e9<\/li>\n<\/ul>\n<p>&nbsp;<\/p>","protected":false},"excerpt":{"rendered":"<p>Un gommages au <strong>Sucre de canne<\/strong> avec une touche de douceur gr\u00e2ce aux huiles essentielles \u00e0 utiliser 1 \u00e0 2 fois par semaine.<\/p>\n<p><strong>* Pour visage et corps<\/strong><\/p>","protected":false},"featured_media":542,"comment_status":"open","ping_status":"closed","template":"","meta":{"_monsterinsights_skip_tracking":false,"_monsterinsights_sitenote_active":false,"_monsterinsights_sitenote_note":"","_monsterinsights_sitenote_category":0},"product_brand":[],"product_cat":[25],"product_tag":[],"class_list":{"0":"post-418","1":"product","2":"type-product","3":"status-publish","4":"has-post-thumbnail","6":"product_cat-gommages","8":"first","9":"instock","10":"shipping-taxable","11":"purchasable","12":"product-type-simple"},"aioseo_notices":[],"jetpack_sharing_enabled":true,"_links":{"self":[{"href":"https:\/\/www.podologueelisee.be\/fr\/wp-json\/wp\/v2\/product\/418","targetHints":{"allow":["GET"]}}],"collection":[{"href":"https:\/\/www.podologueelisee.be\/fr\/wp-json\/wp\/v2\/product"}],"about":[{"href":"https:\/\/www.podologueelisee.be\/fr\/wp-json\/wp\/v2\/types\/product"}],"replies":[{"embeddable":true,"href":"https:\/\/www.podologueelisee.be\/fr\/wp-json\/wp\/v2\/comments?post=418"}],"wp:featuredmedia":[{"embeddable":true,"href":"https:\/\/www.podologueelisee.be\/fr\/wp-json\/wp\/v2\/media\/542"}],"wp:attachment":[{"href":"https:\/\/www.podologueelisee.be\/fr\/wp-json\/wp\/v2\/media?parent=418"}],"wp:term":[{"taxonomy":"product_brand","embeddable":true,"href":"https:\/\/www.podologueelisee.be\/fr\/wp-json\/wp\/v2\/product_brand?post=418"},{"taxonomy":"product_cat","embeddable":true,"href":"https:\/\/www.podologueelisee.be\/fr\/wp-json\/wp\/v2\/product_cat?post=418"},{"taxonomy":"product_tag","embeddable":true,"href":"https:\/\/www.podologueelisee.be\/fr\/wp-json\/wp\/v2\/product_tag?post=418"}],"curies":[{"name":"wp","href":"https:\/\/api.w.org\/{rel}","templated":true}]}}