{"id":493,"date":"2023-04-05T22:17:33","date_gmt":"2023-04-05T21:17:33","guid":{"rendered":"https:\/\/www.podologueelisee.be\/?post_type=product&#038;p=493"},"modified":"2025-10-15T01:48:57","modified_gmt":"2025-10-14T23:48:57","slug":"ileira-savon","status":"publish","type":"product","link":"https:\/\/www.podologueelisee.be\/fr\/produit\/ileira-savon\/","title":{"rendered":"ILEIRA Savon"},"content":{"rendered":"<p><span class=\"TextRun SCXW211073440 BCX0\" lang=\"FR-BE\" xml:lang=\"FR-BE\" data-contrast=\"auto\"><strong><span class=\"NormalTextRun SCXW211073440 BCX0\">ILEIRA Soap<\/span><\/strong><span class=\"NormalTextRun SCXW211073440 BCX0\"> est un pain sans<\/span><span class=\"NormalTextRun SCXW211073440 BCX0\"> savon qui<\/span> <span class=\"NormalTextRun SCXW211073440 BCX0\">nettoie votre peau en douceur <\/span><span class=\"NormalTextRun SCXW211073440 BCX0\">et l\u2019apaise <\/span><span class=\"NormalTextRun SCXW211073440 BCX0\">gr\u00e2ce<\/span><span class=\"NormalTextRun SCXW211073440 BCX0\"> au beurre de karit\u00e9, \u00e0 <\/span><span class=\"NormalTextRun SCXW211073440 BCX0\">l\u2019Aloe <\/span><span class=\"NormalTextRun SpellingErrorV2Themed SCXW211073440 BCX0\">Vera,<\/span> <span class=\"NormalTextRun SCXW211073440 BCX0\">\u00e0<\/span><span class=\"NormalTextRun SCXW211073440 BCX0\"> l\u2019huile v\u00e9g\u00e9tale de Nigelle et aux<\/span><span class=\"NormalTextRun SCXW211073440 BCX0\">\u00a0huiles essentielles de:<\/span><\/span><\/p>\n<ul>\n<li><span class=\"TextRun SCXW211073440 BCX0\" lang=\"FR-BE\" xml:lang=\"FR-BE\" data-contrast=\"auto\"><span class=\"NormalTextRun SCXW211073440 BCX0\"><strong>Lavande<\/strong> pour apaiser et\u00a0 <\/span><strong><span class=\"NormalTextRun SpellingErrorV2Themed SCXW211073440 BCX0\">tea<\/span> <span class=\"NormalTextRun SpellingErrorV2Themed SCXW211073440 BCX0\">tree<\/span><\/strong>\u00a0 qui <span class=\"NormalTextRun SCXW211073440 BCX0\">assurent un effet <\/span><span class=\"NormalTextRun SCXW211073440 BCX0\">anti-infectieux;<\/span><\/span><\/li>\n<li><span class=\"TextRun SCXW211073440 BCX0\" lang=\"FR-BE\" xml:lang=\"FR-BE\" data-contrast=\"auto\"><span class=\"NormalTextRun SCXW211073440 BCX0\">\u2019<strong>Ylang <\/strong><\/span><strong><span class=\"NormalTextRun SpellingErrorV2Themed SCXW211073440 BCX0\">Ylang<\/span><\/strong><span class=\"NormalTextRun SCXW211073440 BCX0\"> qui <\/span><span class=\"NormalTextRun SCXW211073440 BCX0\">apporte un effet tonique et <\/span><span class=\"NormalTextRun SCXW211073440 BCX0\">r\u00e9g\u00e9n\u00e9rateur<\/span> <span class=\"NormalTextRun SCXW211073440 BCX0\">\u00e0 la muqueuse <\/span><span class=\"NormalTextRun SCXW211073440 BCX0\">vaginale <\/span><span class=\"NormalTextRun SCXW211073440 BCX0\">qui peut se fragiliser pendant les r<\/span><span class=\"NormalTextRun SCXW211073440 BCX0\">\u00e8gles ou autre.<\/span><\/span><\/li>\n<\/ul>","protected":false},"excerpt":{"rendered":"<p>Un savon au beurre de <strong>Karit\u00e9<\/strong>, \u00e0 l&#8217;<strong>Aloe Vera, l&#8217;huile de Nigelle<\/strong> et aux <strong>huiles essentielles<\/strong> doux pour la peau et la muqueuse vaginale:<\/p>","protected":false},"featured_media":530,"comment_status":"open","ping_status":"closed","template":"","meta":{"_monsterinsights_skip_tracking":false,"_monsterinsights_sitenote_active":false,"_monsterinsights_sitenote_note":"","_monsterinsights_sitenote_category":0},"product_brand":[],"product_cat":[70],"product_tag":[],"class_list":{"0":"post-493","1":"product","2":"type-product","3":"status-publish","4":"has-post-thumbnail","6":"product_cat-savon","8":"first","9":"instock","10":"shipping-taxable","11":"purchasable","12":"product-type-simple"},"aioseo_notices":[],"jetpack_sharing_enabled":true,"_links":{"self":[{"href":"https:\/\/www.podologueelisee.be\/fr\/wp-json\/wp\/v2\/product\/493","targetHints":{"allow":["GET"]}}],"collection":[{"href":"https:\/\/www.podologueelisee.be\/fr\/wp-json\/wp\/v2\/product"}],"about":[{"href":"https:\/\/www.podologueelisee.be\/fr\/wp-json\/wp\/v2\/types\/product"}],"replies":[{"embeddable":true,"href":"https:\/\/www.podologueelisee.be\/fr\/wp-json\/wp\/v2\/comments?post=493"}],"wp:featuredmedia":[{"embeddable":true,"href":"https:\/\/www.podologueelisee.be\/fr\/wp-json\/wp\/v2\/media\/530"}],"wp:attachment":[{"href":"https:\/\/www.podologueelisee.be\/fr\/wp-json\/wp\/v2\/media?parent=493"}],"wp:term":[{"taxonomy":"product_brand","embeddable":true,"href":"https:\/\/www.podologueelisee.be\/fr\/wp-json\/wp\/v2\/product_brand?post=493"},{"taxonomy":"product_cat","embeddable":true,"href":"https:\/\/www.podologueelisee.be\/fr\/wp-json\/wp\/v2\/product_cat?post=493"},{"taxonomy":"product_tag","embeddable":true,"href":"https:\/\/www.podologueelisee.be\/fr\/wp-json\/wp\/v2\/product_tag?post=493"}],"curies":[{"name":"wp","href":"https:\/\/api.w.org\/{rel}","templated":true}]}}