{"id":525,"date":"2023-08-27T17:30:25","date_gmt":"2023-08-27T16:30:25","guid":{"rendered":"https:\/\/www.podologueelisee.be\/?post_type=product&#038;p=525"},"modified":"2024-07-08T10:23:57","modified_gmt":"2024-07-08T08:23:57","slug":"ileira-pigma-control","status":"publish","type":"product","link":"https:\/\/www.podologueelisee.be\/fr\/produit\/ileira-pigma-control\/","title":{"rendered":"ILEIRA Pigma Control"},"content":{"rendered":"<p>Voici la cr\u00e8me pour le traitement de vos t\u00e2ches pigmentaires. Le soin id\u00e9al des peaux l\u00e9s\u00e9es par le soleil, le vieillissement, le m\u00e9lasma, le psoriasis, l&#8217;acn\u00e9, les br\u00fblures.<\/p>\n<p>La synergie que nous offre le beurre de Karit\u00e9, l&#8217;huile de p\u00e9pin de tomate, l&#8217;aloe vera ainsi que les huiles essentielles de citron, c\u00e9leri et carotte, permet de corriger naturellement toutes les t\u00e2ches pigmentaires tout en respectant votre carnation.<\/p>\n<p>Conseils d&#8217;utilisation:<\/p>\n<p>soin de nuit \u00e0 conserver au frigo<\/p>\n<p>1x jour pendant les 3 premi\u00e8res semaines<\/p>\n<p>1 jour sur 2 la 4e semaine<\/p>\n<p>puis 2x semaine<\/p>","protected":false},"excerpt":{"rendered":"<p>Soin anti t\u00e2ches naturel respectant votre carnation.<\/p>","protected":false},"featured_media":565,"comment_status":"open","ping_status":"closed","template":"","meta":{"_monsterinsights_skip_tracking":false,"_monsterinsights_sitenote_active":false,"_monsterinsights_sitenote_note":"","_monsterinsights_sitenote_category":0},"product_brand":[],"product_cat":[17],"product_tag":[],"class_list":{"0":"post-525","1":"product","2":"type-product","3":"status-publish","4":"has-post-thumbnail","6":"product_cat-cremes","8":"first","9":"instock","10":"featured","11":"shipping-taxable","12":"purchasable","13":"product-type-simple"},"aioseo_notices":[],"jetpack_sharing_enabled":true,"_links":{"self":[{"href":"https:\/\/www.podologueelisee.be\/fr\/wp-json\/wp\/v2\/product\/525","targetHints":{"allow":["GET"]}}],"collection":[{"href":"https:\/\/www.podologueelisee.be\/fr\/wp-json\/wp\/v2\/product"}],"about":[{"href":"https:\/\/www.podologueelisee.be\/fr\/wp-json\/wp\/v2\/types\/product"}],"replies":[{"embeddable":true,"href":"https:\/\/www.podologueelisee.be\/fr\/wp-json\/wp\/v2\/comments?post=525"}],"wp:featuredmedia":[{"embeddable":true,"href":"https:\/\/www.podologueelisee.be\/fr\/wp-json\/wp\/v2\/media\/565"}],"wp:attachment":[{"href":"https:\/\/www.podologueelisee.be\/fr\/wp-json\/wp\/v2\/media?parent=525"}],"wp:term":[{"taxonomy":"product_brand","embeddable":true,"href":"https:\/\/www.podologueelisee.be\/fr\/wp-json\/wp\/v2\/product_brand?post=525"},{"taxonomy":"product_cat","embeddable":true,"href":"https:\/\/www.podologueelisee.be\/fr\/wp-json\/wp\/v2\/product_cat?post=525"},{"taxonomy":"product_tag","embeddable":true,"href":"https:\/\/www.podologueelisee.be\/fr\/wp-json\/wp\/v2\/product_tag?post=525"}],"curies":[{"name":"wp","href":"https:\/\/api.w.org\/{rel}","templated":true}]}}