{"id":526,"date":"2023-08-28T21:19:01","date_gmt":"2023-08-28T20:19:01","guid":{"rendered":"https:\/\/www.podologueelisee.be\/?post_type=product&#038;p=526"},"modified":"2025-10-15T01:48:57","modified_gmt":"2025-10-14T23:48:57","slug":"ileira-soin-corps","status":"publish","type":"product","link":"https:\/\/www.podologueelisee.be\/fr\/produit\/ileira-soin-corps\/","title":{"rendered":"ILEIRA Soin corps"},"content":{"rendered":"<p>Soin nourrissant, hydratant visage et corps pour tout type de peau \u00e0 base de:<\/p>\n<ul>\n<li>Beurre de Karit\u00e9<\/li>\n<li>Aloe Vera<\/li>\n<li>Huile de palmiste<\/li>\n<li>Huile de Coco<\/li>\n<li>\u00c9chinac\u00e9e extrait (apaise et assainit les peaux sensibles et irrit\u00e9es)<\/li>\n<li>Huile essentielle de g\u00e9ranium<\/li>\n<\/ul>\n<p>A conserver au frais et au sec<\/p>\n<p>Conseils d&#8217;utilisation:<\/p>\n<p>Appliquer 1xjour pour une peau hydrat\u00e9e et nourrie<\/p>","protected":false},"excerpt":{"rendered":"<p>Soin nourrissant, hydratant et apaisant visage et corps<\/p>","protected":false},"featured_media":527,"comment_status":"open","ping_status":"closed","template":"","meta":{"_monsterinsights_skip_tracking":false,"_monsterinsights_sitenote_active":false,"_monsterinsights_sitenote_note":"","_monsterinsights_sitenote_category":0},"product_brand":[],"product_cat":[15],"product_tag":[],"class_list":{"0":"post-526","1":"product","2":"type-product","3":"status-publish","4":"has-post-thumbnail","6":"product_cat-uncategorized","8":"first","9":"instock","10":"shipping-taxable","11":"purchasable","12":"product-type-simple"},"aioseo_notices":[],"jetpack_sharing_enabled":true,"_links":{"self":[{"href":"https:\/\/www.podologueelisee.be\/fr\/wp-json\/wp\/v2\/product\/526","targetHints":{"allow":["GET"]}}],"collection":[{"href":"https:\/\/www.podologueelisee.be\/fr\/wp-json\/wp\/v2\/product"}],"about":[{"href":"https:\/\/www.podologueelisee.be\/fr\/wp-json\/wp\/v2\/types\/product"}],"replies":[{"embeddable":true,"href":"https:\/\/www.podologueelisee.be\/fr\/wp-json\/wp\/v2\/comments?post=526"}],"wp:featuredmedia":[{"embeddable":true,"href":"https:\/\/www.podologueelisee.be\/fr\/wp-json\/wp\/v2\/media\/527"}],"wp:attachment":[{"href":"https:\/\/www.podologueelisee.be\/fr\/wp-json\/wp\/v2\/media?parent=526"}],"wp:term":[{"taxonomy":"product_brand","embeddable":true,"href":"https:\/\/www.podologueelisee.be\/fr\/wp-json\/wp\/v2\/product_brand?post=526"},{"taxonomy":"product_cat","embeddable":true,"href":"https:\/\/www.podologueelisee.be\/fr\/wp-json\/wp\/v2\/product_cat?post=526"},{"taxonomy":"product_tag","embeddable":true,"href":"https:\/\/www.podologueelisee.be\/fr\/wp-json\/wp\/v2\/product_tag?post=526"}],"curies":[{"name":"wp","href":"https:\/\/api.w.org\/{rel}","templated":true}]}}