{"id":571,"date":"2023-09-30T08:04:09","date_gmt":"2023-09-30T07:04:09","guid":{"rendered":"https:\/\/www.podologueelisee.be\/?post_type=product&#038;p=571"},"modified":"2024-03-22T09:38:34","modified_gmt":"2024-03-22T08:38:34","slug":"ileira-baume-levres","status":"publish","type":"product","link":"https:\/\/www.podologueelisee.be\/fr\/produit\/ileira-baume-levres\/","title":{"rendered":"ILEIRA Baume l\u00e8vres"},"content":{"rendered":"<p>Un baume nourrissant pour le soin de vos l\u00e8vres \u00e0 base de:<\/p>\n<ul>\n<li><strong>Beurre de mangue<\/strong> qui hydrate et assouplit<\/li>\n<li><strong>Beurre de Karit\u00e9<\/strong> qui prot\u00e8ge et nourrit et restructure la peau<\/li>\n<li>Huile essentielle de <strong>verveine<\/strong> avec son action apaisante, protectrice contre les UV et son d\u00e9licat parfum<\/li>\n<\/ul>","protected":false},"excerpt":{"rendered":"<p>Le baume r\u00e9parateur id\u00e9ale pour vos l\u00e8vres gerc\u00e9es, s\u00e8ches et irrit\u00e9es avec du <strong>beurre de mangue<\/strong> et de <strong>karit\u00e9<\/strong> sublim\u00e9 par la <strong>verveine<\/strong>.<\/p>","protected":false},"featured_media":573,"comment_status":"open","ping_status":"closed","template":"","meta":{"_monsterinsights_skip_tracking":false,"_monsterinsights_sitenote_active":false,"_monsterinsights_sitenote_note":"","_monsterinsights_sitenote_category":0},"product_brand":[],"product_cat":[75],"product_tag":[],"class_list":{"0":"post-571","1":"product","2":"type-product","3":"status-publish","4":"has-post-thumbnail","6":"product_cat-soins-levres","8":"first","9":"instock","10":"shipping-taxable","11":"purchasable","12":"product-type-simple"},"aioseo_notices":[],"jetpack_sharing_enabled":true,"_links":{"self":[{"href":"https:\/\/www.podologueelisee.be\/fr\/wp-json\/wp\/v2\/product\/571","targetHints":{"allow":["GET"]}}],"collection":[{"href":"https:\/\/www.podologueelisee.be\/fr\/wp-json\/wp\/v2\/product"}],"about":[{"href":"https:\/\/www.podologueelisee.be\/fr\/wp-json\/wp\/v2\/types\/product"}],"replies":[{"embeddable":true,"href":"https:\/\/www.podologueelisee.be\/fr\/wp-json\/wp\/v2\/comments?post=571"}],"wp:featuredmedia":[{"embeddable":true,"href":"https:\/\/www.podologueelisee.be\/fr\/wp-json\/wp\/v2\/media\/573"}],"wp:attachment":[{"href":"https:\/\/www.podologueelisee.be\/fr\/wp-json\/wp\/v2\/media?parent=571"}],"wp:term":[{"taxonomy":"product_brand","embeddable":true,"href":"https:\/\/www.podologueelisee.be\/fr\/wp-json\/wp\/v2\/product_brand?post=571"},{"taxonomy":"product_cat","embeddable":true,"href":"https:\/\/www.podologueelisee.be\/fr\/wp-json\/wp\/v2\/product_cat?post=571"},{"taxonomy":"product_tag","embeddable":true,"href":"https:\/\/www.podologueelisee.be\/fr\/wp-json\/wp\/v2\/product_tag?post=571"}],"curies":[{"name":"wp","href":"https:\/\/api.w.org\/{rel}","templated":true}]}}