{"id":69,"date":"2022-12-31T21:08:06","date_gmt":"2022-12-31T20:08:06","guid":{"rendered":"http:\/\/15.237.122.39\/?post_type=product&#038;p=69"},"modified":"2024-03-23T01:09:18","modified_gmt":"2024-03-23T00:09:18","slug":"huile","status":"publish","type":"product","link":"https:\/\/www.podologueelisee.be\/fr\/produit\/huile\/","title":{"rendered":"ILEIRA Huile nourrissante"},"content":{"rendered":"<p>Excellent m\u00e9lange d&#8217;huile d&#8217;<strong>amande douce<\/strong> et de <strong>coco<\/strong> enrichi d&#8217;une synergie d&#8217;huiles essentielles<\/p>\n<ul>\n<li><strong>Cypr\u00e8s bleu<\/strong>: am\u00e9liore la microcirculation et de ce fait joue un r\u00f4le de tonique pour la peau<\/li>\n<li><strong>Rose de Damas<\/strong>: r\u00e9g\u00e9n\u00e9rant, anti \u00e2ge et astringent<\/li>\n<li><strong>Myrrhe<\/strong>: action r\u00e9paratrice et r\u00e9g\u00e9n\u00e9rante<\/li>\n<li><strong>N\u00e9roli<\/strong>: am\u00e9liore la qualit\u00e9 et l&#8217;\u00e9lasticit\u00e9 de la peau<\/li>\n<li><strong>Ylang Ylang<\/strong>: tonique cutan\u00e9 et anti oxydant( anti vieillissement)<\/li>\n<\/ul>","protected":false},"excerpt":{"rendered":"<p>Huile nourrissante r\u00e9g\u00e9n\u00e9ratrice aux huiles essentielles pour peau s\u00e8che \u00e0 tr\u00e8s s\u00e8che. Quelques gouttes dans le creux de la main pour une application sur le visage comme soin de nuit vous assure un teint radieux au r\u00e9veil sans oublier votre d\u00e9collet\u00e9<\/p>\n<p><strong>* Pour visage et corps<\/strong><\/p>","protected":false},"featured_media":548,"comment_status":"open","ping_status":"closed","template":"","meta":{"_monsterinsights_skip_tracking":false,"_monsterinsights_sitenote_active":false,"_monsterinsights_sitenote_note":"","_monsterinsights_sitenote_category":0},"product_brand":[],"product_cat":[20],"product_tag":[],"class_list":{"0":"post-69","1":"product","2":"type-product","3":"status-publish","4":"has-post-thumbnail","6":"product_cat-huile","8":"first","9":"instock","10":"shipping-taxable","11":"purchasable","12":"product-type-simple"},"aioseo_notices":[],"jetpack_sharing_enabled":true,"_links":{"self":[{"href":"https:\/\/www.podologueelisee.be\/fr\/wp-json\/wp\/v2\/product\/69","targetHints":{"allow":["GET"]}}],"collection":[{"href":"https:\/\/www.podologueelisee.be\/fr\/wp-json\/wp\/v2\/product"}],"about":[{"href":"https:\/\/www.podologueelisee.be\/fr\/wp-json\/wp\/v2\/types\/product"}],"replies":[{"embeddable":true,"href":"https:\/\/www.podologueelisee.be\/fr\/wp-json\/wp\/v2\/comments?post=69"}],"wp:featuredmedia":[{"embeddable":true,"href":"https:\/\/www.podologueelisee.be\/fr\/wp-json\/wp\/v2\/media\/548"}],"wp:attachment":[{"href":"https:\/\/www.podologueelisee.be\/fr\/wp-json\/wp\/v2\/media?parent=69"}],"wp:term":[{"taxonomy":"product_brand","embeddable":true,"href":"https:\/\/www.podologueelisee.be\/fr\/wp-json\/wp\/v2\/product_brand?post=69"},{"taxonomy":"product_cat","embeddable":true,"href":"https:\/\/www.podologueelisee.be\/fr\/wp-json\/wp\/v2\/product_cat?post=69"},{"taxonomy":"product_tag","embeddable":true,"href":"https:\/\/www.podologueelisee.be\/fr\/wp-json\/wp\/v2\/product_tag?post=69"}],"curies":[{"name":"wp","href":"https:\/\/api.w.org\/{rel}","templated":true}]}}