{"id":711,"date":"2024-03-23T01:16:13","date_gmt":"2024-03-23T00:16:13","guid":{"rendered":"https:\/\/www.podologueelisee.be\/?post_type=product&#038;p=711"},"modified":"2024-03-23T01:17:08","modified_gmt":"2024-03-23T00:17:08","slug":"my-nzoto-huile-my-nzoto-oil","status":"publish","type":"product","link":"https:\/\/www.podologueelisee.be\/fr\/produit\/my-nzoto-huile-my-nzoto-oil\/","title":{"rendered":"My Nzoto huile-My Nzoto oil"},"content":{"rendered":"<p>\ud835\udc07\ud835\udc14\ud835\udc08\ud835\udc0b\ud835\udc04 \ud835\udc00\ud835\udc0d\ud835\udc13\ud835\udc08 \ud835\udc02\ud835\udc04\ud835\udc0b\ud835\udc0b\ud835\udc14\ud835\udc0b\ud835\udc08\ud835\udc13\ud835\udc04 \ud835\udc00\ud835\udc0d\ud835\udc13\ud835\udc08 \ud835\udc15\ud835\udc04\ud835\udc11\ud835\udc06\ud835\udc04\ud835\udc13\ud835\udc14\ud835\udc11\ud835\udc04\ud835\udc12<\/p>\n<p>\ud835\udc00\ud835\udc0d\ud835\udc13\ud835\udc08-\ud835\udc12\ud835\udc13\ud835\udc11\ud835\udc04\ud835\udc13\ud835\udc02\ud835\udc07 \ud835\udc0c\ud835\udc00\ud835\udc11\ud835\udc0a \ud835\udc00\ud835\udc0d\ud835\udc03 \ud835\udc00\ud835\udc0d\ud835\udc13\ud835\udc08-\ud835\udc02\ud835\udc04\ud835\udc0b\ud835\udc0b\ud835\udc14\ud835\udc0b\ud835\udc08\ud835\udc13\ud835\udc04 \ud835\udc0e\ud835\udc08\ud835\udc0b<\/p>\n<p>D\u00e9couvrez notre secret, MY\u2606NZOTO, pour une peau lisse et tonique ! Notre huile anti-cellulite et anti-vergetures est votre alli\u00e9e naturelle pour retrouver une peau ferme et \u00e9clatante.<\/p>\n<p>Formul\u00e9e \u00e0 partir d\u2019ingr\u00e9dients naturels soigneusement s\u00e9lectionn\u00e9s, notre huile p\u00e9n\u00e8tre en profondeur pour estomper les vergetures et r\u00e9duire l\u2019apparence de la cellulite.<\/p>\n<p>Prenez soin de votre peau en l\u2019appliquant g\u00e9n\u00e9reusement sur les zones concern\u00e9es, puis massez d\u00e9licatement pour une absorption optimale.<\/p>","protected":false},"excerpt":{"rendered":"<p>\ud835\udc07\ud835\udc14\ud835\udc08\ud835\udc0b\ud835\udc04 \ud835\udc00\ud835\udc0d\ud835\udc13\ud835\udc08 \ud835\udc02\ud835\udc04\ud835\udc0b\ud835\udc0b\ud835\udc14\ud835\udc0b\ud835\udc08\ud835\udc13\ud835\udc04 \ud835\udc00\ud835\udc0d\ud835\udc13\ud835\udc08 \ud835\udc15\ud835\udc04\ud835\udc11\ud835\udc06\ud835\udc04\ud835\udc13\ud835\udc14\ud835\udc11\ud835\udc04\ud835\udc12 \ud835\udc00\ud835\udc0d\ud835\udc13\ud835\udc08-\ud835\udc12\ud835\udc13\ud835\udc11\ud835\udc04\ud835\udc13\ud835\udc02\ud835\udc07 \ud835\udc0c\ud835\udc00\ud835\udc11\ud835\udc0a \ud835\udc00\ud835\udc0d\ud835\udc03 \ud835\udc00\ud835\udc0d\ud835\udc13\ud835\udc08-\ud835\udc02\ud835\udc04\ud835\udc0b\ud835\udc0b\ud835\udc14\ud835\udc0b\ud835\udc08\ud835\udc13\ud835\udc04 \ud835\udc0e\ud835\udc08\ud835\udc0b D\u00e9couvrez notre secret, MY\u2606NZOTO, pour une peau lisse et tonique ! Notre huile anti-cellulite et anti-vergetures est votre alli\u00e9e naturelle &hellip; <\/p>","protected":false},"featured_media":705,"comment_status":"open","ping_status":"closed","template":"","meta":{"_monsterinsights_skip_tracking":false,"_monsterinsights_sitenote_active":false,"_monsterinsights_sitenote_note":"","_monsterinsights_sitenote_category":0},"product_brand":[],"product_cat":[78],"product_tag":[],"class_list":{"0":"post-711","1":"product","2":"type-product","3":"status-publish","4":"has-post-thumbnail","6":"product_cat-soin-corps","8":"first","9":"instock","10":"shipping-taxable","11":"purchasable","12":"product-type-simple"},"aioseo_notices":[],"jetpack_sharing_enabled":true,"_links":{"self":[{"href":"https:\/\/www.podologueelisee.be\/fr\/wp-json\/wp\/v2\/product\/711","targetHints":{"allow":["GET"]}}],"collection":[{"href":"https:\/\/www.podologueelisee.be\/fr\/wp-json\/wp\/v2\/product"}],"about":[{"href":"https:\/\/www.podologueelisee.be\/fr\/wp-json\/wp\/v2\/types\/product"}],"replies":[{"embeddable":true,"href":"https:\/\/www.podologueelisee.be\/fr\/wp-json\/wp\/v2\/comments?post=711"}],"wp:featuredmedia":[{"embeddable":true,"href":"https:\/\/www.podologueelisee.be\/fr\/wp-json\/wp\/v2\/media\/705"}],"wp:attachment":[{"href":"https:\/\/www.podologueelisee.be\/fr\/wp-json\/wp\/v2\/media?parent=711"}],"wp:term":[{"taxonomy":"product_brand","embeddable":true,"href":"https:\/\/www.podologueelisee.be\/fr\/wp-json\/wp\/v2\/product_brand?post=711"},{"taxonomy":"product_cat","embeddable":true,"href":"https:\/\/www.podologueelisee.be\/fr\/wp-json\/wp\/v2\/product_cat?post=711"},{"taxonomy":"product_tag","embeddable":true,"href":"https:\/\/www.podologueelisee.be\/fr\/wp-json\/wp\/v2\/product_tag?post=711"}],"curies":[{"name":"wp","href":"https:\/\/api.w.org\/{rel}","templated":true}]}}