{"id":771,"date":"2024-06-19T20:57:25","date_gmt":"2024-06-19T18:57:25","guid":{"rendered":"https:\/\/www.podologueelisee.be\/?post_type=product&#038;p=771"},"modified":"2024-06-19T21:51:21","modified_gmt":"2024-06-19T19:51:21","slug":"soin-hydratant-ileira-pura","status":"publish","type":"product","link":"https:\/\/www.podologueelisee.be\/fr\/produit\/soin-hydratant-ileira-pura\/","title":{"rendered":"Soin hydratant Ileira Pura-Ileira Pura moisturizing treatment"},"content":{"rendered":"<p>R\u00e9v\u00e9lez l&#8217;\u00e9clat naturel de votre peau avec <strong>Pura Soin Hydratant<\/strong>. Cette \u00e9mulsion unique corrige la surproduction de s\u00e9bum, r\u00e9duit l&#8217;inflammation, hydrate en profondeur et apaise votre peau.<\/p>\n<p>Formul\u00e9 avec des ingr\u00e9dients naturels tels que l&#8217;Aloe Vera, la poudre de Gombo, les huiles essentielles de Verveine et de Carotte, le beurre de Karit\u00e9, de palmarosa et l&#8217;huile de Courge, ce soin est parfait pour revitaliser et r\u00e9g\u00e9n\u00e9rer votre peau. Il convient parfaitement aux peaux sensibles.<\/p>\n<p>Le <strong>Gombo<\/strong>, riche en antioxydants et en vitamine C, fait d&#8217;Ileira Pura soin hydratant votre meilleur alli\u00e9 contre l&#8217;acn\u00e9, le psoriasis, les cicatrices et autres l\u00e9sions cutan\u00e9es.<\/p>\n<p><strong>Offrez \u00e0 votre peau le soin qu&#8217;elle m\u00e9rite avec Ileira Pura.<\/strong><\/p>\n<p>&nbsp;<\/p>\n<p>Reveal your skin&#8217;s natural radiance with Pura Moisturizing Care. This unique emulsion corrects overproduction of sebum, reduces inflammation, deeply hydrates and soothes your skin.<\/p>\n<p>Formulated with natural ingredients such as Aloe Vera, Okra powder, Verbena and Carrot essential oils, Shea butter, and Pumpkin oil, this treatment is perfect for revitalizing and regenerating your skin.<\/p>\n<p>Okra, rich in antioxidants and vitamin C, makes Ileira Pura moisturizing treatment your best ally against acne, psoriasis, scars and other skin lesions.<\/p>\n<p>Give your skin the care it deserves with Ileira Pura.<\/p>","protected":false},"excerpt":{"rendered":"<p>R\u00e9v\u00e9lez l&#8217;\u00e9clat naturel de votre peau avec Pura Soin Hydratant. Cette \u00e9mulsion unique corrige la surproduction de s\u00e9bum, r\u00e9duit l&#8217;inflammation, hydrate en profondeur et apaise votre peau. Formul\u00e9 avec des &hellip; <\/p>","protected":false},"featured_media":772,"comment_status":"open","ping_status":"closed","template":"","meta":{"_monsterinsights_skip_tracking":false,"_monsterinsights_sitenote_active":false,"_monsterinsights_sitenote_note":"","_monsterinsights_sitenote_category":0},"product_brand":[],"product_cat":[17],"product_tag":[],"class_list":{"0":"post-771","1":"product","2":"type-product","3":"status-publish","4":"has-post-thumbnail","6":"product_cat-cremes","8":"first","9":"instock","10":"shipping-taxable","11":"purchasable","12":"product-type-simple"},"aioseo_notices":[],"jetpack_sharing_enabled":true,"_links":{"self":[{"href":"https:\/\/www.podologueelisee.be\/fr\/wp-json\/wp\/v2\/product\/771","targetHints":{"allow":["GET"]}}],"collection":[{"href":"https:\/\/www.podologueelisee.be\/fr\/wp-json\/wp\/v2\/product"}],"about":[{"href":"https:\/\/www.podologueelisee.be\/fr\/wp-json\/wp\/v2\/types\/product"}],"replies":[{"embeddable":true,"href":"https:\/\/www.podologueelisee.be\/fr\/wp-json\/wp\/v2\/comments?post=771"}],"wp:featuredmedia":[{"embeddable":true,"href":"https:\/\/www.podologueelisee.be\/fr\/wp-json\/wp\/v2\/media\/772"}],"wp:attachment":[{"href":"https:\/\/www.podologueelisee.be\/fr\/wp-json\/wp\/v2\/media?parent=771"}],"wp:term":[{"taxonomy":"product_brand","embeddable":true,"href":"https:\/\/www.podologueelisee.be\/fr\/wp-json\/wp\/v2\/product_brand?post=771"},{"taxonomy":"product_cat","embeddable":true,"href":"https:\/\/www.podologueelisee.be\/fr\/wp-json\/wp\/v2\/product_cat?post=771"},{"taxonomy":"product_tag","embeddable":true,"href":"https:\/\/www.podologueelisee.be\/fr\/wp-json\/wp\/v2\/product_tag?post=771"}],"curies":[{"name":"wp","href":"https:\/\/api.w.org\/{rel}","templated":true}]}}