{"id":780,"date":"2024-06-19T22:14:02","date_gmt":"2024-06-19T20:14:02","guid":{"rendered":"https:\/\/www.podologueelisee.be\/?post_type=product&#038;p=780"},"modified":"2024-06-19T22:16:11","modified_gmt":"2024-06-19T20:16:11","slug":"savon-ileira-pura-pour-peaux-a-imperfections-ileira-pura-soap-for-skin-with-imperfections","status":"publish","type":"product","link":"https:\/\/www.podologueelisee.be\/fr\/produit\/savon-ileira-pura-pour-peaux-a-imperfections-ileira-pura-soap-for-skin-with-imperfections\/","title":{"rendered":"Savon Ileira Pura pour peaux \u00e0 imperfections-Ileira Pura soap for skin with imperfections"},"content":{"rendered":"<p>D\u00e9couvrez le savon Ileira Pura pour peaux \u00e0 imperfections :<\/p>\n<p>Votre alli\u00e9 quotidien pour une peau nette et \u00e9clatante ! Formul\u00e9 avec des ingr\u00e9dients naturels et puissants comme l&#8217;Aloe vera, le gombo en poudre, les huiles essentielles de verveine, de palmarosa et de carotte, le beurre de karit\u00e9 et l&#8217;huile de courge, ce soin hydratant d\u00e9sincruste les pores, \u00e9limine en douceur les impuret\u00e9s et l&#8217;exc\u00e8s de s\u00e9bum.<\/p>\n<p>Riche en antioxydants et en vitamine C gr\u00e2ce au gombo, Ileira Pura r\u00e9g\u00e9n\u00e8re votre peau, traite l&#8217;acn\u00e9, le psoriasis, et aide \u00e0 att\u00e9nuer les l\u00e9sions et cicatrices. Adoptez Ileira Pura et r\u00e9v\u00e9lez une peau saine et radieuse chaque jour !<\/p>\n<p>&nbsp;<\/p>\n<p>Discover Ileira Pura soap for skin with imperfections:<\/p>\n<p>Your daily ally for clear and radiant skin! Formulated with natural and powerful ingredients such as Aloe vera, okra powder, verbena and carrot essential oils, shea butter and pumpkin oil, this moisturizing treatment unclogs pores and gently eliminates impurities. and excess sebum.<\/p>\n<p>Rich in antioxidants and vitamin C thanks to okra, Ileira Pura regenerates your skin, treats acne, psoriasis, and helps reduce lesions and scars. Adopt Ileira Pura and reveal healthy, radiant skin every day!<\/p>","protected":false},"excerpt":{"rendered":"<p>D\u00e9couvrez le savon Ileira Pura pour peaux \u00e0 imperfections : Votre alli\u00e9 quotidien pour une peau nette et \u00e9clatante ! Formul\u00e9 avec des ingr\u00e9dients naturels et puissants comme l&#8217;Aloe vera, &hellip; <\/p>","protected":false},"featured_media":783,"comment_status":"open","ping_status":"closed","template":"","meta":{"_monsterinsights_skip_tracking":false,"_monsterinsights_sitenote_active":false,"_monsterinsights_sitenote_note":"","_monsterinsights_sitenote_category":0},"product_brand":[],"product_cat":[70],"product_tag":[],"class_list":{"0":"post-780","1":"product","2":"type-product","3":"status-publish","4":"has-post-thumbnail","6":"product_cat-savon","8":"first","9":"instock","10":"shipping-taxable","11":"purchasable","12":"product-type-simple"},"aioseo_notices":[],"jetpack_sharing_enabled":true,"_links":{"self":[{"href":"https:\/\/www.podologueelisee.be\/fr\/wp-json\/wp\/v2\/product\/780","targetHints":{"allow":["GET"]}}],"collection":[{"href":"https:\/\/www.podologueelisee.be\/fr\/wp-json\/wp\/v2\/product"}],"about":[{"href":"https:\/\/www.podologueelisee.be\/fr\/wp-json\/wp\/v2\/types\/product"}],"replies":[{"embeddable":true,"href":"https:\/\/www.podologueelisee.be\/fr\/wp-json\/wp\/v2\/comments?post=780"}],"wp:featuredmedia":[{"embeddable":true,"href":"https:\/\/www.podologueelisee.be\/fr\/wp-json\/wp\/v2\/media\/783"}],"wp:attachment":[{"href":"https:\/\/www.podologueelisee.be\/fr\/wp-json\/wp\/v2\/media?parent=780"}],"wp:term":[{"taxonomy":"product_brand","embeddable":true,"href":"https:\/\/www.podologueelisee.be\/fr\/wp-json\/wp\/v2\/product_brand?post=780"},{"taxonomy":"product_cat","embeddable":true,"href":"https:\/\/www.podologueelisee.be\/fr\/wp-json\/wp\/v2\/product_cat?post=780"},{"taxonomy":"product_tag","embeddable":true,"href":"https:\/\/www.podologueelisee.be\/fr\/wp-json\/wp\/v2\/product_tag?post=780"}],"curies":[{"name":"wp","href":"https:\/\/api.w.org\/{rel}","templated":true}]}}