{"id":787,"date":"2024-06-19T22:33:15","date_gmt":"2024-06-19T20:33:15","guid":{"rendered":"https:\/\/www.podologueelisee.be\/?post_type=product&#038;p=787"},"modified":"2025-08-01T01:46:04","modified_gmt":"2025-07-31T23:46:04","slug":"serum-pigma-control-pigma-control-serum","status":"publish","type":"product","link":"https:\/\/www.podologueelisee.be\/fr\/produit\/serum-pigma-control-pigma-control-serum\/","title":{"rendered":"S\u00e9rum Pigma Control-Pigma Control Serum"},"content":{"rendered":"<p>D\u00e9couvrez le pouvoir transformateur du S\u00e9rum Pigma Control. Enrichi en huile essentielle de carotte, aloe vera et rose de damas, ce s\u00e9rum r\u00e9volutionnaire est votre alli\u00e9 contre les taches pigmentaires. Obtenez un teint plus uniforme et \u00e9clatant naturellement. Id\u00e9al pour les peaux r\u00e9actives, sa formule \u00e0 l&#8217;huile de courge apaise et nourrit, pour une peau visiblement plus saine et apais\u00e9e.<\/p>\n<p>&nbsp;<\/p>\n<p>Discover the transformative power of Pigma Control Serum. Enriched with essential oils of carrot, aloe vera and damask rose, this revolutionary serum is your ally against pigment spots. Get a more even, radiant complexion naturally. Ideal for reactive skin, its formula with pumpkin oil soothes and nourishes, for visibly healthier and soothed skin.<\/p>\n<p>&nbsp;<\/p>\n<pre id=\"tw-target-text\" class=\"tw-data-text tw-text-large tw-ta\" dir=\"ltr\" data-placeholder=\"Traduction\" aria-label=\"Texte traduit\" data-ved=\"2ahUKEwiYpLfRwOiGAxWOUkEAHSh7DGkQ3ewLegQIFBAU\"><\/pre>\n<p>&nbsp;<\/p>","protected":false},"excerpt":{"rendered":"<p>D\u00e9couvrez le pouvoir transformateur du S\u00e9rum Pigma Control. Enrichi en huile essentielle de carotte, aloe vera et rose de damas, ce s\u00e9rum r\u00e9volutionnaire est votre alli\u00e9 contre les taches pigmentaires. &hellip; <\/p>","protected":false},"featured_media":793,"comment_status":"open","ping_status":"closed","template":"","meta":{"_monsterinsights_skip_tracking":false,"_monsterinsights_sitenote_active":false,"_monsterinsights_sitenote_note":"","_monsterinsights_sitenote_category":0},"product_brand":[],"product_cat":[79],"product_tag":[],"class_list":{"0":"post-787","1":"product","2":"type-product","3":"status-publish","4":"has-post-thumbnail","6":"product_cat-serum","8":"first","9":"instock","10":"shipping-taxable","11":"purchasable","12":"product-type-simple"},"aioseo_notices":[],"jetpack_sharing_enabled":true,"_links":{"self":[{"href":"https:\/\/www.podologueelisee.be\/fr\/wp-json\/wp\/v2\/product\/787","targetHints":{"allow":["GET"]}}],"collection":[{"href":"https:\/\/www.podologueelisee.be\/fr\/wp-json\/wp\/v2\/product"}],"about":[{"href":"https:\/\/www.podologueelisee.be\/fr\/wp-json\/wp\/v2\/types\/product"}],"replies":[{"embeddable":true,"href":"https:\/\/www.podologueelisee.be\/fr\/wp-json\/wp\/v2\/comments?post=787"}],"wp:featuredmedia":[{"embeddable":true,"href":"https:\/\/www.podologueelisee.be\/fr\/wp-json\/wp\/v2\/media\/793"}],"wp:attachment":[{"href":"https:\/\/www.podologueelisee.be\/fr\/wp-json\/wp\/v2\/media?parent=787"}],"wp:term":[{"taxonomy":"product_brand","embeddable":true,"href":"https:\/\/www.podologueelisee.be\/fr\/wp-json\/wp\/v2\/product_brand?post=787"},{"taxonomy":"product_cat","embeddable":true,"href":"https:\/\/www.podologueelisee.be\/fr\/wp-json\/wp\/v2\/product_cat?post=787"},{"taxonomy":"product_tag","embeddable":true,"href":"https:\/\/www.podologueelisee.be\/fr\/wp-json\/wp\/v2\/product_tag?post=787"}],"curies":[{"name":"wp","href":"https:\/\/api.w.org\/{rel}","templated":true}]}}